{"id":141002,"date":"2024-07-24T08:00:58","date_gmt":"2024-07-24T15:00:58","guid":{"rendered":"https:\/\/glandine.com\/product\/dolce-gabbana-elegante-sonnenbrille-mit-rosa-farbverlauf\/"},"modified":"2024-11-30T05:00:54","modified_gmt":"2024-11-30T04:00:54","slug":"dolce-gabbana-elegante-sonnenbrille-mit-rosa-farbverlauf","status":"publish","type":"product","link":"https:\/\/tpmadalina42.supserv.cozmoslabs.com\/fi\/tuote-2\/dolce-gabbana-elegante-sonnenbrille-mit-rosa-farbverlauf\/","title":{"rendered":"Dolce &amp; Gabbana Tyylikk\u00e4\u00e4t vaaleanpunaiset gradienttiaurinkolasit"},"content":{"rendered":"<p>Gehen Sie selbstbewusst und stilvoll in die Sonne mit dieser exquisit gefertigten Sonnenbrille von <strong>Dolce &amp; Gabbana<\/strong>. Die hochwertigen Rahmen aus 100% Acetat sind sowohl langlebig als auch elegant und passen perfekt zur modernen Frau. Die grauen Verlaufsgl\u00e4ser sorgen nicht nur f\u00fcr einen schicken Touch, sondern bieten auch den notwendigen 100%igen UV-Schutz f\u00fcr Ihre Augen. Diese in Italien gefertigte Sonnenbrille ist eine Mischung aus Luxus und Funktionalit\u00e4t, ideal f\u00fcr den t\u00e4glichen Gebrauch.<\/p>\n<ul>\n<li>V\u00e4ri: Pinkki<\/li>\n<li>Materiaali: 100% asetaatti<\/li>\n<li>Gl\u00e4ser: Grau, 100% UV-Schutz<\/li>\n<li>Alkuper\u00e4maa: Italia<\/li>\n<\/ul>","protected":false},"excerpt":{"rendered":"<p>Gehen Sie selbstbewusst und stilvoll in die Sonne mit dieser exquisit gefertigten Sonnenbrille von Dolce &amp; Gabbana. Die hochwertigen Rahmen aus 100% Acetat sind sowohl langlebig als auch elegant und passen perfekt zur modernen Frau. Die grauen Verlaufsgl\u00e4ser sorgen nicht nur f\u00fcr einen schicken Touch, sondern bieten auch den notwendigen 100%igen UV-Schutz f\u00fcr Ihre Augen. [&hellip;]<\/p>","protected":false},"featured_media":140994,"template":"","meta":[],"product_brand":[1620],"product_cat":[1627,1640],"product_tag":[],"class_list":{"0":"post-141002","1":"product","2":"type-product","3":"status-publish","4":"has-post-thumbnail","6":"product_brand-dolce-gabbana","7":"product_cat-sonnenbrille","8":"product_cat-sonnenbrillen-fuer-frauen","10":"first","11":"instock","12":"sale","13":"taxable","14":"shipping-taxable","15":"purchasable","16":"product-type-simple"},"_links":{"self":[{"href":"https:\/\/tpmadalina42.supserv.cozmoslabs.com\/fi\/wp-json\/wp\/v2\/product\/141002","targetHints":{"allow":["GET"]}}],"collection":[{"href":"https:\/\/tpmadalina42.supserv.cozmoslabs.com\/fi\/wp-json\/wp\/v2\/product"}],"about":[{"href":"https:\/\/tpmadalina42.supserv.cozmoslabs.com\/fi\/wp-json\/wp\/v2\/types\/product"}],"wp:featuredmedia":[{"embeddable":true,"href":"https:\/\/tpmadalina42.supserv.cozmoslabs.com\/fi\/wp-json\/wp\/v2\/media\/140994"}],"wp:attachment":[{"href":"https:\/\/tpmadalina42.supserv.cozmoslabs.com\/fi\/wp-json\/wp\/v2\/media?parent=141002"}],"wp:term":[{"taxonomy":"product_brand","embeddable":true,"href":"https:\/\/tpmadalina42.supserv.cozmoslabs.com\/fi\/wp-json\/wp\/v2\/product_brand?post=141002"},{"taxonomy":"product_cat","embeddable":true,"href":"https:\/\/tpmadalina42.supserv.cozmoslabs.com\/fi\/wp-json\/wp\/v2\/product_cat?post=141002"},{"taxonomy":"product_tag","embeddable":true,"href":"https:\/\/tpmadalina42.supserv.cozmoslabs.com\/fi\/wp-json\/wp\/v2\/product_tag?post=141002"}],"curies":[{"name":"wp","href":"https:\/\/api.w.org\/{rel}","templated":true}]}}