{"id":141011,"date":"2024-07-24T08:01:23","date_gmt":"2024-07-24T15:01:23","guid":{"rendered":"https:\/\/glandine.com\/product\/dolce-gabbana-schicke-gelbe-sonnenbrille-aus-acetat-mit-farbverlauf\/"},"modified":"2024-11-30T05:00:57","modified_gmt":"2024-11-30T04:00:57","slug":"dolce-gabbana-schicke-gelbe-sonnenbrille-aus-acetat-mit-farbverlauf","status":"publish","type":"product","link":"https:\/\/tpmadalina42.supserv.cozmoslabs.com\/fi\/tuote-2\/dolce-gabbana-schicke-gelbe-sonnenbrille-aus-acetat-mit-farbverlauf\/","title":{"rendered":"Dolce &amp; Gabbana Chic keltaiset gradienttiasetaattiaurinkolasit"},"content":{"rendered":"<p>Gehen Sie stilvoll aus mit dieser exquisiten Sonnenbrille von Dolce &amp; Gabbana, die f\u00fcr die modebewusste Frau entworfen wurde. Mit ihren grauen Verlaufsgl\u00e4sern, die einen 100%igen UVA-Schutz gew\u00e4hrleisten, l\u00e4sst Sie diese Brille bei jedem Licht im Schatten und schick aussehen. Der \u00fcppige gelbe Acetat-Rahmen strahlt einen Hauch von Glamour und Sinnlichkeit aus und ist perfekt geeignet, um Ihrer Alltagsgarderobe einen Farbakzent zu verleihen. Mit der Finesse italienischer Handwerkskunst gefertigt, ist diese Sonnenbrille mehr als nur ein Accessoire: Sie ist ein Statement.<\/p>\n<ul>\n<li>V\u00e4ri: Keltainen<\/li>\n<li>Materiaali: 100% asetaatti<\/li>\n<li>Gl\u00e4ser: Grau, 100% UV-Schutz<\/li>\n<li>Alkuper\u00e4maa: Italia<\/li>\n<\/ul>","protected":false},"excerpt":{"rendered":"<p>Gehen Sie stilvoll aus mit dieser exquisiten Sonnenbrille von Dolce &amp; Gabbana, die f\u00fcr die modebewusste Frau entworfen wurde. Mit ihren grauen Verlaufsgl\u00e4sern, die einen 100%igen UVA-Schutz gew\u00e4hrleisten, l\u00e4sst Sie diese Brille bei jedem Licht im Schatten und schick aussehen. Der \u00fcppige gelbe Acetat-Rahmen strahlt einen Hauch von Glamour und Sinnlichkeit aus und ist perfekt [&hellip;]<\/p>","protected":false},"featured_media":141003,"template":"","meta":[],"product_brand":[1620],"product_cat":[1627,1640],"product_tag":[],"class_list":{"0":"post-141011","1":"product","2":"type-product","3":"status-publish","4":"has-post-thumbnail","6":"product_brand-dolce-gabbana","7":"product_cat-sonnenbrille","8":"product_cat-sonnenbrillen-fuer-frauen","10":"first","11":"instock","12":"sale","13":"taxable","14":"shipping-taxable","15":"purchasable","16":"product-type-simple"},"_links":{"self":[{"href":"https:\/\/tpmadalina42.supserv.cozmoslabs.com\/fi\/wp-json\/wp\/v2\/product\/141011","targetHints":{"allow":["GET"]}}],"collection":[{"href":"https:\/\/tpmadalina42.supserv.cozmoslabs.com\/fi\/wp-json\/wp\/v2\/product"}],"about":[{"href":"https:\/\/tpmadalina42.supserv.cozmoslabs.com\/fi\/wp-json\/wp\/v2\/types\/product"}],"wp:featuredmedia":[{"embeddable":true,"href":"https:\/\/tpmadalina42.supserv.cozmoslabs.com\/fi\/wp-json\/wp\/v2\/media\/141003"}],"wp:attachment":[{"href":"https:\/\/tpmadalina42.supserv.cozmoslabs.com\/fi\/wp-json\/wp\/v2\/media?parent=141011"}],"wp:term":[{"taxonomy":"product_brand","embeddable":true,"href":"https:\/\/tpmadalina42.supserv.cozmoslabs.com\/fi\/wp-json\/wp\/v2\/product_brand?post=141011"},{"taxonomy":"product_cat","embeddable":true,"href":"https:\/\/tpmadalina42.supserv.cozmoslabs.com\/fi\/wp-json\/wp\/v2\/product_cat?post=141011"},{"taxonomy":"product_tag","embeddable":true,"href":"https:\/\/tpmadalina42.supserv.cozmoslabs.com\/fi\/wp-json\/wp\/v2\/product_tag?post=141011"}],"curies":[{"name":"wp","href":"https:\/\/api.w.org\/{rel}","templated":true}]}}