{"id":141076,"date":"2024-07-24T08:04:35","date_gmt":"2024-07-24T15:04:35","guid":{"rendered":"https:\/\/glandine.com\/product\/versace-elegantes-portemonnaie-aus-gestepptem-leder-in-lila\/"},"modified":"2024-11-30T05:01:46","modified_gmt":"2024-11-30T04:01:46","slug":"versace-elegantes-portemonnaie-aus-gestepptem-leder-in-lila","status":"publish","type":"product","link":"https:\/\/tpmadalina42.supserv.cozmoslabs.com\/fi\/tuote-2\/versace-elegantti-violetti-tikattu-nahkainen-lompakko\/","title":{"rendered":"Versace Elegant lompakko violettia tikattua nahkaa"},"content":{"rendered":"<p>Tutustu hienostuneisuuteen silmiinpist\u00e4v\u00e4n Versace Bifold Zip -lompakon kanssa, joka on osoitus ajattomasta tyylikkyydest\u00e4 ja toimivuudesta. T\u00e4ss\u00e4 ylellisess\u00e4 asusteessa on mukana alkuper\u00e4iset tunnisteet, laatikko ja p\u00f6lypussi, ja se hurmaa runsaalla violetilla v\u00e4ris\u00e4vyll\u00e4\u00e4n ja pehme\u00e4ll\u00e4, tikattua nappanahkaa olevalla viimeistelyll\u00e4\u00e4n.<\/p>\n<p>Muoti kohtaa k\u00e4yt\u00e4nn\u00f6llisyyden turvallisen vetoketjun ja nepparikiinnityksen kanssa, jota korostaa ikoninen kullanv\u00e4rinen Medusa-logo. Laukun sis\u00e4tilat tarjoavat t\u00e4ydellisen j\u00e4rjestelyn kahdella p\u00e4\u00e4lokerolla ja kuudella korttipaikalla, jotka takaavat, ett\u00e4 t\u00e4rkeimm\u00e4t tavarasi ovat aina j\u00e4rjestyksess\u00e4 ja tyylikk\u00e4\u00e4sti.<\/p>\n<ul>\n<li>Materiaali: Tikattu nappanahka<\/li>\n<li>V\u00e4ri: violetti<\/li>\n<li>Mitat: 12cm*9cm*3cm<\/li>\n<li>Alkuper\u00e4maa: IT<\/li>\n<\/ul>","protected":false},"excerpt":{"rendered":"<p>Entdecken Sie Raffinesse mit unserer auff\u00e4lligen Versace Bifold Zip Wallet, einem Beweis f\u00fcr zeitlose Eleganz und Funktionalit\u00e4t. Dieses luxuri\u00f6se Accessoire, komplett mit Original-Etiketten, Box und Staubbeutel, verzaubert mit seinem satten violetten Farbton und der pl\u00fcschigen, gesteppten Nappaleder-Verarbeitung. Mit dem sicheren Rei\u00dfverschluss und den Schnappverschl\u00fcssen, die durch das ikonische goldfarbene Medusa-Logo akzentuiert werden, trifft Mode auf [&hellip;]<\/p>","protected":false},"featured_media":141070,"template":"","meta":[],"product_brand":[2120],"product_cat":[1630,1722,1674],"product_tag":[],"class_list":{"0":"post-141076","1":"product","2":"type-product","3":"status-publish","4":"has-post-thumbnail","6":"product_brand-versace","7":"product_cat-frauen","8":"product_cat-geldboersen-frauen","9":"product_cat-leder-accessoires","11":"first","12":"instock","13":"sale","14":"taxable","15":"shipping-taxable","16":"purchasable","17":"product-type-simple"},"_links":{"self":[{"href":"https:\/\/tpmadalina42.supserv.cozmoslabs.com\/fi\/wp-json\/wp\/v2\/product\/141076","targetHints":{"allow":["GET"]}}],"collection":[{"href":"https:\/\/tpmadalina42.supserv.cozmoslabs.com\/fi\/wp-json\/wp\/v2\/product"}],"about":[{"href":"https:\/\/tpmadalina42.supserv.cozmoslabs.com\/fi\/wp-json\/wp\/v2\/types\/product"}],"wp:featuredmedia":[{"embeddable":true,"href":"https:\/\/tpmadalina42.supserv.cozmoslabs.com\/fi\/wp-json\/wp\/v2\/media\/141070"}],"wp:attachment":[{"href":"https:\/\/tpmadalina42.supserv.cozmoslabs.com\/fi\/wp-json\/wp\/v2\/media?parent=141076"}],"wp:term":[{"taxonomy":"product_brand","embeddable":true,"href":"https:\/\/tpmadalina42.supserv.cozmoslabs.com\/fi\/wp-json\/wp\/v2\/product_brand?post=141076"},{"taxonomy":"product_cat","embeddable":true,"href":"https:\/\/tpmadalina42.supserv.cozmoslabs.com\/fi\/wp-json\/wp\/v2\/product_cat?post=141076"},{"taxonomy":"product_tag","embeddable":true,"href":"https:\/\/tpmadalina42.supserv.cozmoslabs.com\/fi\/wp-json\/wp\/v2\/product_tag?post=141076"}],"curies":[{"name":"wp","href":"https:\/\/api.w.org\/{rel}","templated":true}]}}