{"id":141351,"date":"2024-07-24T17:19:47","date_gmt":"2024-07-24T15:19:47","guid":{"rendered":"https:\/\/glandine.com\/product\/dolce-gabbana-schicke-leopard-knoechelriemen-sandale\/"},"modified":"2024-12-13T08:35:50","modified_gmt":"2024-12-13T07:35:50","slug":"dolce-gabbana-schicke-leopard-knoechelriemen-sandale","status":"publish","type":"product","link":"https:\/\/tpmadalina42.supserv.cozmoslabs.com\/fi\/tuote-2\/dolce-gabbana-schicke-leopard-knoechelriemen-sandale\/","title":{"rendered":"Dolce &amp; Gabbana Schicke Leopard-Kn\u00f6chelriemen-Sandale"},"content":{"rendered":"<p>Treten Sie ein in den Luxus mit diesen atemberaubenden, brandneuen <strong>Dolce &amp; Gabbana <\/strong>Riemchensandalen. Die eleganten Abs\u00e4tze mit Leopardenprint sind mit charmanten Blumenverzierungen geschm\u00fcckt und verk\u00f6rpern die perfekte Mischung aus dem Reiz der Natur und High Fashion. Diese Sandalen sind der Inbegriff italienischer Handwerkskunst und eignen sich perfekt, um jedem Ensemble ein gewagtes Statement hinzuzuf\u00fcgen.<\/p>\n<p><strong>V\u00e4ri:<\/strong> Braun, Leopardenmuster<br \/>\n<strong>Materiaali:<\/strong> 100% Leder<br \/>\n<strong>Alkuper\u00e4maa:<\/strong> IT<br \/>\n<strong>Logo:<\/strong> Details<br \/>\nValmistettu Italiassa<\/p>","protected":false},"excerpt":{"rendered":"<p>Treten Sie ein in den Luxus mit diesen atemberaubenden, brandneuen Dolce &amp; Gabbana Riemchensandalen. Die eleganten Abs\u00e4tze mit Leopardenprint sind mit charmanten Blumenverzierungen geschm\u00fcckt und verk\u00f6rpern die perfekte Mischung aus dem Reiz der Natur und High Fashion. Diese Sandalen sind der Inbegriff italienischer Handwerkskunst und eignen sich perfekt, um jedem Ensemble ein gewagtes Statement hinzuzuf\u00fcgen. [&hellip;]<\/p>","protected":false},"featured_media":141343,"template":"","meta":[],"product_brand":[1620],"product_cat":[1635,1688,1624],"product_tag":[],"class_list":{"0":"post-141351","1":"product","2":"type-product","3":"status-publish","4":"has-post-thumbnail","6":"product_brand-dolce-gabbana","7":"product_cat-frauen-schuhe","8":"product_cat-pumpen","9":"product_cat-schuhe","11":"first","12":"instock","13":"sale","14":"taxable","15":"shipping-taxable","16":"purchasable","17":"product-type-variable"},"_links":{"self":[{"href":"https:\/\/tpmadalina42.supserv.cozmoslabs.com\/fi\/wp-json\/wp\/v2\/product\/141351","targetHints":{"allow":["GET"]}}],"collection":[{"href":"https:\/\/tpmadalina42.supserv.cozmoslabs.com\/fi\/wp-json\/wp\/v2\/product"}],"about":[{"href":"https:\/\/tpmadalina42.supserv.cozmoslabs.com\/fi\/wp-json\/wp\/v2\/types\/product"}],"wp:featuredmedia":[{"embeddable":true,"href":"https:\/\/tpmadalina42.supserv.cozmoslabs.com\/fi\/wp-json\/wp\/v2\/media\/141343"}],"wp:attachment":[{"href":"https:\/\/tpmadalina42.supserv.cozmoslabs.com\/fi\/wp-json\/wp\/v2\/media?parent=141351"}],"wp:term":[{"taxonomy":"product_brand","embeddable":true,"href":"https:\/\/tpmadalina42.supserv.cozmoslabs.com\/fi\/wp-json\/wp\/v2\/product_brand?post=141351"},{"taxonomy":"product_cat","embeddable":true,"href":"https:\/\/tpmadalina42.supserv.cozmoslabs.com\/fi\/wp-json\/wp\/v2\/product_cat?post=141351"},{"taxonomy":"product_tag","embeddable":true,"href":"https:\/\/tpmadalina42.supserv.cozmoslabs.com\/fi\/wp-json\/wp\/v2\/product_tag?post=141351"}],"curies":[{"name":"wp","href":"https:\/\/api.w.org\/{rel}","templated":true}]}}