{"id":141362,"date":"2024-07-24T08:20:27","date_gmt":"2024-07-24T15:20:27","guid":{"rendered":"https:\/\/glandine.com\/product\/dolce-gabbana-elegante-florale-kristall-pumps\/"},"modified":"2024-12-10T09:37:37","modified_gmt":"2024-12-10T08:37:37","slug":"dolce-gabbana-elegante-florale-kristall-pumps","status":"publish","type":"product","link":"https:\/\/tpmadalina42.supserv.cozmoslabs.com\/fi\/tuote-2\/dolce-gabbana-elegante-florale-kristall-pumps\/","title":{"rendered":"Dolce &amp; Gabbana Elegante florale Kristall-Pumps"},"content":{"rendered":"<p>Steigen Sie ein in den Luxus mit diesen exquisiten Lackleder-Pumps von <strong>Dolce &amp; Gabbana<\/strong>. Diese Pumps sind ein Meisterwerk, das mit einem raffinierten Blumenprint und glamour\u00f6sen Kristallverzierungen aufwartet. Sie sind nicht nur ein modisches Statement, sondern versprechen auch ein H\u00f6chstma\u00df an Qualit\u00e4t und Komfort. Die in Italien gefertigten Stilettos sind ein Muss f\u00fcr jede modebewusste Garderobe.<\/p>\n<ul>\n<li>Materiaali: nahka<\/li>\n<li>Alkuper\u00e4maa: IT<\/li>\n<li>V\u00e4ri: Musta<\/li>\n<li>Logon yksityiskohdat<\/li>\n<\/ul>","protected":false},"excerpt":{"rendered":"<p>Steigen Sie ein in den Luxus mit diesen exquisiten Lackleder-Pumps von Dolce &amp; Gabbana. Diese Pumps sind ein Meisterwerk, das mit einem raffinierten Blumenprint und glamour\u00f6sen Kristallverzierungen aufwartet. Sie sind nicht nur ein modisches Statement, sondern versprechen auch ein H\u00f6chstma\u00df an Qualit\u00e4t und Komfort. Die in Italien gefertigten Stilettos sind ein Muss f\u00fcr jede modebewusste [&hellip;]<\/p>","protected":false},"featured_media":141354,"template":"","meta":[],"product_brand":[1620],"product_cat":[1635,1688,1624],"product_tag":[],"class_list":{"0":"post-141362","1":"product","2":"type-product","3":"status-publish","4":"has-post-thumbnail","6":"product_brand-dolce-gabbana","7":"product_cat-frauen-schuhe","8":"product_cat-pumpen","9":"product_cat-schuhe","11":"first","12":"instock","13":"sale","14":"taxable","15":"shipping-taxable","16":"purchasable","17":"product-type-variable"},"_links":{"self":[{"href":"https:\/\/tpmadalina42.supserv.cozmoslabs.com\/fi\/wp-json\/wp\/v2\/product\/141362","targetHints":{"allow":["GET"]}}],"collection":[{"href":"https:\/\/tpmadalina42.supserv.cozmoslabs.com\/fi\/wp-json\/wp\/v2\/product"}],"about":[{"href":"https:\/\/tpmadalina42.supserv.cozmoslabs.com\/fi\/wp-json\/wp\/v2\/types\/product"}],"wp:featuredmedia":[{"embeddable":true,"href":"https:\/\/tpmadalina42.supserv.cozmoslabs.com\/fi\/wp-json\/wp\/v2\/media\/141354"}],"wp:attachment":[{"href":"https:\/\/tpmadalina42.supserv.cozmoslabs.com\/fi\/wp-json\/wp\/v2\/media?parent=141362"}],"wp:term":[{"taxonomy":"product_brand","embeddable":true,"href":"https:\/\/tpmadalina42.supserv.cozmoslabs.com\/fi\/wp-json\/wp\/v2\/product_brand?post=141362"},{"taxonomy":"product_cat","embeddable":true,"href":"https:\/\/tpmadalina42.supserv.cozmoslabs.com\/fi\/wp-json\/wp\/v2\/product_cat?post=141362"},{"taxonomy":"product_tag","embeddable":true,"href":"https:\/\/tpmadalina42.supserv.cozmoslabs.com\/fi\/wp-json\/wp\/v2\/product_tag?post=141362"}],"curies":[{"name":"wp","href":"https:\/\/api.w.org\/{rel}","templated":true}]}}