{"id":142371,"date":"2024-07-24T09:21:51","date_gmt":"2024-07-24T16:21:51","guid":{"rendered":"https:\/\/glandine.com\/product\/versace-elegante-herren-loafers-aus-schwarzem-kalbsleder\/"},"modified":"2024-11-30T05:41:48","modified_gmt":"2024-11-30T04:41:48","slug":"versace-elegante-herren-loafers-aus-schwarzem-kalbsleder","status":"publish","type":"product","link":"https:\/\/tpmadalina42.supserv.cozmoslabs.com\/fi\/tuote-2\/versace-elegante-herren-loafers-aus-schwarzem-kalbsleder\/","title":{"rendered":"Versace Elegant miesten housut mustaa vasikannahkaa"},"content":{"rendered":"<p>Treten Sie ein in den Luxus mit diesen 100% authentischen Versace Herren Slippern, perfekt f\u00fcr den anspruchsvollen Gentleman. Diese exquisiten Schuhe kommen brandneu mit original Box, Etiketten und Staubbeutel, um ihren tadellosen Zustand zu gew\u00e4hrleisten. Die Loafer pr\u00e4sentieren ein zeitloses Design mit goldfarbenen Metallbeschl\u00e4gen, die mit dem kultigen Versace-Logo verziert sind und jedem Ensemble einen Hauch von Raffinesse verleihen.<\/p>\n<ul>\n<li>V\u00e4ri: Musta<\/li>\n<li>Materiaali: vasikan nahka<\/li>\n<li>Alkuper\u00e4maa: CN<\/li>\n<\/ul>","protected":false},"excerpt":{"rendered":"<p>Treten Sie ein in den Luxus mit diesen 100% authentischen Versace Herren Slippern, perfekt f\u00fcr den anspruchsvollen Gentleman. Diese exquisiten Schuhe kommen brandneu mit original Box, Etiketten und Staubbeutel, um ihren tadellosen Zustand zu gew\u00e4hrleisten. Die Loafer pr\u00e4sentieren ein zeitloses Design mit goldfarbenen Metallbeschl\u00e4gen, die mit dem kultigen Versace-Logo verziert sind und jedem Ensemble einen [&hellip;]<\/p>","protected":false},"featured_media":142364,"template":"","meta":[],"product_brand":[2120],"product_cat":[1634,1676,1624],"product_tag":[],"class_list":{"0":"post-142371","1":"product","2":"type-product","3":"status-publish","4":"has-post-thumbnail","6":"product_brand-versace","7":"product_cat-maenner-schuhe","8":"product_cat-faulenzer","9":"product_cat-schuhe","11":"first","12":"instock","13":"sale","14":"taxable","15":"shipping-taxable","16":"purchasable","17":"product-type-variable"},"_links":{"self":[{"href":"https:\/\/tpmadalina42.supserv.cozmoslabs.com\/fi\/wp-json\/wp\/v2\/product\/142371","targetHints":{"allow":["GET"]}}],"collection":[{"href":"https:\/\/tpmadalina42.supserv.cozmoslabs.com\/fi\/wp-json\/wp\/v2\/product"}],"about":[{"href":"https:\/\/tpmadalina42.supserv.cozmoslabs.com\/fi\/wp-json\/wp\/v2\/types\/product"}],"wp:featuredmedia":[{"embeddable":true,"href":"https:\/\/tpmadalina42.supserv.cozmoslabs.com\/fi\/wp-json\/wp\/v2\/media\/142364"}],"wp:attachment":[{"href":"https:\/\/tpmadalina42.supserv.cozmoslabs.com\/fi\/wp-json\/wp\/v2\/media?parent=142371"}],"wp:term":[{"taxonomy":"product_brand","embeddable":true,"href":"https:\/\/tpmadalina42.supserv.cozmoslabs.com\/fi\/wp-json\/wp\/v2\/product_brand?post=142371"},{"taxonomy":"product_cat","embeddable":true,"href":"https:\/\/tpmadalina42.supserv.cozmoslabs.com\/fi\/wp-json\/wp\/v2\/product_cat?post=142371"},{"taxonomy":"product_tag","embeddable":true,"href":"https:\/\/tpmadalina42.supserv.cozmoslabs.com\/fi\/wp-json\/wp\/v2\/product_tag?post=142371"}],"curies":[{"name":"wp","href":"https:\/\/api.w.org\/{rel}","templated":true}]}}