{"id":142529,"date":"2024-07-24T09:29:51","date_gmt":"2024-07-24T16:29:51","guid":{"rendered":"https:\/\/glandine.com\/product\/dolce-gabbana-opulenter-taschenriemen-aus-pythonleder-in-beige\/"},"modified":"2024-11-30T05:43:11","modified_gmt":"2024-11-30T04:43:11","slug":"dolce-gabbana-opulenter-taschenriemen-aus-pythonleder-in-beige","status":"publish","type":"product","link":"https:\/\/tpmadalina42.supserv.cozmoslabs.com\/fi\/tuote-2\/dolce-gabbana-opulenter-taschenriemen-aus-pythonleder-in-beige\/","title":{"rendered":"Dolce &amp; Gabbana Ylellinen laukkuhihna, joka on valmistettu python-nahasta beigen v\u00e4risen\u00e4"},"content":{"rendered":"<p>Erweitern Sie Ihre Accessoire-Kollektion mit diesem schicken und luxuri\u00f6sen Umh\u00e4ngetaschengurt aus dem gesch\u00e4tzten Hause Dolce &amp; Gabbana. Dieser brandneue, mit dem Etikett versehene Riemen besticht durch seinen exquisiten beigen Farbton, der Eleganz ausstrahlt, und wurde aus feinstem Pythonleder gefertigt. Sein strapazierf\u00e4higes Design ist mit goldfarbenen Metalldetails verziert, darunter zwei Karabinerverschl\u00fcsse, die eine sichere und stilvolle Erg\u00e4nzung zu Ihren Lieblingshandtaschen gew\u00e4hrleisten.<\/p>\n<p>Dieses in Italien gefertigte St\u00fcck ist nicht nur ein Beweis f\u00fcr Ihren tadellosen Geschmack, sondern auch f\u00fcr Ihre Liebe zu hochwertiger Handwerkskunst.<\/p>\n<ul>\n<li>Farbe: Beige mit goldenen Metallverzierungen<\/li>\n<li>Material: 100% Pythonleder<\/li>\n<li>Alkuper\u00e4maa: Italia<\/li>\n<li>Abmessungen: 100cm x 3cm<\/li>\n<\/ul>","protected":false},"excerpt":{"rendered":"<p>Erweitern Sie Ihre Accessoire-Kollektion mit diesem schicken und luxuri\u00f6sen Umh\u00e4ngetaschengurt aus dem gesch\u00e4tzten Hause Dolce &amp; Gabbana. Dieser brandneue, mit dem Etikett versehene Riemen besticht durch seinen exquisiten beigen Farbton, der Eleganz ausstrahlt, und wurde aus feinstem Pythonleder gefertigt. Sein strapazierf\u00e4higes Design ist mit goldfarbenen Metalldetails verziert, darunter zwei Karabinerverschl\u00fcsse, die eine sichere und stilvolle [&hellip;]<\/p>","protected":false},"featured_media":142524,"template":"","meta":[],"product_brand":[1620],"product_cat":[1630,1674],"product_tag":[],"class_list":{"0":"post-142529","1":"product","2":"type-product","3":"status-publish","4":"has-post-thumbnail","6":"product_brand-dolce-gabbana","7":"product_cat-frauen","8":"product_cat-leder-accessoires","10":"first","11":"instock","12":"sale","13":"taxable","14":"shipping-taxable","15":"purchasable","16":"product-type-simple"},"_links":{"self":[{"href":"https:\/\/tpmadalina42.supserv.cozmoslabs.com\/fi\/wp-json\/wp\/v2\/product\/142529","targetHints":{"allow":["GET"]}}],"collection":[{"href":"https:\/\/tpmadalina42.supserv.cozmoslabs.com\/fi\/wp-json\/wp\/v2\/product"}],"about":[{"href":"https:\/\/tpmadalina42.supserv.cozmoslabs.com\/fi\/wp-json\/wp\/v2\/types\/product"}],"wp:featuredmedia":[{"embeddable":true,"href":"https:\/\/tpmadalina42.supserv.cozmoslabs.com\/fi\/wp-json\/wp\/v2\/media\/142524"}],"wp:attachment":[{"href":"https:\/\/tpmadalina42.supserv.cozmoslabs.com\/fi\/wp-json\/wp\/v2\/media?parent=142529"}],"wp:term":[{"taxonomy":"product_brand","embeddable":true,"href":"https:\/\/tpmadalina42.supserv.cozmoslabs.com\/fi\/wp-json\/wp\/v2\/product_brand?post=142529"},{"taxonomy":"product_cat","embeddable":true,"href":"https:\/\/tpmadalina42.supserv.cozmoslabs.com\/fi\/wp-json\/wp\/v2\/product_cat?post=142529"},{"taxonomy":"product_tag","embeddable":true,"href":"https:\/\/tpmadalina42.supserv.cozmoslabs.com\/fi\/wp-json\/wp\/v2\/product_tag?post=142529"}],"curies":[{"name":"wp","href":"https:\/\/api.w.org\/{rel}","templated":true}]}}