{"id":142991,"date":"2024-07-25T03:16:43","date_gmt":"2024-07-25T10:16:43","guid":{"rendered":"https:\/\/glandine.com\/product\/alexander-mcqueen-erhoehen-sie-ihre-schritte-in-zeitlosen-schwarzen-ledersandalen\/"},"modified":"2024-11-30T22:37:38","modified_gmt":"2024-11-30T21:37:38","slug":"alexander-mcqueen-erhoehen-sie-ihre-schritte-in-zeitlosen-schwarzen-ledersandalen","status":"publish","type":"product","link":"https:\/\/tpmadalina42.supserv.cozmoslabs.com\/fi\/tuote-2\/alexander-mcqueen-kohota-askelesi-ajattomilla-mustilla-nahkasandaaleilla\/","title":{"rendered":"Alexander McQueen Nosta askeleitasi ajattomissa mustissa nahkasandaaleissa"},"content":{"rendered":"<p>Koe ylellisyytt\u00e4 ja tyyli\u00e4 n\u00e4iss\u00e4 Alexander McQueenin hienostuneissa mustissa nahkasandaaleissa. Ne sopivat t\u00e4ydellisesti mihin tahansa tyylikk\u00e4\u00e4seen kokonaisuuteen, ja ne ilment\u00e4v\u00e4t tyylikkyytt\u00e4, jossa on ripaus s\u00e4rmik\u00e4st\u00e4 charmia. N\u00e4m\u00e4 sandaalit nostavat varmasti ulkon\u00e4k\u00f6\u00e4si, k\u00e4ytitp\u00e4 niit\u00e4 sitten tyylikk\u00e4\u00e4n mekon tai r\u00e4\u00e4t\u00e4l\u00f6ityjen housujen kanssa.<\/p>\n<p>Materiaali: nahka<br \/>\nAlkuper\u00e4maa: IT<br \/>\nV\u00e4ri: Musta<\/p>","protected":false},"excerpt":{"rendered":"<p>Erleben Sie Luxus und Stil mit diesen raffinierten schwarzen Ledersandalen von Alexander McQueen. Perfekt f\u00fcr jedes schicke Ensemble, verk\u00f6rpern sie Eleganz mit einem Hauch von kantigem Charme. Ob mit einem eleganten Kleid oder einer ma\u00dfgeschneiderten Hose, diese Sandalen werden Ihren Look mit Sicherheit aufwerten. Material: Leder Herkunftsland: IT Farbe: Schwarz<\/p>","protected":false},"featured_media":142985,"template":"","meta":[],"product_brand":[2340],"product_cat":[1635,1692,1624],"product_tag":[],"class_list":{"0":"post-142991","1":"product","2":"type-product","3":"status-publish","4":"has-post-thumbnail","6":"product_brand-alexander-mcqueen","7":"product_cat-frauen-schuhe","8":"product_cat-sandalen-frauen-schuhe","9":"product_cat-schuhe","11":"first","12":"instock","13":"sale","14":"taxable","15":"shipping-taxable","16":"purchasable","17":"product-type-variable"},"_links":{"self":[{"href":"https:\/\/tpmadalina42.supserv.cozmoslabs.com\/fi\/wp-json\/wp\/v2\/product\/142991","targetHints":{"allow":["GET"]}}],"collection":[{"href":"https:\/\/tpmadalina42.supserv.cozmoslabs.com\/fi\/wp-json\/wp\/v2\/product"}],"about":[{"href":"https:\/\/tpmadalina42.supserv.cozmoslabs.com\/fi\/wp-json\/wp\/v2\/types\/product"}],"wp:featuredmedia":[{"embeddable":true,"href":"https:\/\/tpmadalina42.supserv.cozmoslabs.com\/fi\/wp-json\/wp\/v2\/media\/142985"}],"wp:attachment":[{"href":"https:\/\/tpmadalina42.supserv.cozmoslabs.com\/fi\/wp-json\/wp\/v2\/media?parent=142991"}],"wp:term":[{"taxonomy":"product_brand","embeddable":true,"href":"https:\/\/tpmadalina42.supserv.cozmoslabs.com\/fi\/wp-json\/wp\/v2\/product_brand?post=142991"},{"taxonomy":"product_cat","embeddable":true,"href":"https:\/\/tpmadalina42.supserv.cozmoslabs.com\/fi\/wp-json\/wp\/v2\/product_cat?post=142991"},{"taxonomy":"product_tag","embeddable":true,"href":"https:\/\/tpmadalina42.supserv.cozmoslabs.com\/fi\/wp-json\/wp\/v2\/product_tag?post=142991"}],"curies":[{"name":"wp","href":"https:\/\/api.w.org\/{rel}","templated":true}]}}