{"id":143865,"date":"2024-07-25T04:02:15","date_gmt":"2024-07-25T11:02:15","guid":{"rendered":"https:\/\/glandine.com\/product\/dolce-gabbana-gruen-kristall-jacquard-flats-sandalen-schuhe\/"},"modified":"2024-12-11T22:52:56","modified_gmt":"2024-12-11T21:52:56","slug":"dolce-gabbana-gruen-kristall-jacquard-flats-sandalen-schuhe","status":"publish","type":"product","link":"https:\/\/tpmadalina42.supserv.cozmoslabs.com\/fi\/tuote-2\/dolce-gabbana-gruen-kristall-jacquard-flats-sandalen-schuhe\/","title":{"rendered":"Dolce &amp; Gabbana Gr\u00fcn Kristall Jacquard Flats Sandalen Schuhe"},"content":{"rendered":"<p>DOLCE &amp; GABBANA<\/p>\n<p>Wundersch\u00f6ne brandneu mit Tags, 100% Authentic Dolce &amp; Gabbana Jacquard versch\u00f6nert Wohnungen Sandalen.<br \/>\nMalli: Litte\u00e4t sandaalit<br \/>\nMateriaali: nahka<br \/>\nV\u00e4ri: Vihre\u00e4<br \/>\nLedersohle<br \/>\nLogon yksityiskohdat<br \/>\nValmistettu Italiassa<br \/>\nEritt\u00e4in korkea laatu ja mukavuus<\/p>","protected":false},"excerpt":{"rendered":"<p>DOLCE &amp; GABBANA Wundersch\u00f6ne brandneu mit Tags, 100% Authentic Dolce &amp; Gabbana Jacquard versch\u00f6nert Wohnungen Sandalen. Modell: Flache Sandalen Material: Leder Farbe: Gr\u00fcn Ledersohle Logo-Details In Italien hergestellt Sehr hohe Qualit\u00e4t und Komfort<\/p>","protected":false},"featured_media":143857,"template":"","meta":[],"product_brand":[1620],"product_cat":[1635,1660,1624],"product_tag":[],"class_list":{"0":"post-143865","1":"product","2":"type-product","3":"status-publish","4":"has-post-thumbnail","6":"product_brand-dolce-gabbana","7":"product_cat-frauen-schuhe","8":"product_cat-flache-schuhe","9":"product_cat-schuhe","11":"first","12":"instock","13":"sale","14":"taxable","15":"shipping-taxable","16":"purchasable","17":"product-type-variable"},"_links":{"self":[{"href":"https:\/\/tpmadalina42.supserv.cozmoslabs.com\/fi\/wp-json\/wp\/v2\/product\/143865","targetHints":{"allow":["GET"]}}],"collection":[{"href":"https:\/\/tpmadalina42.supserv.cozmoslabs.com\/fi\/wp-json\/wp\/v2\/product"}],"about":[{"href":"https:\/\/tpmadalina42.supserv.cozmoslabs.com\/fi\/wp-json\/wp\/v2\/types\/product"}],"wp:featuredmedia":[{"embeddable":true,"href":"https:\/\/tpmadalina42.supserv.cozmoslabs.com\/fi\/wp-json\/wp\/v2\/media\/143857"}],"wp:attachment":[{"href":"https:\/\/tpmadalina42.supserv.cozmoslabs.com\/fi\/wp-json\/wp\/v2\/media?parent=143865"}],"wp:term":[{"taxonomy":"product_brand","embeddable":true,"href":"https:\/\/tpmadalina42.supserv.cozmoslabs.com\/fi\/wp-json\/wp\/v2\/product_brand?post=143865"},{"taxonomy":"product_cat","embeddable":true,"href":"https:\/\/tpmadalina42.supserv.cozmoslabs.com\/fi\/wp-json\/wp\/v2\/product_cat?post=143865"},{"taxonomy":"product_tag","embeddable":true,"href":"https:\/\/tpmadalina42.supserv.cozmoslabs.com\/fi\/wp-json\/wp\/v2\/product_tag?post=143865"}],"curies":[{"name":"wp","href":"https:\/\/api.w.org\/{rel}","templated":true}]}}