{"id":147380,"date":"2024-07-25T07:07:37","date_gmt":"2024-07-25T14:07:37","guid":{"rendered":"https:\/\/glandine.com\/product\/dolce-gabbana-schwarzes-leder-silber-metallschnalle-maenner-guertel\/"},"modified":"2024-12-01T04:08:02","modified_gmt":"2024-12-01T03:08:02","slug":"dolce-gabbana-schwarzes-leder-silber-metallschnalle-maenner-guertel","status":"publish","type":"product","link":"https:\/\/tpmadalina42.supserv.cozmoslabs.com\/fi\/tuote-2\/dolce-gabbana-schwarzes-leder-silber-metallschnalle-maenner-guertel\/","title":{"rendered":"Dolce &amp; Gabbana Schwarzes Leder Silber Metallschnalle M\u00e4nner G\u00fcrtel"},"content":{"rendered":"<p>DOLCE &amp; GABBANA<\/p>\n<p>Wundersch\u00f6ner, 100% authentischer Dolce &amp; Gabbana-G\u00fcrtel aus hochwertigem Leder mit Metallschnalle. Ein einzigartiger, auff\u00e4lliger G\u00fcrtel voller Charakter.<br \/>\nMateriaali: 100% nahka<br \/>\nV\u00e4ri: Musta<br \/>\nBreite: 2,5cm<br \/>\nLogon yksityiskohdat<br \/>\nValmistettu Italiassa<\/p>\n<p><strong>Dieser Artikel ist aus Vorbesitz, es gibt Kratzer auf dem Leder und der Metallschnalle (siehe Bilder f\u00fcr Details). <\/strong><\/p>","protected":false},"excerpt":{"rendered":"<p>DOLCE &amp; GABBANA Wundersch\u00f6ner, 100% authentischer Dolce &amp; Gabbana-G\u00fcrtel aus hochwertigem Leder mit Metallschnalle. Ein einzigartiger, auff\u00e4lliger G\u00fcrtel voller Charakter. Material: 100% Leder Farbe: Schwarz Breite: 2,5cm Logo-Details Hergestellt in Italien Dieser Artikel ist aus Vorbesitz, es gibt Kratzer auf dem Leder und der Metallschnalle (siehe Bilder f\u00fcr Details).<\/p>","protected":false},"featured_media":147372,"template":"","meta":[],"product_brand":[1620],"product_cat":[1621,1631,1651],"product_tag":[],"class_list":{"0":"post-147380","1":"product","2":"type-product","3":"status-publish","4":"has-post-thumbnail","6":"product_brand-dolce-gabbana","7":"product_cat-accessoire","8":"product_cat-maenner-zubehoer","9":"product_cat-guertel","11":"first","12":"instock","13":"sale","14":"taxable","15":"shipping-taxable","16":"purchasable","17":"product-type-variable"},"_links":{"self":[{"href":"https:\/\/tpmadalina42.supserv.cozmoslabs.com\/fi\/wp-json\/wp\/v2\/product\/147380","targetHints":{"allow":["GET"]}}],"collection":[{"href":"https:\/\/tpmadalina42.supserv.cozmoslabs.com\/fi\/wp-json\/wp\/v2\/product"}],"about":[{"href":"https:\/\/tpmadalina42.supserv.cozmoslabs.com\/fi\/wp-json\/wp\/v2\/types\/product"}],"wp:featuredmedia":[{"embeddable":true,"href":"https:\/\/tpmadalina42.supserv.cozmoslabs.com\/fi\/wp-json\/wp\/v2\/media\/147372"}],"wp:attachment":[{"href":"https:\/\/tpmadalina42.supserv.cozmoslabs.com\/fi\/wp-json\/wp\/v2\/media?parent=147380"}],"wp:term":[{"taxonomy":"product_brand","embeddable":true,"href":"https:\/\/tpmadalina42.supserv.cozmoslabs.com\/fi\/wp-json\/wp\/v2\/product_brand?post=147380"},{"taxonomy":"product_cat","embeddable":true,"href":"https:\/\/tpmadalina42.supserv.cozmoslabs.com\/fi\/wp-json\/wp\/v2\/product_cat?post=147380"},{"taxonomy":"product_tag","embeddable":true,"href":"https:\/\/tpmadalina42.supserv.cozmoslabs.com\/fi\/wp-json\/wp\/v2\/product_tag?post=147380"}],"curies":[{"name":"wp","href":"https:\/\/api.w.org\/{rel}","templated":true}]}}