{"id":147413,"date":"2024-07-25T07:08:53","date_gmt":"2024-07-25T14:08:53","guid":{"rendered":"https:\/\/glandine.com\/product\/dolce-gabbana-gruener-kalbslederguertel-mit-silberfarbener-metallschnalle\/"},"modified":"2024-12-01T04:10:36","modified_gmt":"2024-12-01T03:10:36","slug":"dolce-gabbana-gruener-kalbslederguertel-mit-silberfarbener-metallschnalle","status":"publish","type":"product","link":"https:\/\/tpmadalina42.supserv.cozmoslabs.com\/fi\/tuote-2\/dolce-gabbana-gruener-kalbslederguertel-mit-silberfarbener-metallschnalle\/","title":{"rendered":"Dolce &amp; Gabbana Gr\u00fcner Kalbslederg\u00fcrtel mit silberfarbener Metallschnalle"},"content":{"rendered":"<p>DOLCE &amp; GABBANA<\/p>\n<p>Wundersch\u00f6ne brandneue mit Tags, 100% Authentic Dolce &amp; Gabbana G\u00fcrtel kommt mit<br \/>\nhochwertigem Leder und einer Metallschlie\u00dfe. Ein einzigartiger, auff\u00e4lliger G\u00fcrtel voller Charakter.<br \/>\nMateriaali: 100% vasikan nahka<br \/>\nV\u00e4ri: Vihre\u00e4<br \/>\nBreite: 2,5cm<br \/>\nValmistettu Italiassa<\/p>\n<p><strong>Dieser Artikel hat einen kleinen Fehler, es ist Gr\u00f6\u00dfe 100cm gestempelt, aber es misst 85cm von der Endschnalle bis zum mittleren Loch (siehe Bilder).<\/strong><\/p>","protected":false},"excerpt":{"rendered":"<p>DOLCE &amp; GABBANA Wundersch\u00f6ne brandneue mit Tags, 100% Authentic Dolce &amp; Gabbana G\u00fcrtel kommt mit hochwertigem Leder und einer Metallschlie\u00dfe. Ein einzigartiger, auff\u00e4lliger G\u00fcrtel voller Charakter. Material: 100% Kalbsleder Farbe: Gr\u00fcn Breite: 2,5cm Hergestellt in Italien Dieser Artikel hat einen kleinen Fehler, es ist Gr\u00f6\u00dfe 100cm gestempelt, aber es misst 85cm von der Endschnalle bis [&hellip;]<\/p>","protected":false},"featured_media":147405,"template":"","meta":[],"product_brand":[1620],"product_cat":[1621,1631,1651],"product_tag":[],"class_list":{"0":"post-147413","1":"product","2":"type-product","3":"status-publish","4":"has-post-thumbnail","6":"product_brand-dolce-gabbana","7":"product_cat-accessoire","8":"product_cat-maenner-zubehoer","9":"product_cat-guertel","11":"first","12":"instock","13":"sale","14":"taxable","15":"shipping-taxable","16":"purchasable","17":"product-type-variable"},"_links":{"self":[{"href":"https:\/\/tpmadalina42.supserv.cozmoslabs.com\/fi\/wp-json\/wp\/v2\/product\/147413","targetHints":{"allow":["GET"]}}],"collection":[{"href":"https:\/\/tpmadalina42.supserv.cozmoslabs.com\/fi\/wp-json\/wp\/v2\/product"}],"about":[{"href":"https:\/\/tpmadalina42.supserv.cozmoslabs.com\/fi\/wp-json\/wp\/v2\/types\/product"}],"wp:featuredmedia":[{"embeddable":true,"href":"https:\/\/tpmadalina42.supserv.cozmoslabs.com\/fi\/wp-json\/wp\/v2\/media\/147405"}],"wp:attachment":[{"href":"https:\/\/tpmadalina42.supserv.cozmoslabs.com\/fi\/wp-json\/wp\/v2\/media?parent=147413"}],"wp:term":[{"taxonomy":"product_brand","embeddable":true,"href":"https:\/\/tpmadalina42.supserv.cozmoslabs.com\/fi\/wp-json\/wp\/v2\/product_brand?post=147413"},{"taxonomy":"product_cat","embeddable":true,"href":"https:\/\/tpmadalina42.supserv.cozmoslabs.com\/fi\/wp-json\/wp\/v2\/product_cat?post=147413"},{"taxonomy":"product_tag","embeddable":true,"href":"https:\/\/tpmadalina42.supserv.cozmoslabs.com\/fi\/wp-json\/wp\/v2\/product_tag?post=147413"}],"curies":[{"name":"wp","href":"https:\/\/api.w.org\/{rel}","templated":true}]}}