{"id":147424,"date":"2024-07-25T07:09:18","date_gmt":"2024-07-25T14:09:18","guid":{"rendered":"https:\/\/glandine.com\/product\/dolce-gabbana-brauner-klassischer-lederguertel-mit-silberner-logo-metallschnalle\/"},"modified":"2024-12-01T04:10:46","modified_gmt":"2024-12-01T03:10:46","slug":"dolce-gabbana-brauner-klassischer-lederguertel-mit-silberner-logo-metallschnalle","status":"publish","type":"product","link":"https:\/\/tpmadalina42.supserv.cozmoslabs.com\/fi\/tuote-2\/dolce-gabbana-brauner-klassischer-lederguertel-mit-silberner-logo-metallschnalle\/","title":{"rendered":"Dolce &amp; Gabbana Brauner klassischer Lederg\u00fcrtel mit silberner Logo-Metallschnalle"},"content":{"rendered":"<p>DOLCE &amp; GABBANA<\/p>\n<p>Wundersch\u00f6ner, brandneuer, 100% authentischer Dolce &amp; Gabbana G\u00fcrtel mit<br \/>\nhochwertigem, klassischem Leder mit einer silberfarbenen Schnalle geschlossen. Ein einzigartiger, auff\u00e4lliger G\u00fcrtel voller Charakter.<br \/>\nMateriaali: nahka<br \/>\nV\u00e4ri: Ruskea<br \/>\nLeveys: 2,5 cm<br \/>\nValmistettu Italiassa<\/p>\n<p><strong>Dieser Artikel hat einen kleinen Fehler, es gibt eine verblasste Farbe auf dem Leder des G\u00fcrtels und geschriebenen Text auf dem Band (siehe Bilder f\u00fcr Details).<\/strong><\/p>","protected":false},"excerpt":{"rendered":"<p>DOLCE &amp; GABBANA Wundersch\u00f6ner, brandneuer, 100% authentischer Dolce &amp; Gabbana G\u00fcrtel mit hochwertigem, klassischem Leder mit einer silberfarbenen Schnalle geschlossen. Ein einzigartiger, auff\u00e4lliger G\u00fcrtel voller Charakter. Material: Leder Farbe: Braun Breite: 2,5 cm Hergestellt in Italien Dieser Artikel hat einen kleinen Fehler, es gibt eine verblasste Farbe auf dem Leder des G\u00fcrtels und geschriebenen Text [&hellip;]<\/p>","protected":false},"featured_media":147416,"template":"","meta":[],"product_brand":[1620],"product_cat":[1621,1631,1651],"product_tag":[],"class_list":{"0":"post-147424","1":"product","2":"type-product","3":"status-publish","4":"has-post-thumbnail","6":"product_brand-dolce-gabbana","7":"product_cat-accessoire","8":"product_cat-maenner-zubehoer","9":"product_cat-guertel","11":"first","12":"instock","13":"sale","14":"taxable","15":"shipping-taxable","16":"purchasable","17":"product-type-variable"},"_links":{"self":[{"href":"https:\/\/tpmadalina42.supserv.cozmoslabs.com\/fi\/wp-json\/wp\/v2\/product\/147424","targetHints":{"allow":["GET"]}}],"collection":[{"href":"https:\/\/tpmadalina42.supserv.cozmoslabs.com\/fi\/wp-json\/wp\/v2\/product"}],"about":[{"href":"https:\/\/tpmadalina42.supserv.cozmoslabs.com\/fi\/wp-json\/wp\/v2\/types\/product"}],"wp:featuredmedia":[{"embeddable":true,"href":"https:\/\/tpmadalina42.supserv.cozmoslabs.com\/fi\/wp-json\/wp\/v2\/media\/147416"}],"wp:attachment":[{"href":"https:\/\/tpmadalina42.supserv.cozmoslabs.com\/fi\/wp-json\/wp\/v2\/media?parent=147424"}],"wp:term":[{"taxonomy":"product_brand","embeddable":true,"href":"https:\/\/tpmadalina42.supserv.cozmoslabs.com\/fi\/wp-json\/wp\/v2\/product_brand?post=147424"},{"taxonomy":"product_cat","embeddable":true,"href":"https:\/\/tpmadalina42.supserv.cozmoslabs.com\/fi\/wp-json\/wp\/v2\/product_cat?post=147424"},{"taxonomy":"product_tag","embeddable":true,"href":"https:\/\/tpmadalina42.supserv.cozmoslabs.com\/fi\/wp-json\/wp\/v2\/product_tag?post=147424"}],"curies":[{"name":"wp","href":"https:\/\/api.w.org\/{rel}","templated":true}]}}