{"id":147591,"date":"2024-07-25T16:17:26","date_gmt":"2024-07-25T14:17:26","guid":{"rendered":"https:\/\/glandine.com\/product\/saint-laurent-goldfarbene-lederstiefel\/"},"modified":"2024-12-13T09:40:57","modified_gmt":"2024-12-13T08:40:57","slug":"saint-laurent-goldfarbene-lederstiefel","status":"publish","type":"product","link":"https:\/\/tpmadalina42.supserv.cozmoslabs.com\/fi\/tuote-2\/saint-laurent-goldfarbene-lederstiefel\/","title":{"rendered":"Saint Laurent Goldfarbene Lederstiefel"},"content":{"rendered":"<p>Goldfarbene Lederstiefelette Saint Laurent.<br \/>\nAus goldfarbenem Leder, quadratische Spitze, sichtbare N\u00e4hte, Riemen mit Schnalle \u00fcber dem Kn\u00f6chel, hinterer Rei\u00dfverschluss, schwarze Lederlaufsohle. Absatzh\u00f6he: 3 cm. Beschaffenheit: 100% Leder.<br \/>\nInterne SKU: 24MG65<\/p>","protected":false},"excerpt":{"rendered":"<p>Goldfarbene Lederstiefelette Saint Laurent. Aus goldfarbenem Leder, quadratische Spitze, sichtbare N\u00e4hte, Riemen mit Schnalle \u00fcber dem Kn\u00f6chel, hinterer Rei\u00dfverschluss, schwarze Lederlaufsohle. Absatzh\u00f6he: 3 cm. Beschaffenheit: 100% Leder. Interne SKU: 24MG65<\/p>","protected":false},"featured_media":147585,"template":"","meta":[],"product_brand":[2168],"product_cat":[1635,1624,1655],"product_tag":[],"class_list":{"0":"post-147591","1":"product","2":"type-product","3":"status-publish","4":"has-post-thumbnail","6":"product_brand-saint-laurent","7":"product_cat-frauen-schuhe","8":"product_cat-schuhe","9":"product_cat-stiefel-frauen-schuhe","11":"first","12":"instock","13":"sale","14":"taxable","15":"shipping-taxable","16":"purchasable","17":"product-type-variable"},"_links":{"self":[{"href":"https:\/\/tpmadalina42.supserv.cozmoslabs.com\/fi\/wp-json\/wp\/v2\/product\/147591","targetHints":{"allow":["GET"]}}],"collection":[{"href":"https:\/\/tpmadalina42.supserv.cozmoslabs.com\/fi\/wp-json\/wp\/v2\/product"}],"about":[{"href":"https:\/\/tpmadalina42.supserv.cozmoslabs.com\/fi\/wp-json\/wp\/v2\/types\/product"}],"wp:featuredmedia":[{"embeddable":true,"href":"https:\/\/tpmadalina42.supserv.cozmoslabs.com\/fi\/wp-json\/wp\/v2\/media\/147585"}],"wp:attachment":[{"href":"https:\/\/tpmadalina42.supserv.cozmoslabs.com\/fi\/wp-json\/wp\/v2\/media?parent=147591"}],"wp:term":[{"taxonomy":"product_brand","embeddable":true,"href":"https:\/\/tpmadalina42.supserv.cozmoslabs.com\/fi\/wp-json\/wp\/v2\/product_brand?post=147591"},{"taxonomy":"product_cat","embeddable":true,"href":"https:\/\/tpmadalina42.supserv.cozmoslabs.com\/fi\/wp-json\/wp\/v2\/product_cat?post=147591"},{"taxonomy":"product_tag","embeddable":true,"href":"https:\/\/tpmadalina42.supserv.cozmoslabs.com\/fi\/wp-json\/wp\/v2\/product_tag?post=147591"}],"curies":[{"name":"wp","href":"https:\/\/api.w.org\/{rel}","templated":true}]}}