{"id":148383,"date":"2024-07-25T08:07:25","date_gmt":"2024-07-25T15:07:25","guid":{"rendered":"https:\/\/glandine.com\/product\/emporio-armani-schwarze-uhr\/"},"modified":"2024-12-01T05:21:46","modified_gmt":"2024-12-01T04:21:46","slug":"emporio-armani-schwarze-uhr","status":"publish","type":"product","link":"https:\/\/tpmadalina42.supserv.cozmoslabs.com\/fi\/tuote-2\/emporio-armani-schwarze-uhr\/","title":{"rendered":"Emporio Armani musta kello"},"content":{"rendered":"<ul>\n<li>Ylellinen Emporio Armani miesten kello<\/li>\n<li>Ruostumattomasta ter\u00e4ksest\u00e4 valmistettu kotelo ja rannekoru<\/li>\n<li>Musta kellotaulu hopeanv\u00e4risill\u00e4 osoittimilla ja indekseill\u00e4<\/li>\n<li>Kruunussa kaiverrettu br\u00e4ndilogo<\/li>\n<li>Vesitiivis 50 metriin asti<\/li>\n<li>Kvartsiliike tarkkaan ajank\u00e4ytt\u00f6\u00f6n<\/li>\n<li>Naarmuuntumaton mineraalilasi<\/li>\n<li>Sopii muodollisiin ja arkip\u00e4iviin<\/li>\n<\/ul>","protected":false},"excerpt":{"rendered":"<p>Luxus Emporio Armani Uhr f\u00fcr M\u00e4nner Edelstahlgeh\u00e4use und -armband Schwarzes Zifferblatt mit silberfarbenen Zeigern und Indexen Eingraviertes Markenlogo auf der Krone Wasserdicht bis zu 50 Meter Quarzwerk f\u00fcr genaue Zeitmessung Kratzfestes Mineralglas Geeignet f\u00fcr formelle und legere Anl\u00e4sse<\/p>","protected":false},"featured_media":148382,"template":"","meta":[],"product_brand":[2239],"product_cat":[1628,1643],"product_tag":[],"class_list":{"0":"post-148383","1":"product","2":"type-product","3":"status-publish","4":"has-post-thumbnail","6":"product_brand-emporio-armani","7":"product_cat-uhren","8":"product_cat-uhren-fuer-maenner","10":"first","11":"outofstock","12":"sale","13":"taxable","14":"shipping-taxable","15":"purchasable","16":"product-type-simple"},"_links":{"self":[{"href":"https:\/\/tpmadalina42.supserv.cozmoslabs.com\/fi\/wp-json\/wp\/v2\/product\/148383","targetHints":{"allow":["GET"]}}],"collection":[{"href":"https:\/\/tpmadalina42.supserv.cozmoslabs.com\/fi\/wp-json\/wp\/v2\/product"}],"about":[{"href":"https:\/\/tpmadalina42.supserv.cozmoslabs.com\/fi\/wp-json\/wp\/v2\/types\/product"}],"wp:featuredmedia":[{"embeddable":true,"href":"https:\/\/tpmadalina42.supserv.cozmoslabs.com\/fi\/wp-json\/wp\/v2\/media\/148382"}],"wp:attachment":[{"href":"https:\/\/tpmadalina42.supserv.cozmoslabs.com\/fi\/wp-json\/wp\/v2\/media?parent=148383"}],"wp:term":[{"taxonomy":"product_brand","embeddable":true,"href":"https:\/\/tpmadalina42.supserv.cozmoslabs.com\/fi\/wp-json\/wp\/v2\/product_brand?post=148383"},{"taxonomy":"product_cat","embeddable":true,"href":"https:\/\/tpmadalina42.supserv.cozmoslabs.com\/fi\/wp-json\/wp\/v2\/product_cat?post=148383"},{"taxonomy":"product_tag","embeddable":true,"href":"https:\/\/tpmadalina42.supserv.cozmoslabs.com\/fi\/wp-json\/wp\/v2\/product_tag?post=148383"}],"curies":[{"name":"wp","href":"https:\/\/api.w.org\/{rel}","templated":true}]}}