{"id":150329,"date":"2024-07-25T09:55:42","date_gmt":"2024-07-25T16:55:42","guid":{"rendered":"https:\/\/glandine.com\/product\/christian-louboutin-loubishark-flache-rote-wildleder-schnuerschuhe\/"},"modified":"2024-09-25T16:41:25","modified_gmt":"2024-09-25T23:41:25","slug":"christian-louboutin-loubishark-flache-rote-wildleder-schnuerschuhe","status":"publish","type":"product","link":"https:\/\/tpmadalina42.supserv.cozmoslabs.com\/fi\/tuote-2\/christian-louboutin-loubishark-flache-rote-wildleder-schnuerschuhe\/","title":{"rendered":"Christian Louboutin Loubishark Flat Red Suede nauhakeng\u00e4t"},"content":{"rendered":"<p>Ikonisen Loubisharkin kanssa moderni muotoilu kohtaa j\u00e4ljittelem\u00e4tt\u00f6m\u00e4n savoir-fairen. Loubi-punaista moniosaista, materiaalisekoituksesta valmistettua rakennetta korostavat siksak-yksityiskohta, s\u00e4vy-s\u00e4vyinen harjakattoinen kantap\u00e4\u00e4 ja CL Paris Varsity -logo. Mestariteos on sahalaitainen pohja, joka muistuttaa hain hampaita ja jota korostaa tyypillinen huulipunan punainen pohja.<\/p>\n<p>Varpaan muoto: py\u00f6re\u00e4 varvas<br \/>\nSis\u00e4vuori: nahkaa<br \/>\nP\u00e4\u00e4llinen: mokka\/vasikanahka\/neopreeni<br \/>\nReunat: Cl Paris Varcity -logo, ny\u00f6ritys<br \/>\nPohja: kumia ja tunnusomainen punainen<br \/>\nV\u00e4rin nimi: Loubi\/tran loubi (punainen)<\/p>\n<p>Mukana p\u00f6lypussi<br \/>\nMukana tulee laatikko<\/p>\n<p>LOUBI SHARK FLAT<br \/>\nMAKKA\/POHANNAHKA\/NEOPREENI<br \/>\nLOUBI\/TRAN LOUBI (PUNAINEN)<br \/>\nLENKKARIT<\/p>","protected":false},"excerpt":{"rendered":"<p>Beim kultigen Loubishark trifft modernes Design auf unnachahmliches Savoir-faire. Die mehrteilige Konstruktion in Loubi-Rot aus einem Materialmix wird durch ein Zickzack-Detail, eine Ton-in-Ton durchbrochene Fersenkappe und das CL Paris Varsity-Logo aufgewertet. Das Meisterst\u00fcck ist die gezackte Sohle, die an Haifischz\u00e4hne erinnert und von der charakteristischen lippenstiftroten Sohle unterstrichen wird. Zehenform: runde Zehe Innenfutter: Leder Obermaterial: [&hellip;]<\/p>","protected":false},"featured_media":150323,"template":"","meta":[],"product_brand":[2352],"product_cat":[1634,1624,1702],"product_tag":[],"class_list":{"0":"post-150329","1":"product","2":"type-product","3":"status-publish","4":"has-post-thumbnail","6":"product_brand-christian-louboutin","7":"product_cat-maenner-schuhe","8":"product_cat-schuhe","9":"product_cat-turnschuhe","11":"first","12":"instock","13":"sale","14":"taxable","15":"shipping-taxable","16":"purchasable","17":"product-type-variable"},"_links":{"self":[{"href":"https:\/\/tpmadalina42.supserv.cozmoslabs.com\/fi\/wp-json\/wp\/v2\/product\/150329","targetHints":{"allow":["GET"]}}],"collection":[{"href":"https:\/\/tpmadalina42.supserv.cozmoslabs.com\/fi\/wp-json\/wp\/v2\/product"}],"about":[{"href":"https:\/\/tpmadalina42.supserv.cozmoslabs.com\/fi\/wp-json\/wp\/v2\/types\/product"}],"wp:featuredmedia":[{"embeddable":true,"href":"https:\/\/tpmadalina42.supserv.cozmoslabs.com\/fi\/wp-json\/wp\/v2\/media\/150323"}],"wp:attachment":[{"href":"https:\/\/tpmadalina42.supserv.cozmoslabs.com\/fi\/wp-json\/wp\/v2\/media?parent=150329"}],"wp:term":[{"taxonomy":"product_brand","embeddable":true,"href":"https:\/\/tpmadalina42.supserv.cozmoslabs.com\/fi\/wp-json\/wp\/v2\/product_brand?post=150329"},{"taxonomy":"product_cat","embeddable":true,"href":"https:\/\/tpmadalina42.supserv.cozmoslabs.com\/fi\/wp-json\/wp\/v2\/product_cat?post=150329"},{"taxonomy":"product_tag","embeddable":true,"href":"https:\/\/tpmadalina42.supserv.cozmoslabs.com\/fi\/wp-json\/wp\/v2\/product_tag?post=150329"}],"curies":[{"name":"wp","href":"https:\/\/api.w.org\/{rel}","templated":true}]}}