{"id":150634,"date":"2024-07-25T10:13:15","date_gmt":"2024-07-25T17:13:15","guid":{"rendered":"https:\/\/glandine.com\/product\/missoni-geometrisch-gemusterter-fransenschal-in-leuchtenden-toenen\/"},"modified":"2024-12-01T07:02:14","modified_gmt":"2024-12-01T06:02:14","slug":"missoni-geometrisch-gemusterter-fransenschal-in-leuchtenden-toenen","status":"publish","type":"product","link":"https:\/\/tpmadalina42.supserv.cozmoslabs.com\/fi\/tuote-2\/missoni-geometrisch-gemusterter-fransenschal-in-leuchtenden-toenen\/","title":{"rendered":"Missoni Geometrisch gemusterter Fransenschal in leuchtenden T\u00f6nen"},"content":{"rendered":"<p>H\u00fcllen Sie sich in die W\u00e4rme und Eleganz von Missoni mit diesem luxuri\u00f6sen Schal, der mit einem geometrischen Muster und einem dynamischen Mix aus leuchtenden Farben verziert ist, erg\u00e4nzt durch zarte Fransen. Ein vielseitiges Accessoire, das mit seinen gro\u00dfz\u00fcgigen Ma\u00dfen von 180 cm x 45 cm zahlreiche Stylingm\u00f6glichkeiten bietet.<\/p>\n<ul>\n<li>Material: 50% Acryl, 50% Wolle<\/li>\n<li>Alkuper\u00e4maa: IT<\/li>\n<li>V\u00e4ri: Moniv\u00e4rinen<\/li>\n<\/ul>","protected":false},"excerpt":{"rendered":"<p>H\u00fcllen Sie sich in die W\u00e4rme und Eleganz von Missoni mit diesem luxuri\u00f6sen Schal, der mit einem geometrischen Muster und einem dynamischen Mix aus leuchtenden Farben verziert ist, erg\u00e4nzt durch zarte Fransen. Ein vielseitiges Accessoire, das mit seinen gro\u00dfz\u00fcgigen Ma\u00dfen von 180 cm x 45 cm zahlreiche Stylingm\u00f6glichkeiten bietet. Material: 50% Acryl, 50% Wolle Herkunftsland: [&hellip;]<\/p>","protected":false},"featured_media":150626,"template":"","meta":[],"product_brand":[2082],"product_cat":[1621,1632,1694],"product_tag":[],"class_list":{"0":"post-150634","1":"product","2":"type-product","3":"status-publish","4":"has-post-thumbnail","6":"product_brand-missoni","7":"product_cat-accessoire","8":"product_cat-frauen-zubehoer","9":"product_cat-schals-frauen-zubehoer","11":"first","12":"instock","13":"sale","14":"taxable","15":"shipping-taxable","16":"purchasable","17":"product-type-simple"},"_links":{"self":[{"href":"https:\/\/tpmadalina42.supserv.cozmoslabs.com\/fi\/wp-json\/wp\/v2\/product\/150634","targetHints":{"allow":["GET"]}}],"collection":[{"href":"https:\/\/tpmadalina42.supserv.cozmoslabs.com\/fi\/wp-json\/wp\/v2\/product"}],"about":[{"href":"https:\/\/tpmadalina42.supserv.cozmoslabs.com\/fi\/wp-json\/wp\/v2\/types\/product"}],"wp:featuredmedia":[{"embeddable":true,"href":"https:\/\/tpmadalina42.supserv.cozmoslabs.com\/fi\/wp-json\/wp\/v2\/media\/150626"}],"wp:attachment":[{"href":"https:\/\/tpmadalina42.supserv.cozmoslabs.com\/fi\/wp-json\/wp\/v2\/media?parent=150634"}],"wp:term":[{"taxonomy":"product_brand","embeddable":true,"href":"https:\/\/tpmadalina42.supserv.cozmoslabs.com\/fi\/wp-json\/wp\/v2\/product_brand?post=150634"},{"taxonomy":"product_cat","embeddable":true,"href":"https:\/\/tpmadalina42.supserv.cozmoslabs.com\/fi\/wp-json\/wp\/v2\/product_cat?post=150634"},{"taxonomy":"product_tag","embeddable":true,"href":"https:\/\/tpmadalina42.supserv.cozmoslabs.com\/fi\/wp-json\/wp\/v2\/product_tag?post=150634"}],"curies":[{"name":"wp","href":"https:\/\/api.w.org\/{rel}","templated":true}]}}