{"id":151305,"date":"2024-07-25T10:53:10","date_gmt":"2024-07-25T17:53:10","guid":{"rendered":"https:\/\/glandine.com\/product\/dolce-gabbana-trekking-inspirierte-luxus-sneaker-stiefel\/"},"modified":"2024-11-30T11:05:12","modified_gmt":"2024-11-30T10:05:12","slug":"dolce-gabbana-trekking-inspirierte-luxus-sneaker-stiefel","status":"publish","type":"product","link":"https:\/\/tpmadalina42.supserv.cozmoslabs.com\/fi\/tuote-2\/dolce-gabbana-trekking-inspirierte-luxus-sneaker-stiefel\/","title":{"rendered":"Dolce &amp; Gabbana Trekking-inspirierte Luxus-Sneaker-Stiefel"},"content":{"rendered":"<p>Treten Sie ein in Luxus und Stil mit diesen Trekking-inspirierten Sneaker-Stiefeln, die Ihnen von dem renommierten Modehaus Dolce &amp; Gabbana pr\u00e4sentiert werden. Diese wundersch\u00f6nen, brandneuen Schuhe werden mit Etikett geliefert, was ihre Authentizit\u00e4t und Top-Qualit\u00e4t garantiert. Die vielseitige schwarze Farbe sorgt f\u00fcr ein elegantes Aussehen, w\u00e4hrend die meisterhafte Kombination von Materialien Haltbarkeit und Komfort verspricht. Ob f\u00fcr ein urbanes Abenteuer oder um Ihren l\u00e4ssigen Ensembles einen Hauch von Klasse zu verleihen, diese Sneaker-Boots werden in Italien mit einer Verpflichtung zur Handwerkskunst hergestellt und verf\u00fcgen \u00fcber eindeutige Logodetails auf einer robusten Gummisohle.<\/p>\n<ul>\n<li>Material: 40% PL, 10% Viskose, 50% Leder<\/li>\n<li>V\u00e4ri: Musta<\/li>\n<li>Alkuper\u00e4maa: SE<\/li>\n<\/ul>","protected":false},"excerpt":{"rendered":"<p>Treten Sie ein in Luxus und Stil mit diesen Trekking-inspirierten Sneaker-Stiefeln, die Ihnen von dem renommierten Modehaus Dolce &amp; Gabbana pr\u00e4sentiert werden. Diese wundersch\u00f6nen, brandneuen Schuhe werden mit Etikett geliefert, was ihre Authentizit\u00e4t und Top-Qualit\u00e4t garantiert. Die vielseitige schwarze Farbe sorgt f\u00fcr ein elegantes Aussehen, w\u00e4hrend die meisterhafte Kombination von Materialien Haltbarkeit und Komfort verspricht. [&hellip;]<\/p>","protected":false},"featured_media":151298,"template":"","meta":[],"product_brand":[1620],"product_cat":[1634,1624,1654],"product_tag":[],"class_list":{"0":"post-151305","1":"product","2":"type-product","3":"status-publish","4":"has-post-thumbnail","6":"product_brand-dolce-gabbana","7":"product_cat-maenner-schuhe","8":"product_cat-schuhe","9":"product_cat-stiefel","11":"first","12":"instock","13":"sale","14":"taxable","15":"shipping-taxable","16":"purchasable","17":"product-type-variable"},"_links":{"self":[{"href":"https:\/\/tpmadalina42.supserv.cozmoslabs.com\/fi\/wp-json\/wp\/v2\/product\/151305","targetHints":{"allow":["GET"]}}],"collection":[{"href":"https:\/\/tpmadalina42.supserv.cozmoslabs.com\/fi\/wp-json\/wp\/v2\/product"}],"about":[{"href":"https:\/\/tpmadalina42.supserv.cozmoslabs.com\/fi\/wp-json\/wp\/v2\/types\/product"}],"wp:featuredmedia":[{"embeddable":true,"href":"https:\/\/tpmadalina42.supserv.cozmoslabs.com\/fi\/wp-json\/wp\/v2\/media\/151298"}],"wp:attachment":[{"href":"https:\/\/tpmadalina42.supserv.cozmoslabs.com\/fi\/wp-json\/wp\/v2\/media?parent=151305"}],"wp:term":[{"taxonomy":"product_brand","embeddable":true,"href":"https:\/\/tpmadalina42.supserv.cozmoslabs.com\/fi\/wp-json\/wp\/v2\/product_brand?post=151305"},{"taxonomy":"product_cat","embeddable":true,"href":"https:\/\/tpmadalina42.supserv.cozmoslabs.com\/fi\/wp-json\/wp\/v2\/product_cat?post=151305"},{"taxonomy":"product_tag","embeddable":true,"href":"https:\/\/tpmadalina42.supserv.cozmoslabs.com\/fi\/wp-json\/wp\/v2\/product_tag?post=151305"}],"curies":[{"name":"wp","href":"https:\/\/api.w.org\/{rel}","templated":true}]}}