{"id":152964,"date":"2024-07-25T17:35:39","date_gmt":"2024-07-26T00:35:39","guid":{"rendered":"https:\/\/glandine.com\/product\/pinko-schicke-gelbe-skinny-freizeithose-mit-niedriger-taille\/"},"modified":"2024-11-29T15:32:43","modified_gmt":"2024-11-29T14:32:43","slug":"pinko-schicke-gelbe-skinny-freizeithose-mit-niedriger-taille","status":"publish","type":"product","link":"https:\/\/tpmadalina42.supserv.cozmoslabs.com\/fi\/tuote-2\/pinko-schicke-gelbe-skinny-freizeithose-mit-niedriger-taille\/","title":{"rendered":"PINKO Schicke gelbe Skinny Freizeithose mit niedriger Taille"},"content":{"rendered":"<p>Mit dieser auff\u00e4lligen gelben Hose von PINKO k\u00f6nnen Sie sonnige Tage mit Flair erleben. Perfekt, um Ihrer Garderobe einen Farbtupfer zu verpassen, verbindet diese Skinny-Hose mit niedriger Taille Komfort mit Stil. Der figurschmeichelnde Schnitt und das Stretch-Mischgewebe sorgen f\u00fcr eine perfekte Passform f\u00fcr jeden l\u00e4ssig-schicken Anlass. Der raffinierte Rei\u00dfverschluss und die dezenten Logodetails machen diese Hose zu einer m\u00fchelosen Eleganz.<\/p>\n<ul>\n<li>V\u00e4ri: Keltainen<\/li>\n<li>Materiaali: 98% puuvilla, 2% elastaani.<\/li>\n<li>Alkuper\u00e4maa: IT<\/li>\n<\/ul>","protected":false},"excerpt":{"rendered":"<p>Mit dieser auff\u00e4lligen gelben Hose von PINKO k\u00f6nnen Sie sonnige Tage mit Flair erleben. Perfekt, um Ihrer Garderobe einen Farbtupfer zu verpassen, verbindet diese Skinny-Hose mit niedriger Taille Komfort mit Stil. Der figurschmeichelnde Schnitt und das Stretch-Mischgewebe sorgen f\u00fcr eine perfekte Passform f\u00fcr jeden l\u00e4ssig-schicken Anlass. Der raffinierte Rei\u00dfverschluss und die dezenten Logodetails machen diese [&hellip;]<\/p>","protected":false},"featured_media":152960,"template":"","meta":[],"product_brand":[2064],"product_cat":[1637,1686,1623],"product_tag":[],"class_list":{"0":"post-152964","1":"product","2":"type-product","3":"status-publish","4":"has-post-thumbnail","6":"product_brand-pinko","7":"product_cat-frauen-kleidung","8":"product_cat-jeans-hosen-frauen-kleidung","9":"product_cat-kleidung","11":"first","12":"instock","13":"sale","14":"taxable","15":"shipping-taxable","16":"purchasable","17":"product-type-variable"},"_links":{"self":[{"href":"https:\/\/tpmadalina42.supserv.cozmoslabs.com\/fi\/wp-json\/wp\/v2\/product\/152964","targetHints":{"allow":["GET"]}}],"collection":[{"href":"https:\/\/tpmadalina42.supserv.cozmoslabs.com\/fi\/wp-json\/wp\/v2\/product"}],"about":[{"href":"https:\/\/tpmadalina42.supserv.cozmoslabs.com\/fi\/wp-json\/wp\/v2\/types\/product"}],"wp:featuredmedia":[{"embeddable":true,"href":"https:\/\/tpmadalina42.supserv.cozmoslabs.com\/fi\/wp-json\/wp\/v2\/media\/152960"}],"wp:attachment":[{"href":"https:\/\/tpmadalina42.supserv.cozmoslabs.com\/fi\/wp-json\/wp\/v2\/media?parent=152964"}],"wp:term":[{"taxonomy":"product_brand","embeddable":true,"href":"https:\/\/tpmadalina42.supserv.cozmoslabs.com\/fi\/wp-json\/wp\/v2\/product_brand?post=152964"},{"taxonomy":"product_cat","embeddable":true,"href":"https:\/\/tpmadalina42.supserv.cozmoslabs.com\/fi\/wp-json\/wp\/v2\/product_cat?post=152964"},{"taxonomy":"product_tag","embeddable":true,"href":"https:\/\/tpmadalina42.supserv.cozmoslabs.com\/fi\/wp-json\/wp\/v2\/product_tag?post=152964"}],"curies":[{"name":"wp","href":"https:\/\/api.w.org\/{rel}","templated":true}]}}