{"id":153046,"date":"2024-07-25T17:41:14","date_gmt":"2024-07-26T00:41:14","guid":{"rendered":"https:\/\/glandine.com\/product\/plein-sud-schicke-mini-shorts-mit-mittlerer-taille-in-leuchtendem-orange\/"},"modified":"2024-11-29T15:34:05","modified_gmt":"2024-11-29T14:34:05","slug":"plein-sud-schicke-mini-shorts-mit-mittlerer-taille-in-leuchtendem-orange","status":"publish","type":"product","link":"https:\/\/tpmadalina42.supserv.cozmoslabs.com\/fi\/tuote-2\/plein-sud-schicke-mini-shorts-mit-mittlerer-taille-in-leuchtendem-orange\/","title":{"rendered":"PLEIN SUD Tyylikk\u00e4\u00e4t keskivy\u00f6t\u00e4r\u00f6iset minishortsit kirkkaan oranssissa"},"content":{"rendered":"<p>Steigen Sie ein in die W\u00e4rme der Saison mit diesen umwerfenden, brandneuen <b>PLEIN SUD<\/b> Mid Waist Mini Shorts. Die mit viel Liebe zum Detail gefertigten Shorts bieten sowohl Komfort als auch High-End-Stil und sind somit ein Muss f\u00fcr Ihre raffinierte Sommergarderobe. Mit ihrem auff\u00e4lligen Orangeton ziehen sie alle Blicke auf sich und werten jedes Ensemble auf. Perfekt f\u00fcr alle, die modische St\u00fccke mit einer Mischung aus klassischen und modernen Elementen bevorzugen.<\/p>\n<ul>\n<li>V\u00e4ri: Oranssi<\/li>\n<li>Materiaali: 98% puuvilla, 2% elastaani.<\/li>\n<li>Alkuper\u00e4maa: IT<\/li>\n<li>Mid Waist Mini Short Stil mit Rei\u00dfverschluss<\/li>\n<li>Exquisite Logodetails f\u00fcr einen Hauch von Luxus<\/li>\n<\/ul>","protected":false},"excerpt":{"rendered":"<p>Steigen Sie ein in die W\u00e4rme der Saison mit diesen umwerfenden, brandneuen PLEIN SUD Mid Waist Mini Shorts. Die mit viel Liebe zum Detail gefertigten Shorts bieten sowohl Komfort als auch High-End-Stil und sind somit ein Muss f\u00fcr Ihre raffinierte Sommergarderobe. Mit ihrem auff\u00e4lligen Orangeton ziehen sie alle Blicke auf sich und werten jedes Ensemble [&hellip;]<\/p>","protected":false},"featured_media":153042,"template":"","meta":[],"product_brand":[1929],"product_cat":[1637,1623,1698],"product_tag":[],"class_list":{"0":"post-153046","1":"product","2":"type-product","3":"status-publish","4":"has-post-thumbnail","6":"product_brand-plein-sud","7":"product_cat-frauen-kleidung","8":"product_cat-kleidung","9":"product_cat-kurze-hosen-frauen-kleidung","11":"first","12":"instock","13":"sale","14":"taxable","15":"shipping-taxable","16":"purchasable","17":"product-type-variable"},"_links":{"self":[{"href":"https:\/\/tpmadalina42.supserv.cozmoslabs.com\/fi\/wp-json\/wp\/v2\/product\/153046","targetHints":{"allow":["GET"]}}],"collection":[{"href":"https:\/\/tpmadalina42.supserv.cozmoslabs.com\/fi\/wp-json\/wp\/v2\/product"}],"about":[{"href":"https:\/\/tpmadalina42.supserv.cozmoslabs.com\/fi\/wp-json\/wp\/v2\/types\/product"}],"wp:featuredmedia":[{"embeddable":true,"href":"https:\/\/tpmadalina42.supserv.cozmoslabs.com\/fi\/wp-json\/wp\/v2\/media\/153042"}],"wp:attachment":[{"href":"https:\/\/tpmadalina42.supserv.cozmoslabs.com\/fi\/wp-json\/wp\/v2\/media?parent=153046"}],"wp:term":[{"taxonomy":"product_brand","embeddable":true,"href":"https:\/\/tpmadalina42.supserv.cozmoslabs.com\/fi\/wp-json\/wp\/v2\/product_brand?post=153046"},{"taxonomy":"product_cat","embeddable":true,"href":"https:\/\/tpmadalina42.supserv.cozmoslabs.com\/fi\/wp-json\/wp\/v2\/product_cat?post=153046"},{"taxonomy":"product_tag","embeddable":true,"href":"https:\/\/tpmadalina42.supserv.cozmoslabs.com\/fi\/wp-json\/wp\/v2\/product_tag?post=153046"}],"curies":[{"name":"wp","href":"https:\/\/api.w.org\/{rel}","templated":true}]}}