{"id":153381,"date":"2024-07-25T17:58:32","date_gmt":"2024-07-26T00:58:32","guid":{"rendered":"https:\/\/glandine.com\/product\/john-richmond-schwarzes-seidenmantel-maxikleid-mit-pailletten\/"},"modified":"2024-11-29T15:38:11","modified_gmt":"2024-11-29T14:38:11","slug":"john-richmond-schwarzes-seidenmantel-maxikleid-mit-pailletten","status":"publish","type":"product","link":"https:\/\/tpmadalina42.supserv.cozmoslabs.com\/fi\/tuote-2\/john-richmond-schwarzes-seidenmantel-maxikleid-mit-pailletten\/","title":{"rendered":"John Richmond Schwarzes Seidenmantel-Maxikleid mit Pailletten"},"content":{"rendered":"<p>Mit diesem atemberaubenden Maxikleid <strong>von John Richmond<\/strong> setzen Sie bei jedem gehobenen Anlass einen eleganten Akzent. Wundersch\u00f6n aus luxuri\u00f6ser 100% Seide gefertigt und mit exquisiten schwarzen Pailletten und Perlen f\u00fcr einen verf\u00fchrerischen Glanz verziert. Das in Italien gefertigte Kleid besticht durch seine hochwertige Verarbeitung und seine schmeichelhafte, lang\u00e4rmelige Mantelsilhouette. Es verf\u00fcgt au\u00dferdem \u00fcber einen praktischen R\u00fcckenrei\u00dfverschluss und ein bequemes schwarzes Stretch-Innenfutter. Mit den unverwechselbaren Logodetails ist diese Kreation von John Richmond ein Zeugnis f\u00fcr hohe Mode und Exklusivit\u00e4t.<\/p>\n<ul>\n<li>Materiaali: 100% silkki<\/li>\n<li>V\u00e4ri: Musta<\/li>\n<li>Alkuper\u00e4maa: IT<\/li>\n<\/ul>","protected":false},"excerpt":{"rendered":"<p>Mit diesem atemberaubenden Maxikleid von John Richmond setzen Sie bei jedem gehobenen Anlass einen eleganten Akzent. Wundersch\u00f6n aus luxuri\u00f6ser 100% Seide gefertigt und mit exquisiten schwarzen Pailletten und Perlen f\u00fcr einen verf\u00fchrerischen Glanz verziert. Das in Italien gefertigte Kleid besticht durch seine hochwertige Verarbeitung und seine schmeichelhafte, lang\u00e4rmelige Mantelsilhouette. Es verf\u00fcgt au\u00dferdem \u00fcber einen praktischen [&hellip;]<\/p>","protected":false},"featured_media":153376,"template":"","meta":[],"product_brand":[2448],"product_cat":[1637,1659,1623],"product_tag":[],"class_list":{"0":"post-153381","1":"product","2":"type-product","3":"status-publish","4":"has-post-thumbnail","6":"product_brand-john-richmond","7":"product_cat-frauen-kleidung","8":"product_cat-kleider","9":"product_cat-kleidung","11":"first","12":"instock","13":"sale","14":"taxable","15":"shipping-taxable","16":"purchasable","17":"product-type-variable"},"_links":{"self":[{"href":"https:\/\/tpmadalina42.supserv.cozmoslabs.com\/fi\/wp-json\/wp\/v2\/product\/153381","targetHints":{"allow":["GET"]}}],"collection":[{"href":"https:\/\/tpmadalina42.supserv.cozmoslabs.com\/fi\/wp-json\/wp\/v2\/product"}],"about":[{"href":"https:\/\/tpmadalina42.supserv.cozmoslabs.com\/fi\/wp-json\/wp\/v2\/types\/product"}],"wp:featuredmedia":[{"embeddable":true,"href":"https:\/\/tpmadalina42.supserv.cozmoslabs.com\/fi\/wp-json\/wp\/v2\/media\/153376"}],"wp:attachment":[{"href":"https:\/\/tpmadalina42.supserv.cozmoslabs.com\/fi\/wp-json\/wp\/v2\/media?parent=153381"}],"wp:term":[{"taxonomy":"product_brand","embeddable":true,"href":"https:\/\/tpmadalina42.supserv.cozmoslabs.com\/fi\/wp-json\/wp\/v2\/product_brand?post=153381"},{"taxonomy":"product_cat","embeddable":true,"href":"https:\/\/tpmadalina42.supserv.cozmoslabs.com\/fi\/wp-json\/wp\/v2\/product_cat?post=153381"},{"taxonomy":"product_tag","embeddable":true,"href":"https:\/\/tpmadalina42.supserv.cozmoslabs.com\/fi\/wp-json\/wp\/v2\/product_tag?post=153381"}],"curies":[{"name":"wp","href":"https:\/\/api.w.org\/{rel}","templated":true}]}}