{"id":153399,"date":"2024-07-25T17:59:29","date_gmt":"2024-07-26T00:59:29","guid":{"rendered":"https:\/\/glandine.com\/product\/john-richmond-elegantes-schwarzes-minikleid-aus-seide-mit-pailletten\/"},"modified":"2024-11-29T15:38:27","modified_gmt":"2024-11-29T14:38:27","slug":"john-richmond-elegantes-schwarzes-minikleid-aus-seide-mit-pailletten","status":"publish","type":"product","link":"https:\/\/tpmadalina42.supserv.cozmoslabs.com\/fi\/tuote-2\/john-richmond-elegantes-schwarzes-minikleid-aus-seide-mit-pailletten\/","title":{"rendered":"John Richmond tyylik\u00e4s musta paljetetulla silkkiminimekko"},"content":{"rendered":"<p>Tauchen Sie ein in die Welt des Glamours mit diesem atemberaubenden Kleid <strong>von John Richmond<\/strong>. Dieses Minikleid mit 3\/4-\u00c4rmeln ist perfekt f\u00fcr ein schickes Event geeignet und besticht durch exquisite Pailletten- und Perlenverzierungen, einen schmeichelhaften Kordelzugverschluss und die f\u00fcr die Marke typische Liebe zum Detail. Gefertigt aus 100% Seide und in Italien, verspricht dieses Kleid ein luxuri\u00f6ses Erlebnis und hohe Handwerkskunst. Erh\u00f6hen Sie Ihre Garderobe mit diesem eleganten St\u00fcck.<\/p>\n<ul>\n<li>V\u00e4ri: Musta<\/li>\n<li>Materiaali: 100% silkki<\/li>\n<li>Alkuper\u00e4maa: IT<\/li>\n<\/ul>","protected":false},"excerpt":{"rendered":"<p>Tauchen Sie ein in die Welt des Glamours mit diesem atemberaubenden Kleid von John Richmond. Dieses Minikleid mit 3\/4-\u00c4rmeln ist perfekt f\u00fcr ein schickes Event geeignet und besticht durch exquisite Pailletten- und Perlenverzierungen, einen schmeichelhaften Kordelzugverschluss und die f\u00fcr die Marke typische Liebe zum Detail. Gefertigt aus 100% Seide und in Italien, verspricht dieses Kleid [&hellip;]<\/p>","protected":false},"featured_media":153394,"template":"","meta":[],"product_brand":[2448],"product_cat":[1637,1659,1623],"product_tag":[],"class_list":{"0":"post-153399","1":"product","2":"type-product","3":"status-publish","4":"has-post-thumbnail","6":"product_brand-john-richmond","7":"product_cat-frauen-kleidung","8":"product_cat-kleider","9":"product_cat-kleidung","11":"first","12":"instock","13":"sale","14":"taxable","15":"shipping-taxable","16":"purchasable","17":"product-type-variable"},"_links":{"self":[{"href":"https:\/\/tpmadalina42.supserv.cozmoslabs.com\/fi\/wp-json\/wp\/v2\/product\/153399","targetHints":{"allow":["GET"]}}],"collection":[{"href":"https:\/\/tpmadalina42.supserv.cozmoslabs.com\/fi\/wp-json\/wp\/v2\/product"}],"about":[{"href":"https:\/\/tpmadalina42.supserv.cozmoslabs.com\/fi\/wp-json\/wp\/v2\/types\/product"}],"wp:featuredmedia":[{"embeddable":true,"href":"https:\/\/tpmadalina42.supserv.cozmoslabs.com\/fi\/wp-json\/wp\/v2\/media\/153394"}],"wp:attachment":[{"href":"https:\/\/tpmadalina42.supserv.cozmoslabs.com\/fi\/wp-json\/wp\/v2\/media?parent=153399"}],"wp:term":[{"taxonomy":"product_brand","embeddable":true,"href":"https:\/\/tpmadalina42.supserv.cozmoslabs.com\/fi\/wp-json\/wp\/v2\/product_brand?post=153399"},{"taxonomy":"product_cat","embeddable":true,"href":"https:\/\/tpmadalina42.supserv.cozmoslabs.com\/fi\/wp-json\/wp\/v2\/product_cat?post=153399"},{"taxonomy":"product_tag","embeddable":true,"href":"https:\/\/tpmadalina42.supserv.cozmoslabs.com\/fi\/wp-json\/wp\/v2\/product_tag?post=153399"}],"curies":[{"name":"wp","href":"https:\/\/api.w.org\/{rel}","templated":true}]}}