{"id":153453,"date":"2024-07-25T18:02:10","date_gmt":"2024-07-26T01:02:10","guid":{"rendered":"https:\/\/glandine.com\/product\/john-richmond-bezauberndes-schwarzes-maxi-schlagkleid\/"},"modified":"2024-11-29T15:39:48","modified_gmt":"2024-11-29T14:39:48","slug":"john-richmond-bezauberndes-schwarzes-maxi-schlagkleid","status":"publish","type":"product","link":"https:\/\/tpmadalina42.supserv.cozmoslabs.com\/fi\/tuote-2\/john-richmond-bezauberndes-schwarzes-maxi-schlagkleid\/","title":{"rendered":"John Richmond Suloinen musta Maxi Flare mekko"},"content":{"rendered":"<p>Gehen Sie stilvoll aus mit diesem atemberaubenden <strong>John Richmond<\/strong> Flare Maxikleid. Wundersch\u00f6ne brandneue mit Tags, strahlt dieses Kleid Eleganz und ist in Handarbeit gemacht, um Ihre Silhouette zu akzentuieren. Mit exquisiten Pailletten- und Perlenstickereien in Silber, einem eleganten Rei\u00dfverschluss am R\u00fccken und einem luxuri\u00f6sen Innenfutter aus schwarzer Seide mit Stretch-Anteil strahlt es ein Gef\u00fchl von exklusiver Handwerkskunst made in Italy aus. Perfekt f\u00fcr jede gehobene Veranstaltung, bei der es darauf ankommt, einen guten Eindruck zu hinterlassen.<\/p>\n<ul>\n<li>V\u00e4ri: Musta<\/li>\n<li>Material: 48% Viskose, 47% Baumwolle, 5% Elasthan<\/li>\n<li>Sis\u00e4vuori: 94% silkki, 6% elastaani<\/li>\n<li>Alkuper\u00e4maa: IT<\/li>\n<\/ul>","protected":false},"excerpt":{"rendered":"<p>Gehen Sie stilvoll aus mit diesem atemberaubenden John Richmond Flare Maxikleid. Wundersch\u00f6ne brandneue mit Tags, strahlt dieses Kleid Eleganz und ist in Handarbeit gemacht, um Ihre Silhouette zu akzentuieren. Mit exquisiten Pailletten- und Perlenstickereien in Silber, einem eleganten Rei\u00dfverschluss am R\u00fccken und einem luxuri\u00f6sen Innenfutter aus schwarzer Seide mit Stretch-Anteil strahlt es ein Gef\u00fchl von [&hellip;]<\/p>","protected":false},"featured_media":153448,"template":"","meta":[],"product_brand":[2448],"product_cat":[1637,1659,1623],"product_tag":[],"class_list":{"0":"post-153453","1":"product","2":"type-product","3":"status-publish","4":"has-post-thumbnail","6":"product_brand-john-richmond","7":"product_cat-frauen-kleidung","8":"product_cat-kleider","9":"product_cat-kleidung","11":"first","12":"instock","13":"sale","14":"taxable","15":"shipping-taxable","16":"purchasable","17":"product-type-variable"},"_links":{"self":[{"href":"https:\/\/tpmadalina42.supserv.cozmoslabs.com\/fi\/wp-json\/wp\/v2\/product\/153453","targetHints":{"allow":["GET"]}}],"collection":[{"href":"https:\/\/tpmadalina42.supserv.cozmoslabs.com\/fi\/wp-json\/wp\/v2\/product"}],"about":[{"href":"https:\/\/tpmadalina42.supserv.cozmoslabs.com\/fi\/wp-json\/wp\/v2\/types\/product"}],"wp:featuredmedia":[{"embeddable":true,"href":"https:\/\/tpmadalina42.supserv.cozmoslabs.com\/fi\/wp-json\/wp\/v2\/media\/153448"}],"wp:attachment":[{"href":"https:\/\/tpmadalina42.supserv.cozmoslabs.com\/fi\/wp-json\/wp\/v2\/media?parent=153453"}],"wp:term":[{"taxonomy":"product_brand","embeddable":true,"href":"https:\/\/tpmadalina42.supserv.cozmoslabs.com\/fi\/wp-json\/wp\/v2\/product_brand?post=153453"},{"taxonomy":"product_cat","embeddable":true,"href":"https:\/\/tpmadalina42.supserv.cozmoslabs.com\/fi\/wp-json\/wp\/v2\/product_cat?post=153453"},{"taxonomy":"product_tag","embeddable":true,"href":"https:\/\/tpmadalina42.supserv.cozmoslabs.com\/fi\/wp-json\/wp\/v2\/product_tag?post=153453"}],"curies":[{"name":"wp","href":"https:\/\/api.w.org\/{rel}","templated":true}]}}