{"id":153674,"date":"2024-07-25T18:11:30","date_gmt":"2024-07-26T01:11:30","guid":{"rendered":"https:\/\/glandine.com\/product\/exte-hinreissende-rote-bluse-mit-kristallverzierung\/"},"modified":"2024-11-29T15:42:51","modified_gmt":"2024-11-29T14:42:51","slug":"exte-hinreissende-rote-bluse-mit-kristallverzierung","status":"publish","type":"product","link":"https:\/\/tpmadalina42.supserv.cozmoslabs.com\/fi\/tuote-2\/exte-hinreissende-rote-bluse-mit-kristallverzierung\/","title":{"rendered":"Exte Hinrei\u00dfende rote Bluse mit Kristallverzierung"},"content":{"rendered":"<p>Mit dieser umwerfenden <b>Exte-Bluse<\/b> (neu mit Etikett) setzen Sie auf jeder Veranstaltung ein Zeichen f\u00fcr Eleganz. Sie hat einen schicken Rundhalsausschnitt und lange \u00c4rmel, die mit schimmernden Kristallen f\u00fcr einen Hauch von Glamour verziert sind. Eine perfekte Mischung aus Raffinesse und Stil.<\/p>\n<ul>\n<li>V\u00e4ri: punainen<\/li>\n<li>Materiaali: 65% polyesteri 35% puuvilla<\/li>\n<li>Alkuper\u00e4maa: IT<\/li>\n<\/ul>","protected":false},"excerpt":{"rendered":"<p>Mit dieser umwerfenden Exte-Bluse (neu mit Etikett) setzen Sie auf jeder Veranstaltung ein Zeichen f\u00fcr Eleganz. Sie hat einen schicken Rundhalsausschnitt und lange \u00c4rmel, die mit schimmernden Kristallen f\u00fcr einen Hauch von Glamour verziert sind. Eine perfekte Mischung aus Raffinesse und Stil. Farbe: Rot Material: 65% Polyester 35% Baumwolle Herkunftsland: IT<\/p>","protected":false},"featured_media":153669,"template":"","meta":[],"product_brand":[2019],"product_cat":[1637,1623,1714],"product_tag":[],"class_list":{"0":"post-153674","1":"product","2":"type-product","3":"status-publish","4":"has-post-thumbnail","6":"product_brand-exte","7":"product_cat-frauen-kleidung","8":"product_cat-kleidung","9":"product_cat-oberteile-t-shirts","11":"first","12":"instock","13":"sale","14":"taxable","15":"shipping-taxable","16":"purchasable","17":"product-type-variable"},"_links":{"self":[{"href":"https:\/\/tpmadalina42.supserv.cozmoslabs.com\/fi\/wp-json\/wp\/v2\/product\/153674","targetHints":{"allow":["GET"]}}],"collection":[{"href":"https:\/\/tpmadalina42.supserv.cozmoslabs.com\/fi\/wp-json\/wp\/v2\/product"}],"about":[{"href":"https:\/\/tpmadalina42.supserv.cozmoslabs.com\/fi\/wp-json\/wp\/v2\/types\/product"}],"wp:featuredmedia":[{"embeddable":true,"href":"https:\/\/tpmadalina42.supserv.cozmoslabs.com\/fi\/wp-json\/wp\/v2\/media\/153669"}],"wp:attachment":[{"href":"https:\/\/tpmadalina42.supserv.cozmoslabs.com\/fi\/wp-json\/wp\/v2\/media?parent=153674"}],"wp:term":[{"taxonomy":"product_brand","embeddable":true,"href":"https:\/\/tpmadalina42.supserv.cozmoslabs.com\/fi\/wp-json\/wp\/v2\/product_brand?post=153674"},{"taxonomy":"product_cat","embeddable":true,"href":"https:\/\/tpmadalina42.supserv.cozmoslabs.com\/fi\/wp-json\/wp\/v2\/product_cat?post=153674"},{"taxonomy":"product_tag","embeddable":true,"href":"https:\/\/tpmadalina42.supserv.cozmoslabs.com\/fi\/wp-json\/wp\/v2\/product_tag?post=153674"}],"curies":[{"name":"wp","href":"https:\/\/api.w.org\/{rel}","templated":true}]}}