{"id":153712,"date":"2024-07-25T18:13:02","date_gmt":"2024-07-26T01:13:02","guid":{"rendered":"https:\/\/glandine.com\/product\/pink-memories-schickes-aermelloses-spaghetti-traeger-top\/"},"modified":"2024-11-29T15:43:20","modified_gmt":"2024-11-29T14:43:20","slug":"pink-memories-schickes-aermelloses-spaghetti-traeger-top","status":"publish","type":"product","link":"https:\/\/tpmadalina42.supserv.cozmoslabs.com\/fi\/tuote-2\/pink-memories-schickes-aermelloses-spaghetti-traeger-top\/","title":{"rendered":"PINK MEMORIES Schickes \u00e4rmelloses Spaghetti-Tr\u00e4ger-Top"},"content":{"rendered":"<p>Das neue Spaghetti-Tr\u00e4ger-Top von PINK MEMORIES ist der Inbegriff von Eleganz. Diese \u00e4rmellose Bluse ist der Inbegriff von Chic. Sie ist aus 100 % hochwertiger Baumwolle gefertigt und bietet einen angenehmen Tragekomfort. Der auff\u00e4llige schwarze Farbton macht sie zu einer zeitlosen Erg\u00e4nzung f\u00fcr jede Garderobe. Das mit viel Liebe zum Detail gefertigte Oberteil mit Rundhalsausschnitt und dezenten Logo-Akzenten spiegelt das Engagement der Marke f\u00fcr hochwertiges Design wider.<\/p>\n<ul>\n<li>Materiaali: 100% puuvilla<\/li>\n<li>V\u00e4ri: Musta<\/li>\n<li>Alkuper\u00e4maa: IT<\/li>\n<\/ul>","protected":false},"excerpt":{"rendered":"<p>Das neue Spaghetti-Tr\u00e4ger-Top von PINK MEMORIES ist der Inbegriff von Eleganz. Diese \u00e4rmellose Bluse ist der Inbegriff von Chic. Sie ist aus 100 % hochwertiger Baumwolle gefertigt und bietet einen angenehmen Tragekomfort. Der auff\u00e4llige schwarze Farbton macht sie zu einer zeitlosen Erg\u00e4nzung f\u00fcr jede Garderobe. Das mit viel Liebe zum Detail gefertigte Oberteil mit Rundhalsausschnitt [&hellip;]<\/p>","protected":false},"featured_media":153707,"template":"","meta":[],"product_brand":[1908],"product_cat":[1637,1623,1714],"product_tag":[],"class_list":{"0":"post-153712","1":"product","2":"type-product","3":"status-publish","4":"has-post-thumbnail","6":"product_brand-pink-memories","7":"product_cat-frauen-kleidung","8":"product_cat-kleidung","9":"product_cat-oberteile-t-shirts","11":"first","12":"instock","13":"sale","14":"taxable","15":"shipping-taxable","16":"purchasable","17":"product-type-variable"},"_links":{"self":[{"href":"https:\/\/tpmadalina42.supserv.cozmoslabs.com\/fi\/wp-json\/wp\/v2\/product\/153712","targetHints":{"allow":["GET"]}}],"collection":[{"href":"https:\/\/tpmadalina42.supserv.cozmoslabs.com\/fi\/wp-json\/wp\/v2\/product"}],"about":[{"href":"https:\/\/tpmadalina42.supserv.cozmoslabs.com\/fi\/wp-json\/wp\/v2\/types\/product"}],"wp:featuredmedia":[{"embeddable":true,"href":"https:\/\/tpmadalina42.supserv.cozmoslabs.com\/fi\/wp-json\/wp\/v2\/media\/153707"}],"wp:attachment":[{"href":"https:\/\/tpmadalina42.supserv.cozmoslabs.com\/fi\/wp-json\/wp\/v2\/media?parent=153712"}],"wp:term":[{"taxonomy":"product_brand","embeddable":true,"href":"https:\/\/tpmadalina42.supserv.cozmoslabs.com\/fi\/wp-json\/wp\/v2\/product_brand?post=153712"},{"taxonomy":"product_cat","embeddable":true,"href":"https:\/\/tpmadalina42.supserv.cozmoslabs.com\/fi\/wp-json\/wp\/v2\/product_cat?post=153712"},{"taxonomy":"product_tag","embeddable":true,"href":"https:\/\/tpmadalina42.supserv.cozmoslabs.com\/fi\/wp-json\/wp\/v2\/product_tag?post=153712"}],"curies":[{"name":"wp","href":"https:\/\/api.w.org\/{rel}","templated":true}]}}