{"id":153784,"date":"2024-07-25T18:16:14","date_gmt":"2024-07-26T01:16:14","guid":{"rendered":"https:\/\/glandine.com\/product\/costume-national-glam-kurzaermeliges-top-mit-tiefem-ausschnitt\/"},"modified":"2024-11-29T15:44:23","modified_gmt":"2024-11-29T14:44:23","slug":"costume-national-glam-kurzaermeliges-top-mit-tiefem-ausschnitt","status":"publish","type":"product","link":"https:\/\/tpmadalina42.supserv.cozmoslabs.com\/fi\/tuote-2\/costume-national-glam-kurzaermeliges-top-mit-tiefem-ausschnitt\/","title":{"rendered":"Lyhythihainen Costume National Glam-pusero, jossa uppoava p\u00e4\u00e4ntie"},"content":{"rendered":"<p>Tauchen Sie ein in die Eleganz mit diesem Oberteil von <b>Costume National<\/b>, das modernen Luxus definiert. Das mehrfarbige Muster verleiht Ihrem Look einen verspielten Twist, w\u00e4hrend der tiefe Ausschnitt eine verf\u00fchrerische Silhouette zaubert. Perfekt f\u00fcr einen stilvollen Tagesausflug oder eine raffinierte Abendveranstaltung, verbindet dieses Oberteil Komfort und High-End-Mode nahtlos miteinander.<\/p>\n<ul>\n<li>Materiaali: polyesteri<\/li>\n<li>V\u00e4ri: Moniv\u00e4rinen<\/li>\n<li>Alkuper\u00e4maa: IT<\/li>\n<li>Logon yksityiskohdat<\/li>\n<\/ul>","protected":false},"excerpt":{"rendered":"<p>Tauchen Sie ein in die Eleganz mit diesem Oberteil von Costume National, das modernen Luxus definiert. Das mehrfarbige Muster verleiht Ihrem Look einen verspielten Twist, w\u00e4hrend der tiefe Ausschnitt eine verf\u00fchrerische Silhouette zaubert. Perfekt f\u00fcr einen stilvollen Tagesausflug oder eine raffinierte Abendveranstaltung, verbindet dieses Oberteil Komfort und High-End-Mode nahtlos miteinander. Material: Polyester Farbe: Multicolor Herkunftsland: [&hellip;]<\/p>","protected":false},"featured_media":153779,"template":"","meta":[],"product_brand":[1790],"product_cat":[1637,1623,1714],"product_tag":[],"class_list":{"0":"post-153784","1":"product","2":"type-product","3":"status-publish","4":"has-post-thumbnail","6":"product_brand-costume-national","7":"product_cat-frauen-kleidung","8":"product_cat-kleidung","9":"product_cat-oberteile-t-shirts","11":"first","12":"instock","13":"sale","14":"taxable","15":"shipping-taxable","16":"purchasable","17":"product-type-variable"},"_links":{"self":[{"href":"https:\/\/tpmadalina42.supserv.cozmoslabs.com\/fi\/wp-json\/wp\/v2\/product\/153784","targetHints":{"allow":["GET"]}}],"collection":[{"href":"https:\/\/tpmadalina42.supserv.cozmoslabs.com\/fi\/wp-json\/wp\/v2\/product"}],"about":[{"href":"https:\/\/tpmadalina42.supserv.cozmoslabs.com\/fi\/wp-json\/wp\/v2\/types\/product"}],"wp:featuredmedia":[{"embeddable":true,"href":"https:\/\/tpmadalina42.supserv.cozmoslabs.com\/fi\/wp-json\/wp\/v2\/media\/153779"}],"wp:attachment":[{"href":"https:\/\/tpmadalina42.supserv.cozmoslabs.com\/fi\/wp-json\/wp\/v2\/media?parent=153784"}],"wp:term":[{"taxonomy":"product_brand","embeddable":true,"href":"https:\/\/tpmadalina42.supserv.cozmoslabs.com\/fi\/wp-json\/wp\/v2\/product_brand?post=153784"},{"taxonomy":"product_cat","embeddable":true,"href":"https:\/\/tpmadalina42.supserv.cozmoslabs.com\/fi\/wp-json\/wp\/v2\/product_cat?post=153784"},{"taxonomy":"product_tag","embeddable":true,"href":"https:\/\/tpmadalina42.supserv.cozmoslabs.com\/fi\/wp-json\/wp\/v2\/product_tag?post=153784"}],"curies":[{"name":"wp","href":"https:\/\/api.w.org\/{rel}","templated":true}]}}