{"id":153791,"date":"2024-07-25T18:16:34","date_gmt":"2024-07-26T01:16:34","guid":{"rendered":"https:\/\/glandine.com\/product\/exte-schicker-dunkelblauer-minirock-in-a-linie\/"},"modified":"2024-11-29T15:44:34","modified_gmt":"2024-11-29T14:44:34","slug":"exte-schicker-dunkelblauer-minirock-in-a-linie","status":"publish","type":"product","link":"https:\/\/tpmadalina42.supserv.cozmoslabs.com\/fi\/tuote-2\/exte-chic-tummansininen-minihame-linjassa\/","title":{"rendered":"Exte Tyylik\u00e4s tummansininen A-linjainen minihame"},"content":{"rendered":"<p>L\u00f6yd\u00e4 eleganssin ruumiillistuma Exte A-linjaisen minihameen avulla. T\u00e4m\u00e4 hame sopii t\u00e4ydellisesti muotitietoisille, ja se on upouusi ja varustettu etiketill\u00e4, joka takaa 100% aitouden. Sen tummansininen v\u00e4ri tuo hienostuneisuutta kaikkiin kokonaisuuksiin, ja 98%-puuvillan ja 2%-elastaanin sekoitus takaa mukavuuden ja imartelevan istuvuuden. K\u00e4yt\u00e4nn\u00f6llinen vetoketjukiinnitys ja hienovarainen logokoristelu tekev\u00e4t t\u00e4st\u00e4 hameesta monipuolisen lis\u00e4yksen vaatekaappiisi, jossa tyyli ja k\u00e4yt\u00e4nn\u00f6llisyys ovat tasapainossa. Valmistaudu k\u00e4\u00e4nt\u00e4m\u00e4\u00e4n katseet t\u00e4ss\u00e4 Exte:n must-hankinnassa.<\/p>\n<ul>\n<li>V\u00e4ri: Sininen<\/li>\n<li>Materiaali: 98% puuvilla, 2% elastaani.<\/li>\n<li>Alkuper\u00e4maa: IT<\/li>\n<\/ul>","protected":false},"excerpt":{"rendered":"<p>Entdecken Sie den Inbegriff von Eleganz mit dem Exte Minirock in A-Linie. Dieser Rock ist perfekt f\u00fcr modebewusste Menschen und wird ganz neu mit Etikett geliefert, was 100%ige Echtheit garantiert. Seine dunkelblaue Farbe verleiht jedem Ensemble einen Hauch von Raffinesse, w\u00e4hrend die Mischung aus 98% Baumwolle und 2% Elastan sowohl Komfort als auch eine schmeichelhafte [&hellip;]<\/p>","protected":false},"featured_media":153787,"template":"","meta":[],"product_brand":[2019],"product_cat":[1637,1623,1699],"product_tag":[],"class_list":{"0":"post-153791","1":"product","2":"type-product","3":"status-publish","4":"has-post-thumbnail","6":"product_brand-exte","7":"product_cat-frauen-kleidung","8":"product_cat-kleidung","9":"product_cat-roecke","11":"first","12":"instock","13":"sale","14":"taxable","15":"shipping-taxable","16":"purchasable","17":"product-type-variable"},"_links":{"self":[{"href":"https:\/\/tpmadalina42.supserv.cozmoslabs.com\/fi\/wp-json\/wp\/v2\/product\/153791","targetHints":{"allow":["GET"]}}],"collection":[{"href":"https:\/\/tpmadalina42.supserv.cozmoslabs.com\/fi\/wp-json\/wp\/v2\/product"}],"about":[{"href":"https:\/\/tpmadalina42.supserv.cozmoslabs.com\/fi\/wp-json\/wp\/v2\/types\/product"}],"wp:featuredmedia":[{"embeddable":true,"href":"https:\/\/tpmadalina42.supserv.cozmoslabs.com\/fi\/wp-json\/wp\/v2\/media\/153787"}],"wp:attachment":[{"href":"https:\/\/tpmadalina42.supserv.cozmoslabs.com\/fi\/wp-json\/wp\/v2\/media?parent=153791"}],"wp:term":[{"taxonomy":"product_brand","embeddable":true,"href":"https:\/\/tpmadalina42.supserv.cozmoslabs.com\/fi\/wp-json\/wp\/v2\/product_brand?post=153791"},{"taxonomy":"product_cat","embeddable":true,"href":"https:\/\/tpmadalina42.supserv.cozmoslabs.com\/fi\/wp-json\/wp\/v2\/product_cat?post=153791"},{"taxonomy":"product_tag","embeddable":true,"href":"https:\/\/tpmadalina42.supserv.cozmoslabs.com\/fi\/wp-json\/wp\/v2\/product_tag?post=153791"}],"curies":[{"name":"wp","href":"https:\/\/api.w.org\/{rel}","templated":true}]}}