{"id":153871,"date":"2024-07-25T18:20:31","date_gmt":"2024-07-26T01:20:31","guid":{"rendered":"https:\/\/glandine.com\/product\/bencivenga-elegante-gestreifte-straight-fit-hose\/"},"modified":"2024-11-29T15:45:53","modified_gmt":"2024-11-29T14:45:53","slug":"bencivenga-elegante-gestreifte-straight-fit-hose","status":"publish","type":"product","link":"https:\/\/tpmadalina42.supserv.cozmoslabs.com\/fi\/tuote-2\/bencivenga-elegante-gestreifte-straight-fit-hose\/","title":{"rendered":"BENCIVENGA Elegante gestreifte Straight Fit-Hose"},"content":{"rendered":"<p>Mit dieser Hose von BENCIVENGA in gerader Passform sind Sie bestens ger\u00fcstet, um Ihrer Garderobe modische Eleganz zu verleihen. Diese brandneue, atemberaubende Hose wird komplett mit Etikett geliefert und ist aus 100 % Premium-Baumwolle gefertigt, die sowohl Komfort als auch Haltbarkeit garantiert. Sie wurde in Italien entworfen und hergestellt und verf\u00fcgt \u00fcber schicke schwarze Streifen, die sich m\u00fchelos von der B\u00fcro- zur Abendgarderobe kombinieren lassen. Die dezenten Logodetails verleihen dieser wundersch\u00f6nen Hose einen zus\u00e4tzlichen Hauch von Luxus.<\/p>\n<ul>\n<li>Materiaali: 100% puuvilla<\/li>\n<li>V\u00e4ri: Musta<\/li>\n<li>Alkuper\u00e4maa: IT<\/li>\n<li>Logon yksityiskohdat<\/li>\n<li>Valmistettu Italiassa<\/li>\n<\/ul>","protected":false},"excerpt":{"rendered":"<p>Mit dieser Hose von BENCIVENGA in gerader Passform sind Sie bestens ger\u00fcstet, um Ihrer Garderobe modische Eleganz zu verleihen. Diese brandneue, atemberaubende Hose wird komplett mit Etikett geliefert und ist aus 100 % Premium-Baumwolle gefertigt, die sowohl Komfort als auch Haltbarkeit garantiert. Sie wurde in Italien entworfen und hergestellt und verf\u00fcgt \u00fcber schicke schwarze Streifen, [&hellip;]<\/p>","protected":false},"featured_media":153867,"template":"","meta":[],"product_brand":[2017],"product_cat":[1637,1686,1623],"product_tag":[],"class_list":{"0":"post-153871","1":"product","2":"type-product","3":"status-publish","4":"has-post-thumbnail","6":"product_brand-bencivenga","7":"product_cat-frauen-kleidung","8":"product_cat-jeans-hosen-frauen-kleidung","9":"product_cat-kleidung","11":"first","12":"instock","13":"sale","14":"taxable","15":"shipping-taxable","16":"purchasable","17":"product-type-variable"},"_links":{"self":[{"href":"https:\/\/tpmadalina42.supserv.cozmoslabs.com\/fi\/wp-json\/wp\/v2\/product\/153871","targetHints":{"allow":["GET"]}}],"collection":[{"href":"https:\/\/tpmadalina42.supserv.cozmoslabs.com\/fi\/wp-json\/wp\/v2\/product"}],"about":[{"href":"https:\/\/tpmadalina42.supserv.cozmoslabs.com\/fi\/wp-json\/wp\/v2\/types\/product"}],"wp:featuredmedia":[{"embeddable":true,"href":"https:\/\/tpmadalina42.supserv.cozmoslabs.com\/fi\/wp-json\/wp\/v2\/media\/153867"}],"wp:attachment":[{"href":"https:\/\/tpmadalina42.supserv.cozmoslabs.com\/fi\/wp-json\/wp\/v2\/media?parent=153871"}],"wp:term":[{"taxonomy":"product_brand","embeddable":true,"href":"https:\/\/tpmadalina42.supserv.cozmoslabs.com\/fi\/wp-json\/wp\/v2\/product_brand?post=153871"},{"taxonomy":"product_cat","embeddable":true,"href":"https:\/\/tpmadalina42.supserv.cozmoslabs.com\/fi\/wp-json\/wp\/v2\/product_cat?post=153871"},{"taxonomy":"product_tag","embeddable":true,"href":"https:\/\/tpmadalina42.supserv.cozmoslabs.com\/fi\/wp-json\/wp\/v2\/product_tag?post=153871"}],"curies":[{"name":"wp","href":"https:\/\/api.w.org\/{rel}","templated":true}]}}