{"id":153972,"date":"2024-07-25T18:24:55","date_gmt":"2024-07-26T01:24:55","guid":{"rendered":"https:\/\/glandine.com\/product\/gf-ferre-schicker-minirock-mit-hoher-taille-und-a-linie\/"},"modified":"2024-11-29T15:47:20","modified_gmt":"2024-11-29T14:47:20","slug":"gf-ferre-schicker-minirock-mit-hoher-taille-und-a-linie","status":"publish","type":"product","link":"https:\/\/tpmadalina42.supserv.cozmoslabs.com\/fi\/tuote-2\/gf-ferre-schicker-minirock-mit-hoher-taille-und-a-linie\/","title":{"rendered":"GF Ferre Chic korkeavy\u00f6t\u00e4r\u00f6inen A-linjainen minihame"},"content":{"rendered":"<p>Dieser zeitlos elegante Minirock <strong>von GF Ferre<\/strong> ist ein Muss f\u00fcr jeden modebewussten Mann. Dieser wundersch\u00f6ne, brandneue Rock mit Etikett hat eine schicke A-Linien-Silhouette mit hoher Taille, die jeder Figur schmeichelt. Details wie der Rei\u00dfverschluss und das dezente Logo unterstreichen den Designer-Appeal und sorgen f\u00fcr einen eleganten und stilvollen Look.<\/p>\n<ul>\n<li>V\u00e4ri: Sininen<\/li>\n<li>Materiaali: puuvillasekoitus<\/li>\n<li>Alkuper\u00e4maa: IT<\/li>\n<\/ul>","protected":false},"excerpt":{"rendered":"<p>Dieser zeitlos elegante Minirock von GF Ferre ist ein Muss f\u00fcr jeden modebewussten Mann. Dieser wundersch\u00f6ne, brandneue Rock mit Etikett hat eine schicke A-Linien-Silhouette mit hoher Taille, die jeder Figur schmeichelt. Details wie der Rei\u00dfverschluss und das dezente Logo unterstreichen den Designer-Appeal und sorgen f\u00fcr einen eleganten und stilvollen Look. Farbe: Blau Material: Baumwollmischung Herkunftsland: [&hellip;]<\/p>","protected":false},"featured_media":153968,"template":"","meta":[],"product_brand":[1822],"product_cat":[1637,1623,1699],"product_tag":[],"class_list":{"0":"post-153972","1":"product","2":"type-product","3":"status-publish","4":"has-post-thumbnail","6":"product_brand-gf-ferre","7":"product_cat-frauen-kleidung","8":"product_cat-kleidung","9":"product_cat-roecke","11":"first","12":"instock","13":"sale","14":"taxable","15":"shipping-taxable","16":"purchasable","17":"product-type-variable"},"_links":{"self":[{"href":"https:\/\/tpmadalina42.supserv.cozmoslabs.com\/fi\/wp-json\/wp\/v2\/product\/153972","targetHints":{"allow":["GET"]}}],"collection":[{"href":"https:\/\/tpmadalina42.supserv.cozmoslabs.com\/fi\/wp-json\/wp\/v2\/product"}],"about":[{"href":"https:\/\/tpmadalina42.supserv.cozmoslabs.com\/fi\/wp-json\/wp\/v2\/types\/product"}],"wp:featuredmedia":[{"embeddable":true,"href":"https:\/\/tpmadalina42.supserv.cozmoslabs.com\/fi\/wp-json\/wp\/v2\/media\/153968"}],"wp:attachment":[{"href":"https:\/\/tpmadalina42.supserv.cozmoslabs.com\/fi\/wp-json\/wp\/v2\/media?parent=153972"}],"wp:term":[{"taxonomy":"product_brand","embeddable":true,"href":"https:\/\/tpmadalina42.supserv.cozmoslabs.com\/fi\/wp-json\/wp\/v2\/product_brand?post=153972"},{"taxonomy":"product_cat","embeddable":true,"href":"https:\/\/tpmadalina42.supserv.cozmoslabs.com\/fi\/wp-json\/wp\/v2\/product_cat?post=153972"},{"taxonomy":"product_tag","embeddable":true,"href":"https:\/\/tpmadalina42.supserv.cozmoslabs.com\/fi\/wp-json\/wp\/v2\/product_tag?post=153972"}],"curies":[{"name":"wp","href":"https:\/\/api.w.org\/{rel}","templated":true}]}}