{"id":154204,"date":"2024-07-25T18:37:14","date_gmt":"2024-07-26T01:37:14","guid":{"rendered":"https:\/\/glandine.com\/product\/dolce-gabbana-elegantes-gold-spitze-a-linie-knielang-kleid\/"},"modified":"2024-11-29T15:53:44","modified_gmt":"2024-11-29T14:53:44","slug":"dolce-gabbana-elegantes-gold-spitze-a-linie-knielang-kleid","status":"publish","type":"product","link":"https:\/\/tpmadalina42.supserv.cozmoslabs.com\/fi\/tuote-2\/dolce-gabbana-elegantes-gold-spitze-a-linie-knielang-kleid\/","title":{"rendered":"Dolce &amp; Gabbana Elegantti kultainen pitsinen A-linjainen polvipituinen mekko"},"content":{"rendered":"<p>G\u00f6nnen Sie sich den Luxus dieses atemberaubenden knielangen Kleides in A-Linie von Dolce &amp; Gabbana. Perfekt f\u00fcr besondere Anl\u00e4sse ist dieses Kleid mit einem durchsichtigen Design aus goldener Spitze, das Raffinesse und Glamour ausstrahlt. Das Kleid ist aus einer zarten Mischung aus Baumwolle, Nylon und Seide gefertigt und bietet sowohl Komfort als auch einen Hauch von Eleganz. Mit seinen charakteristischen Logodetails und der fachm\u00e4nnischen italienischen Handwerkskunst ist dieses St\u00fcck ein Beweis f\u00fcr Dolce &amp; Gabbanas Engagement f\u00fcr hochwertige, exklusive Mode. Der Knopfverschluss sorgt f\u00fcr eine nahtlose Passform, so dass Sie sich mit Anmut und Selbstvertrauen bewegen k\u00f6nnen.<\/p>\n<ul>\n<li>V\u00e4ri: Kulta<\/li>\n<li>Material: 75% Baumwolle 20% Nylon 5% Seide<\/li>\n<li>Alkuper\u00e4maa: IT<\/li>\n<li>Yksityiskohdat logosta<\/li>\n<li>Valmistettu Italiassa<\/li>\n<li>Korkea ammattitaito<\/li>\n<\/ul>","protected":false},"excerpt":{"rendered":"<p>G\u00f6nnen Sie sich den Luxus dieses atemberaubenden knielangen Kleides in A-Linie von Dolce &amp; Gabbana. Perfekt f\u00fcr besondere Anl\u00e4sse ist dieses Kleid mit einem durchsichtigen Design aus goldener Spitze, das Raffinesse und Glamour ausstrahlt. Das Kleid ist aus einer zarten Mischung aus Baumwolle, Nylon und Seide gefertigt und bietet sowohl Komfort als auch einen Hauch [&hellip;]<\/p>","protected":false},"featured_media":154199,"template":"","meta":[],"product_brand":[1620],"product_cat":[1637,1659,1623],"product_tag":[],"class_list":{"0":"post-154204","1":"product","2":"type-product","3":"status-publish","4":"has-post-thumbnail","6":"product_brand-dolce-gabbana","7":"product_cat-frauen-kleidung","8":"product_cat-kleider","9":"product_cat-kleidung","11":"first","12":"instock","13":"sale","14":"taxable","15":"shipping-taxable","16":"purchasable","17":"product-type-variable"},"_links":{"self":[{"href":"https:\/\/tpmadalina42.supserv.cozmoslabs.com\/fi\/wp-json\/wp\/v2\/product\/154204","targetHints":{"allow":["GET"]}}],"collection":[{"href":"https:\/\/tpmadalina42.supserv.cozmoslabs.com\/fi\/wp-json\/wp\/v2\/product"}],"about":[{"href":"https:\/\/tpmadalina42.supserv.cozmoslabs.com\/fi\/wp-json\/wp\/v2\/types\/product"}],"wp:featuredmedia":[{"embeddable":true,"href":"https:\/\/tpmadalina42.supserv.cozmoslabs.com\/fi\/wp-json\/wp\/v2\/media\/154199"}],"wp:attachment":[{"href":"https:\/\/tpmadalina42.supserv.cozmoslabs.com\/fi\/wp-json\/wp\/v2\/media?parent=154204"}],"wp:term":[{"taxonomy":"product_brand","embeddable":true,"href":"https:\/\/tpmadalina42.supserv.cozmoslabs.com\/fi\/wp-json\/wp\/v2\/product_brand?post=154204"},{"taxonomy":"product_cat","embeddable":true,"href":"https:\/\/tpmadalina42.supserv.cozmoslabs.com\/fi\/wp-json\/wp\/v2\/product_cat?post=154204"},{"taxonomy":"product_tag","embeddable":true,"href":"https:\/\/tpmadalina42.supserv.cozmoslabs.com\/fi\/wp-json\/wp\/v2\/product_tag?post=154204"}],"curies":[{"name":"wp","href":"https:\/\/api.w.org\/{rel}","templated":true}]}}