{"id":154573,"date":"2024-07-25T18:55:16","date_gmt":"2024-07-26T01:55:16","guid":{"rendered":"https:\/\/glandine.com\/product\/dolce-gabbana-eleganter-rosa-spitzenrock-mit-hoher-taille\/"},"modified":"2024-11-29T16:03:39","modified_gmt":"2024-11-29T15:03:39","slug":"dolce-gabbana-eleganter-rosa-spitzenrock-mit-hoher-taille","status":"publish","type":"product","link":"https:\/\/tpmadalina42.supserv.cozmoslabs.com\/fi\/tuote-2\/dolce-gabbana-eleganter-rosa-spitzenrock-mit-hoher-taille\/","title":{"rendered":"Dolce &amp; Gabbana Eleganter rosa Spitzenrock mit hoher Taille"},"content":{"rendered":"<p>Lassen Sie sich von der exquisiten Handwerkskunst von Dolce &amp; Gabbana mit diesem atemberaubenden knielangen, hochtaillierten rosa Spitzenrock begeistern. Perfekt, um jeder Garderobe einen Hauch von romantischer Eleganz zu verleihen. Der Rock verf\u00fcgt \u00fcber einen schicken Rei\u00dfverschluss und die charakteristischen Logodetails der Marke. Dieses luxuri\u00f6se Modell wurde in Italien gefertigt und ist ein echter Hingucker.<\/p>\n<ul>\n<li>V\u00e4ri: Pinkki<\/li>\n<li>Material: 74% Nylon 26% Baumwolle<\/li>\n<li>Alkuper\u00e4maa: Italia<\/li>\n<\/ul>","protected":false},"excerpt":{"rendered":"<p>Lassen Sie sich von der exquisiten Handwerkskunst von Dolce &amp; Gabbana mit diesem atemberaubenden knielangen, hochtaillierten rosa Spitzenrock begeistern. Perfekt, um jeder Garderobe einen Hauch von romantischer Eleganz zu verleihen. Der Rock verf\u00fcgt \u00fcber einen schicken Rei\u00dfverschluss und die charakteristischen Logodetails der Marke. Dieses luxuri\u00f6se Modell wurde in Italien gefertigt und ist ein echter Hingucker. [&hellip;]<\/p>","protected":false},"featured_media":154568,"template":"","meta":[],"product_brand":[1620],"product_cat":[1637,1623,1699],"product_tag":[],"class_list":{"0":"post-154573","1":"product","2":"type-product","3":"status-publish","4":"has-post-thumbnail","6":"product_brand-dolce-gabbana","7":"product_cat-frauen-kleidung","8":"product_cat-kleidung","9":"product_cat-roecke","11":"first","12":"instock","13":"sale","14":"taxable","15":"shipping-taxable","16":"purchasable","17":"product-type-variable"},"_links":{"self":[{"href":"https:\/\/tpmadalina42.supserv.cozmoslabs.com\/fi\/wp-json\/wp\/v2\/product\/154573","targetHints":{"allow":["GET"]}}],"collection":[{"href":"https:\/\/tpmadalina42.supserv.cozmoslabs.com\/fi\/wp-json\/wp\/v2\/product"}],"about":[{"href":"https:\/\/tpmadalina42.supserv.cozmoslabs.com\/fi\/wp-json\/wp\/v2\/types\/product"}],"wp:featuredmedia":[{"embeddable":true,"href":"https:\/\/tpmadalina42.supserv.cozmoslabs.com\/fi\/wp-json\/wp\/v2\/media\/154568"}],"wp:attachment":[{"href":"https:\/\/tpmadalina42.supserv.cozmoslabs.com\/fi\/wp-json\/wp\/v2\/media?parent=154573"}],"wp:term":[{"taxonomy":"product_brand","embeddable":true,"href":"https:\/\/tpmadalina42.supserv.cozmoslabs.com\/fi\/wp-json\/wp\/v2\/product_brand?post=154573"},{"taxonomy":"product_cat","embeddable":true,"href":"https:\/\/tpmadalina42.supserv.cozmoslabs.com\/fi\/wp-json\/wp\/v2\/product_cat?post=154573"},{"taxonomy":"product_tag","embeddable":true,"href":"https:\/\/tpmadalina42.supserv.cozmoslabs.com\/fi\/wp-json\/wp\/v2\/product_tag?post=154573"}],"curies":[{"name":"wp","href":"https:\/\/api.w.org\/{rel}","templated":true}]}}