{"id":154581,"date":"2024-07-25T18:55:42","date_gmt":"2024-07-26T01:55:42","guid":{"rendered":"https:\/\/glandine.com\/product\/dolce-gabbana-schicker-federverzierter-rock-mit-hoher-taille\/"},"modified":"2024-11-29T16:03:50","modified_gmt":"2024-11-29T15:03:50","slug":"dolce-gabbana-schicker-federverzierter-rock-mit-hoher-taille","status":"publish","type":"product","link":"https:\/\/tpmadalina42.supserv.cozmoslabs.com\/fi\/tuote-2\/dolce-gabbana-schicker-federverzierter-rock-mit-hoher-taille\/","title":{"rendered":"Dolce &amp; Gabbana Schicker, federverzierter Rock mit hoher Taille"},"content":{"rendered":"<p>Setzen Sie auf k\u00fchne Eleganz mit dem atemberaubenden Rock mit hoher Taille von Dolce &amp; Gabbana, der mit leuchtenden mehrfarbigen Federn verziert ist und einen Hauch von opulenter Laune vermittelt. Dieses exquisite St\u00fcck wurde mit Pr\u00e4zision in Italien gefertigt und ist der Inbegriff von Luxusmode. Es sitzt oberhalb des Knies und verleiht Ihrer Garderobe sowohl Flair als auch Raffinesse. Mit einem eleganten Rei\u00dfverschluss und dem kultigen Logo-Detail garantiert dieser Rock Authentizit\u00e4t und Markenqualit\u00e4t.<\/p>\n<ul>\n<li>Material: 70% Truthahnfedern 15% Viskose 14% Acetat 1% Elastan<\/li>\n<li>Futter: 94% Seide 6% Elastan<\/li>\n<li>V\u00e4ri: Moniv\u00e4rinen<\/li>\n<li>Alkuper\u00e4maa: IT<\/li>\n<\/ul>","protected":false},"excerpt":{"rendered":"<p>Setzen Sie auf k\u00fchne Eleganz mit dem atemberaubenden Rock mit hoher Taille von Dolce &amp; Gabbana, der mit leuchtenden mehrfarbigen Federn verziert ist und einen Hauch von opulenter Laune vermittelt. Dieses exquisite St\u00fcck wurde mit Pr\u00e4zision in Italien gefertigt und ist der Inbegriff von Luxusmode. Es sitzt oberhalb des Knies und verleiht Ihrer Garderobe sowohl [&hellip;]<\/p>","protected":false},"featured_media":154576,"template":"","meta":[],"product_brand":[1620],"product_cat":[1637,1623,1699],"product_tag":[],"class_list":{"0":"post-154581","1":"product","2":"type-product","3":"status-publish","4":"has-post-thumbnail","6":"product_brand-dolce-gabbana","7":"product_cat-frauen-kleidung","8":"product_cat-kleidung","9":"product_cat-roecke","11":"first","12":"instock","13":"sale","14":"taxable","15":"shipping-taxable","16":"purchasable","17":"product-type-variable"},"_links":{"self":[{"href":"https:\/\/tpmadalina42.supserv.cozmoslabs.com\/fi\/wp-json\/wp\/v2\/product\/154581","targetHints":{"allow":["GET"]}}],"collection":[{"href":"https:\/\/tpmadalina42.supserv.cozmoslabs.com\/fi\/wp-json\/wp\/v2\/product"}],"about":[{"href":"https:\/\/tpmadalina42.supserv.cozmoslabs.com\/fi\/wp-json\/wp\/v2\/types\/product"}],"wp:featuredmedia":[{"embeddable":true,"href":"https:\/\/tpmadalina42.supserv.cozmoslabs.com\/fi\/wp-json\/wp\/v2\/media\/154576"}],"wp:attachment":[{"href":"https:\/\/tpmadalina42.supserv.cozmoslabs.com\/fi\/wp-json\/wp\/v2\/media?parent=154581"}],"wp:term":[{"taxonomy":"product_brand","embeddable":true,"href":"https:\/\/tpmadalina42.supserv.cozmoslabs.com\/fi\/wp-json\/wp\/v2\/product_brand?post=154581"},{"taxonomy":"product_cat","embeddable":true,"href":"https:\/\/tpmadalina42.supserv.cozmoslabs.com\/fi\/wp-json\/wp\/v2\/product_cat?post=154581"},{"taxonomy":"product_tag","embeddable":true,"href":"https:\/\/tpmadalina42.supserv.cozmoslabs.com\/fi\/wp-json\/wp\/v2\/product_tag?post=154581"}],"curies":[{"name":"wp","href":"https:\/\/api.w.org\/{rel}","templated":true}]}}