{"id":154654,"date":"2024-07-25T18:59:07","date_gmt":"2024-07-26T01:59:07","guid":{"rendered":"https:\/\/glandine.com\/product\/dolce-gabbana-elegante-gefuetterte-blaue-jacke-mit-polka-dot\/"},"modified":"2024-11-29T16:05:14","modified_gmt":"2024-11-29T15:05:14","slug":"dolce-gabbana-elegante-gefuetterte-blaue-jacke-mit-polka-dot","status":"publish","type":"product","link":"https:\/\/tpmadalina42.supserv.cozmoslabs.com\/fi\/tuote-2\/dolce-gabbana-elegante-gefuetterte-blaue-jacke-mit-polka-dot\/","title":{"rendered":"Dolce &amp; Gabbana Elegantti vuorattu sininen pilkullinen takki"},"content":{"rendered":"<p>Gehen Sie stilvoll aus mit dieser atemberaubenden <strong>Dolce &amp; Gabbana<\/strong> Manteljacke, brandneu mit Etiketten. Mit Pr\u00e4zision in Italien gefertigt, strahlt dieser Mantel Eleganz und High-End-Handwerkskunst aus. Der schlichte blaue Farbton wird durch ein verspieltes wei\u00dfes Polka-Dot-Futter erg\u00e4nzt, das einen Hauch von Laune verbreitet. Der Knopfverschluss auf der Vorderseite sorgt f\u00fcr einen klassischen Look, w\u00e4hrend die beiden Au\u00dfentaschen mit Rei\u00dfverschluss sowohl Stil als auch Zweckm\u00e4\u00dfigkeit bieten. Die sorgf\u00e4ltige Verarbeitung von Logodetails macht diese Jacke zu einer exklusiven Erg\u00e4nzung f\u00fcr jede Garderobe.<\/p>\n<ul>\n<li>V\u00e4ri: Sininen<\/li>\n<li>Materiaali: 100% puuvilla<\/li>\n<li>Futter: 97% Polyester, 3% Elastan<\/li>\n<li>Alkuper\u00e4maa: Italia<\/li>\n<\/ul>","protected":false},"excerpt":{"rendered":"<p>Gehen Sie stilvoll aus mit dieser atemberaubenden Dolce &amp; Gabbana Manteljacke, brandneu mit Etiketten. Mit Pr\u00e4zision in Italien gefertigt, strahlt dieser Mantel Eleganz und High-End-Handwerkskunst aus. Der schlichte blaue Farbton wird durch ein verspieltes wei\u00dfes Polka-Dot-Futter erg\u00e4nzt, das einen Hauch von Laune verbreitet. Der Knopfverschluss auf der Vorderseite sorgt f\u00fcr einen klassischen Look, w\u00e4hrend die [&hellip;]<\/p>","protected":false},"featured_media":154647,"template":"","meta":[],"product_brand":[1620],"product_cat":[1637,1670,1623],"product_tag":[],"class_list":{"0":"post-154654","1":"product","2":"type-product","3":"status-publish","4":"has-post-thumbnail","6":"product_brand-dolce-gabbana","7":"product_cat-frauen-kleidung","8":"product_cat-jacken-maentel","9":"product_cat-kleidung","11":"first","12":"instock","13":"sale","14":"taxable","15":"shipping-taxable","16":"purchasable","17":"product-type-variable"},"_links":{"self":[{"href":"https:\/\/tpmadalina42.supserv.cozmoslabs.com\/fi\/wp-json\/wp\/v2\/product\/154654","targetHints":{"allow":["GET"]}}],"collection":[{"href":"https:\/\/tpmadalina42.supserv.cozmoslabs.com\/fi\/wp-json\/wp\/v2\/product"}],"about":[{"href":"https:\/\/tpmadalina42.supserv.cozmoslabs.com\/fi\/wp-json\/wp\/v2\/types\/product"}],"wp:featuredmedia":[{"embeddable":true,"href":"https:\/\/tpmadalina42.supserv.cozmoslabs.com\/fi\/wp-json\/wp\/v2\/media\/154647"}],"wp:attachment":[{"href":"https:\/\/tpmadalina42.supserv.cozmoslabs.com\/fi\/wp-json\/wp\/v2\/media?parent=154654"}],"wp:term":[{"taxonomy":"product_brand","embeddable":true,"href":"https:\/\/tpmadalina42.supserv.cozmoslabs.com\/fi\/wp-json\/wp\/v2\/product_brand?post=154654"},{"taxonomy":"product_cat","embeddable":true,"href":"https:\/\/tpmadalina42.supserv.cozmoslabs.com\/fi\/wp-json\/wp\/v2\/product_cat?post=154654"},{"taxonomy":"product_tag","embeddable":true,"href":"https:\/\/tpmadalina42.supserv.cozmoslabs.com\/fi\/wp-json\/wp\/v2\/product_tag?post=154654"}],"curies":[{"name":"wp","href":"https:\/\/api.w.org\/{rel}","templated":true}]}}