{"id":154850,"date":"2024-07-25T19:10:34","date_gmt":"2024-07-26T02:10:34","guid":{"rendered":"https:\/\/glandine.com\/product\/dolce-gabbana-elegantes-v-ausschnitt-westenoberteil-aus-seidenmischung\/"},"modified":"2024-11-29T16:07:40","modified_gmt":"2024-11-29T15:07:40","slug":"dolce-gabbana-elegantes-v-ausschnitt-westenoberteil-aus-seidenmischung","status":"publish","type":"product","link":"https:\/\/tpmadalina42.supserv.cozmoslabs.com\/fi\/tuote-2\/dolce-gabbana-elegantes-v-ausschnitt-westenoberteil-aus-seidenmischung\/","title":{"rendered":"Dolce &amp; Gabbana Elegantes V-Ausschnitt-Westenoberteil aus Seidenmischung"},"content":{"rendered":"<p>G\u00f6nnen Sie sich die luxuri\u00f6se Eleganz dieses atemberaubenden <b>Dolce &amp; Gabbana<\/b> V-Ausschnitt \u00e4rmellosen Vest Top. Dieses exquisite Kleidungsst\u00fcck ist perfekt geeignet, um jedem Ensemble einen Hauch von Raffinesse zu verleihen. Das reiche Brokatmuster in Rosa und Gold sorgt daf\u00fcr, dass Sie bei jeder High-End-Veranstaltung oder einem anspruchsvollen Abend die Blicke auf sich ziehen. Diese in Italien gefertigte Weste ist mit dezenten Logodetails verziert und besteht aus einer kostbaren Mischung aus Seide, Nylon und mehr. Sie strahlt Premiumqualit\u00e4t und unvergleichlichen Stil aus.<\/p>\n<ul>\n<li>Material: 45% Seide, 23% Nylon, 20% Acetat, 9% ME, 3% Elastan<\/li>\n<li>Farbe: Gold und Rosa<\/li>\n<li>Alkuper\u00e4maa: Italia<\/li>\n<\/ul>","protected":false},"excerpt":{"rendered":"<p>G\u00f6nnen Sie sich die luxuri\u00f6se Eleganz dieses atemberaubenden Dolce &amp; Gabbana V-Ausschnitt \u00e4rmellosen Vest Top. Dieses exquisite Kleidungsst\u00fcck ist perfekt geeignet, um jedem Ensemble einen Hauch von Raffinesse zu verleihen. Das reiche Brokatmuster in Rosa und Gold sorgt daf\u00fcr, dass Sie bei jeder High-End-Veranstaltung oder einem anspruchsvollen Abend die Blicke auf sich ziehen. Diese in [&hellip;]<\/p>","protected":false},"featured_media":154845,"template":"","meta":[],"product_brand":[1620],"product_cat":[1637,1623,1719],"product_tag":[],"class_list":{"0":"post-154850","1":"product","2":"type-product","3":"status-publish","4":"has-post-thumbnail","6":"product_brand-dolce-gabbana","7":"product_cat-frauen-kleidung","8":"product_cat-kleidung","9":"product_cat-schutzwesten","11":"first","12":"instock","13":"sale","14":"taxable","15":"shipping-taxable","16":"purchasable","17":"product-type-variable"},"_links":{"self":[{"href":"https:\/\/tpmadalina42.supserv.cozmoslabs.com\/fi\/wp-json\/wp\/v2\/product\/154850","targetHints":{"allow":["GET"]}}],"collection":[{"href":"https:\/\/tpmadalina42.supserv.cozmoslabs.com\/fi\/wp-json\/wp\/v2\/product"}],"about":[{"href":"https:\/\/tpmadalina42.supserv.cozmoslabs.com\/fi\/wp-json\/wp\/v2\/types\/product"}],"wp:featuredmedia":[{"embeddable":true,"href":"https:\/\/tpmadalina42.supserv.cozmoslabs.com\/fi\/wp-json\/wp\/v2\/media\/154845"}],"wp:attachment":[{"href":"https:\/\/tpmadalina42.supserv.cozmoslabs.com\/fi\/wp-json\/wp\/v2\/media?parent=154850"}],"wp:term":[{"taxonomy":"product_brand","embeddable":true,"href":"https:\/\/tpmadalina42.supserv.cozmoslabs.com\/fi\/wp-json\/wp\/v2\/product_brand?post=154850"},{"taxonomy":"product_cat","embeddable":true,"href":"https:\/\/tpmadalina42.supserv.cozmoslabs.com\/fi\/wp-json\/wp\/v2\/product_cat?post=154850"},{"taxonomy":"product_tag","embeddable":true,"href":"https:\/\/tpmadalina42.supserv.cozmoslabs.com\/fi\/wp-json\/wp\/v2\/product_tag?post=154850"}],"curies":[{"name":"wp","href":"https:\/\/api.w.org\/{rel}","templated":true}]}}