{"id":154960,"date":"2024-07-25T19:44:08","date_gmt":"2024-07-26T02:44:08","guid":{"rendered":"https:\/\/glandine.com\/product\/dolce-gabbana-eleganter-bordeauxfarbener-taormina-blazer-aus-kaschmir\/"},"modified":"2024-11-29T16:37:48","modified_gmt":"2024-11-29T15:37:48","slug":"dolce-gabbana-eleganter-bordeauxfarbener-taormina-blazer-aus-kaschmir","status":"publish","type":"product","link":"https:\/\/tpmadalina42.supserv.cozmoslabs.com\/fi\/tuote-2\/dolce-gabbana-eleganter-bordeauxfarbener-taormina-blazer-aus-kaschmir\/","title":{"rendered":"Dolce &amp; Gabbana Tyylik\u00e4s viininpunainen kashmir Taormina bleiseri"},"content":{"rendered":"<p>Treten Sie ein in die Welt des Luxus mit diesem absolut atemberaubenden <strong>Dolce &amp; Gabbana<\/strong> Taormina Blazer. Dieser bordeauxfarbene Blazer wurde aus der feinsten Mischung aus Kaschmir und Elastan gefertigt und ist ein Zeugnis f\u00fcr Eleganz und hervorragende Schneiderkunst. Seine schmale Passform sorgt f\u00fcr eine schlanke Silhouette, w\u00e4hrend der doppelreihige Verschluss und die vielen Taschen sowohl Funktionalit\u00e4t als auch Stil verleihen. Perfekt f\u00fcr formelle Anl\u00e4sse und mit dem Anspruch, ein Statement zu setzen, verk\u00f6rpert dieses au\u00dfergew\u00f6hnliche St\u00fcck italienische Raffinesse.<\/p>\n<ul>\n<li>Material: 97% Kaschmir, 3% Elastan<\/li>\n<li>Innenfutter: 96% Seide, 4% Elastan<\/li>\n<li>V\u00e4ri: Bordeaux<\/li>\n<li>Passform: Schlanke Passform<\/li>\n<li>Verschluss: Zwei Kn\u00f6pfe vorne<\/li>\n<li>Taschen: Drei Vordertaschen, Drei Innentaschen<\/li>\n<li>Alkuper\u00e4maa: Italia<\/li>\n<\/ul>","protected":false},"excerpt":{"rendered":"<p>Treten Sie ein in die Welt des Luxus mit diesem absolut atemberaubenden Dolce &amp; Gabbana Taormina Blazer. Dieser bordeauxfarbene Blazer wurde aus der feinsten Mischung aus Kaschmir und Elastan gefertigt und ist ein Zeugnis f\u00fcr Eleganz und hervorragende Schneiderkunst. Seine schmale Passform sorgt f\u00fcr eine schlanke Silhouette, w\u00e4hrend der doppelreihige Verschluss und die vielen Taschen [&hellip;]<\/p>","protected":false},"featured_media":154955,"template":"","meta":[],"product_brand":[1620],"product_cat":[1653,1633,1623],"product_tag":[],"class_list":{"0":"post-154960","1":"product","2":"type-product","3":"status-publish","4":"has-post-thumbnail","6":"product_brand-dolce-gabbana","7":"product_cat-blazers","8":"product_cat-maenner-kleidung","9":"product_cat-kleidung","11":"first","12":"instock","13":"sale","14":"taxable","15":"shipping-taxable","16":"purchasable","17":"product-type-variable"},"_links":{"self":[{"href":"https:\/\/tpmadalina42.supserv.cozmoslabs.com\/fi\/wp-json\/wp\/v2\/product\/154960","targetHints":{"allow":["GET"]}}],"collection":[{"href":"https:\/\/tpmadalina42.supserv.cozmoslabs.com\/fi\/wp-json\/wp\/v2\/product"}],"about":[{"href":"https:\/\/tpmadalina42.supserv.cozmoslabs.com\/fi\/wp-json\/wp\/v2\/types\/product"}],"wp:featuredmedia":[{"embeddable":true,"href":"https:\/\/tpmadalina42.supserv.cozmoslabs.com\/fi\/wp-json\/wp\/v2\/media\/154955"}],"wp:attachment":[{"href":"https:\/\/tpmadalina42.supserv.cozmoslabs.com\/fi\/wp-json\/wp\/v2\/media?parent=154960"}],"wp:term":[{"taxonomy":"product_brand","embeddable":true,"href":"https:\/\/tpmadalina42.supserv.cozmoslabs.com\/fi\/wp-json\/wp\/v2\/product_brand?post=154960"},{"taxonomy":"product_cat","embeddable":true,"href":"https:\/\/tpmadalina42.supserv.cozmoslabs.com\/fi\/wp-json\/wp\/v2\/product_cat?post=154960"},{"taxonomy":"product_tag","embeddable":true,"href":"https:\/\/tpmadalina42.supserv.cozmoslabs.com\/fi\/wp-json\/wp\/v2\/product_tag?post=154960"}],"curies":[{"name":"wp","href":"https:\/\/api.w.org\/{rel}","templated":true}]}}