{"id":155619,"date":"2024-07-25T20:16:36","date_gmt":"2024-07-26T03:16:36","guid":{"rendered":"https:\/\/glandine.com\/product\/roberto-cavalli-eleganter-push-up-bh-mit-blauem-aufdruck\/"},"modified":"2024-11-29T16:56:14","modified_gmt":"2024-11-29T15:56:14","slug":"roberto-cavalli-eleganter-push-up-bh-mit-blauem-aufdruck","status":"publish","type":"product","link":"https:\/\/tpmadalina42.supserv.cozmoslabs.com\/fi\/tuote-2\/roberto-cavalli-eleganter-push-up-bh-mit-blauem-aufdruck\/","title":{"rendered":"Roberto Cavalli Tyylikk\u00e4\u00e4t push-up-rintaliivit sinisell\u00e4 printill\u00e4"},"content":{"rendered":"<p>Hemmottele Roberto Cavallin ylellisyytt\u00e4 n\u00e4ill\u00e4 upeilla sinisell\u00e4 painetuilla push-up-rintaliiveill\u00e4. Niille, jotka etsiv\u00e4t hienostuneisuutta ja tukea, t\u00e4m\u00e4 kappale tuo italialaista charmia intiimivaatteeseesi. Tunnusomaisten logoyksityiskohtien ansiosta se lupaa tyyli\u00e4 ja laatua kauniissa muotoilussa. Laadukkaiden materiaalien hell\u00e4varainen syleily ja kaksikoukkukiinnityksen mukavuus takaavat mukavuuden. T\u00e4ydellinen lis\u00e4\u00e4m\u00e4\u00e4n rohkean mutta tyylikk\u00e4\u00e4n silauksen vaatekaappiisi.<\/p>\n<ul>\n<li>V\u00e4ri: Sininen painettu<\/li>\n<li>Malli: Reggiseno push-up-rintaliivit<\/li>\n<li>Materiaali: 75% Nylon 25% Elastaani<\/li>\n<li>Alkuper\u00e4maa: Valmistettu Italiassa<\/li>\n<li>Kaksikoukkukiinnitys<\/li>\n<li>Logon yksityiskohdat<\/li>\n<\/ul>","protected":false},"excerpt":{"rendered":"<p>G\u00f6nnen Sie sich den Luxus von Roberto Cavalli mit diesem atemberaubenden, blau bedruckten Push-up-BH. F\u00fcr alle, die Raffinesse und Unterst\u00fctzung suchen, bringt dieses St\u00fcck italienischen Charme in Ihre Intimbekleidung. Mit den charakteristischen Logodetails verspricht er Stil und Qualit\u00e4t in einem sch\u00f6nen Design. Die sanfte Umarmung aus hochwertigen Materialien und die Bequemlichkeit des Zwei-Haken-Verschlusses sorgen f\u00fcr [&hellip;]<\/p>","protected":false},"featured_media":155615,"template":"","meta":[],"product_brand":[1992],"product_cat":[1637,1623,1717],"product_tag":[],"class_list":{"0":"post-155619","1":"product","2":"type-product","3":"status-publish","4":"has-post-thumbnail","6":"product_brand-roberto-cavalli","7":"product_cat-frauen-kleidung","8":"product_cat-kleidung","9":"product_cat-unterwaesche","11":"first","12":"instock","13":"sale","14":"taxable","15":"shipping-taxable","16":"purchasable","17":"product-type-variable"},"_links":{"self":[{"href":"https:\/\/tpmadalina42.supserv.cozmoslabs.com\/fi\/wp-json\/wp\/v2\/product\/155619","targetHints":{"allow":["GET"]}}],"collection":[{"href":"https:\/\/tpmadalina42.supserv.cozmoslabs.com\/fi\/wp-json\/wp\/v2\/product"}],"about":[{"href":"https:\/\/tpmadalina42.supserv.cozmoslabs.com\/fi\/wp-json\/wp\/v2\/types\/product"}],"wp:featuredmedia":[{"embeddable":true,"href":"https:\/\/tpmadalina42.supserv.cozmoslabs.com\/fi\/wp-json\/wp\/v2\/media\/155615"}],"wp:attachment":[{"href":"https:\/\/tpmadalina42.supserv.cozmoslabs.com\/fi\/wp-json\/wp\/v2\/media?parent=155619"}],"wp:term":[{"taxonomy":"product_brand","embeddable":true,"href":"https:\/\/tpmadalina42.supserv.cozmoslabs.com\/fi\/wp-json\/wp\/v2\/product_brand?post=155619"},{"taxonomy":"product_cat","embeddable":true,"href":"https:\/\/tpmadalina42.supserv.cozmoslabs.com\/fi\/wp-json\/wp\/v2\/product_cat?post=155619"},{"taxonomy":"product_tag","embeddable":true,"href":"https:\/\/tpmadalina42.supserv.cozmoslabs.com\/fi\/wp-json\/wp\/v2\/product_tag?post=155619"}],"curies":[{"name":"wp","href":"https:\/\/api.w.org\/{rel}","templated":true}]}}