{"id":156174,"date":"2024-07-25T20:41:08","date_gmt":"2024-07-26T03:41:08","guid":{"rendered":"https:\/\/glandine.com\/product\/costume-national-schicke-graue-slim-fit-jeans-aus-baumwolle\/"},"modified":"2024-11-29T17:06:51","modified_gmt":"2024-11-29T16:06:51","slug":"costume-national-schicke-graue-slim-fit-jeans-aus-baumwolle","status":"publish","type":"product","link":"https:\/\/tpmadalina42.supserv.cozmoslabs.com\/fi\/tuote-2\/costume-national-schicke-graue-slim-fit-jeans-aus-baumwolle\/","title":{"rendered":"Costume National Schicke graue Slim Fit Jeans aus Baumwolle"},"content":{"rendered":"<p>Verstr\u00f6men Sie m\u00fchelosen Stil mit dieser makellosen grauen Slim Fit Jeans von Costume National, die perfekt f\u00fcr eine schlanke Silhouette ist. Erleben Sie den Inbegriff von luxuri\u00f6ser italienischer Handwerkskunst bei jedem Tragen.<\/p>\n<ul>\n<li>Merkki: Costume National<\/li>\n<li>V\u00e4ri: Harmaa<\/li>\n<li>Materiaali: puuvilla<\/li>\n<li>Alkuper\u00e4maa: IT<\/li>\n<li>Modell: Niedrig taillierte Slim Fit Denim-Hose<\/li>\n<li>Sulkeminen: vetoketju<\/li>\n<li>Zus\u00e4tzliche Details: Logo-Verzierungen<\/li>\n<\/ul>","protected":false},"excerpt":{"rendered":"<p>Verstr\u00f6men Sie m\u00fchelosen Stil mit dieser makellosen grauen Slim Fit Jeans von Costume National, die perfekt f\u00fcr eine schlanke Silhouette ist. Erleben Sie den Inbegriff von luxuri\u00f6ser italienischer Handwerkskunst bei jedem Tragen. Marke: Costume National Farbe: Grau Material: Baumwolle Herkunftsland: IT Modell: Niedrig taillierte Slim Fit Denim-Hose Verschluss: Reissverschluss Zus\u00e4tzliche Details: Logo-Verzierungen<\/p>","protected":false},"featured_media":156170,"template":"","meta":[],"product_brand":[1790],"product_cat":[1637,1686,1623],"product_tag":[],"class_list":{"0":"post-156174","1":"product","2":"type-product","3":"status-publish","4":"has-post-thumbnail","6":"product_brand-costume-national","7":"product_cat-frauen-kleidung","8":"product_cat-jeans-hosen-frauen-kleidung","9":"product_cat-kleidung","11":"first","12":"instock","13":"sale","14":"taxable","15":"shipping-taxable","16":"purchasable","17":"product-type-variable"},"_links":{"self":[{"href":"https:\/\/tpmadalina42.supserv.cozmoslabs.com\/fi\/wp-json\/wp\/v2\/product\/156174","targetHints":{"allow":["GET"]}}],"collection":[{"href":"https:\/\/tpmadalina42.supserv.cozmoslabs.com\/fi\/wp-json\/wp\/v2\/product"}],"about":[{"href":"https:\/\/tpmadalina42.supserv.cozmoslabs.com\/fi\/wp-json\/wp\/v2\/types\/product"}],"wp:featuredmedia":[{"embeddable":true,"href":"https:\/\/tpmadalina42.supserv.cozmoslabs.com\/fi\/wp-json\/wp\/v2\/media\/156170"}],"wp:attachment":[{"href":"https:\/\/tpmadalina42.supserv.cozmoslabs.com\/fi\/wp-json\/wp\/v2\/media?parent=156174"}],"wp:term":[{"taxonomy":"product_brand","embeddable":true,"href":"https:\/\/tpmadalina42.supserv.cozmoslabs.com\/fi\/wp-json\/wp\/v2\/product_brand?post=156174"},{"taxonomy":"product_cat","embeddable":true,"href":"https:\/\/tpmadalina42.supserv.cozmoslabs.com\/fi\/wp-json\/wp\/v2\/product_cat?post=156174"},{"taxonomy":"product_tag","embeddable":true,"href":"https:\/\/tpmadalina42.supserv.cozmoslabs.com\/fi\/wp-json\/wp\/v2\/product_tag?post=156174"}],"curies":[{"name":"wp","href":"https:\/\/api.w.org\/{rel}","templated":true}]}}