{"id":156200,"date":"2024-07-25T20:42:35","date_gmt":"2024-07-26T03:42:35","guid":{"rendered":"https:\/\/glandine.com\/product\/schicke-rosa-polobluse-aus-baumwolle-von-ermanno-scervino\/"},"modified":"2024-11-29T17:07:04","modified_gmt":"2024-11-29T16:07:04","slug":"schicke-rosa-polobluse-aus-baumwolle-von-ermanno-scervino","status":"publish","type":"product","link":"https:\/\/tpmadalina42.supserv.cozmoslabs.com\/fi\/tuote-2\/schicke-rosa-polobluse-aus-baumwolle-von-ermanno-scervino\/","title":{"rendered":"Schicke rosa Polobluse aus Baumwolle von Ermanno Scervino"},"content":{"rendered":"<p>Verleihen Sie Ihrer Garderobe einen Hauch italienischer Raffinesse mit dieser schicken rosa Polobluse, die von Ermanno Scervino mit unvergleichlicher Pr\u00e4zision gefertigt wurde. Dieses Oberteil mit klassischem Kragen, langen \u00c4rmeln und dezenten Logodetails ist perfekt f\u00fcr einen eleganten Look und verbindet zeitlosen Stil mit moderner Eleganz.<\/p>\n<ul>\n<li>V\u00e4ri: Pinkki<\/li>\n<li>Materiaali: 100% puuvilla<\/li>\n<li>Alkuper\u00e4maa: IT<\/li>\n<\/ul>","protected":false},"excerpt":{"rendered":"<p>Verleihen Sie Ihrer Garderobe einen Hauch italienischer Raffinesse mit dieser schicken rosa Polobluse, die von Ermanno Scervino mit unvergleichlicher Pr\u00e4zision gefertigt wurde. Dieses Oberteil mit klassischem Kragen, langen \u00c4rmeln und dezenten Logodetails ist perfekt f\u00fcr einen eleganten Look und verbindet zeitlosen Stil mit moderner Eleganz. Farbe: Rosa Material: 100% Baumwolle Herkunftsland: IT<\/p>","protected":false},"featured_media":156196,"template":"","meta":[],"product_brand":[1831],"product_cat":[1637,1696,1623],"product_tag":[],"class_list":{"0":"post-156200","1":"product","2":"type-product","3":"status-publish","4":"has-post-thumbnail","6":"product_brand-ermanno-scervino","7":"product_cat-frauen-kleidung","8":"product_cat-hemden-frauen-kleidung","9":"product_cat-kleidung","11":"first","12":"instock","13":"sale","14":"taxable","15":"shipping-taxable","16":"purchasable","17":"product-type-variable"},"_links":{"self":[{"href":"https:\/\/tpmadalina42.supserv.cozmoslabs.com\/fi\/wp-json\/wp\/v2\/product\/156200","targetHints":{"allow":["GET"]}}],"collection":[{"href":"https:\/\/tpmadalina42.supserv.cozmoslabs.com\/fi\/wp-json\/wp\/v2\/product"}],"about":[{"href":"https:\/\/tpmadalina42.supserv.cozmoslabs.com\/fi\/wp-json\/wp\/v2\/types\/product"}],"wp:featuredmedia":[{"embeddable":true,"href":"https:\/\/tpmadalina42.supserv.cozmoslabs.com\/fi\/wp-json\/wp\/v2\/media\/156196"}],"wp:attachment":[{"href":"https:\/\/tpmadalina42.supserv.cozmoslabs.com\/fi\/wp-json\/wp\/v2\/media?parent=156200"}],"wp:term":[{"taxonomy":"product_brand","embeddable":true,"href":"https:\/\/tpmadalina42.supserv.cozmoslabs.com\/fi\/wp-json\/wp\/v2\/product_brand?post=156200"},{"taxonomy":"product_cat","embeddable":true,"href":"https:\/\/tpmadalina42.supserv.cozmoslabs.com\/fi\/wp-json\/wp\/v2\/product_cat?post=156200"},{"taxonomy":"product_tag","embeddable":true,"href":"https:\/\/tpmadalina42.supserv.cozmoslabs.com\/fi\/wp-json\/wp\/v2\/product_tag?post=156200"}],"curies":[{"name":"wp","href":"https:\/\/api.w.org\/{rel}","templated":true}]}}