{"id":156224,"date":"2024-07-25T20:43:58","date_gmt":"2024-07-26T03:43:58","guid":{"rendered":"https:\/\/glandine.com\/product\/dolce-gabbana-panda-love-slim-fit-tee-mit-rundhalsausschnitt\/"},"modified":"2024-11-29T17:07:28","modified_gmt":"2024-11-29T16:07:28","slug":"dolce-gabbana-panda-love-slim-fit-tee-mit-rundhalsausschnitt","status":"publish","type":"product","link":"https:\/\/tpmadalina42.supserv.cozmoslabs.com\/fi\/tuote-2\/dolce-gabbana-panda-love-slim-fit-tee-mit-rundhalsausschnitt\/","title":{"rendered":"Dolce &amp; Gabbana Panda Love Slim Fit Tee mit Rundhalsausschnitt"},"content":{"rendered":"<p>G\u00f6nnen Sie sich den Inbegriff von italienischem Chic mit einem Spritzer verspieltem Charme in diesem <strong>T-Shirt von Dolce &amp; Gabbana.<\/strong> Das wei\u00dfe T-Shirt mit Rundhalsausschnitt und dem charmanten Panda-Love-Print eignet sich perfekt f\u00fcr alle, die einen verspielten und dennoch raffinierten Stil sch\u00e4tzen. Es ist aus luxuri\u00f6ser 100%iger Baumwolle gefertigt und verspricht sowohl Komfort als auch Haltbarkeit. Das schmal geschnittene Kleidungsst\u00fcck ist mit dezenten Logodetails verziert und verk\u00f6rpert die Liebe zum Detail der Marke. Dieses in Italien gefertigte Kleidungsst\u00fcck ist nicht einfach nur ein Kleidungsst\u00fcck, sondern ein St\u00fcck exklusiver High-End-Mode.<\/p>\n<ul>\n<li>V\u00e4ri: Valkoinen<\/li>\n<li>Materiaali: 100% puuvilla<\/li>\n<li>Alkuper\u00e4maa: IT<\/li>\n<li>Passform: Schlanke Passform<\/li>\n<li>Valmistettu Italiassa<\/li>\n<li>Logon yksityiskohdat<\/li>\n<\/ul>","protected":false},"excerpt":{"rendered":"<p>G\u00f6nnen Sie sich den Inbegriff von italienischem Chic mit einem Spritzer verspieltem Charme in diesem T-Shirt von Dolce &amp; Gabbana. Das wei\u00dfe T-Shirt mit Rundhalsausschnitt und dem charmanten Panda-Love-Print eignet sich perfekt f\u00fcr alle, die einen verspielten und dennoch raffinierten Stil sch\u00e4tzen. Es ist aus luxuri\u00f6ser 100%iger Baumwolle gefertigt und verspricht sowohl Komfort als auch [&hellip;]<\/p>","protected":false},"featured_media":156219,"template":"","meta":[],"product_brand":[1620],"product_cat":[1633,1623,1710],"product_tag":[],"class_list":{"0":"post-156224","1":"product","2":"type-product","3":"status-publish","4":"has-post-thumbnail","6":"product_brand-dolce-gabbana","7":"product_cat-maenner-kleidung","8":"product_cat-kleidung","9":"product_cat-t-shirts","11":"first","12":"instock","13":"sale","14":"taxable","15":"shipping-taxable","16":"purchasable","17":"product-type-variable"},"_links":{"self":[{"href":"https:\/\/tpmadalina42.supserv.cozmoslabs.com\/fi\/wp-json\/wp\/v2\/product\/156224","targetHints":{"allow":["GET"]}}],"collection":[{"href":"https:\/\/tpmadalina42.supserv.cozmoslabs.com\/fi\/wp-json\/wp\/v2\/product"}],"about":[{"href":"https:\/\/tpmadalina42.supserv.cozmoslabs.com\/fi\/wp-json\/wp\/v2\/types\/product"}],"wp:featuredmedia":[{"embeddable":true,"href":"https:\/\/tpmadalina42.supserv.cozmoslabs.com\/fi\/wp-json\/wp\/v2\/media\/156219"}],"wp:attachment":[{"href":"https:\/\/tpmadalina42.supserv.cozmoslabs.com\/fi\/wp-json\/wp\/v2\/media?parent=156224"}],"wp:term":[{"taxonomy":"product_brand","embeddable":true,"href":"https:\/\/tpmadalina42.supserv.cozmoslabs.com\/fi\/wp-json\/wp\/v2\/product_brand?post=156224"},{"taxonomy":"product_cat","embeddable":true,"href":"https:\/\/tpmadalina42.supserv.cozmoslabs.com\/fi\/wp-json\/wp\/v2\/product_cat?post=156224"},{"taxonomy":"product_tag","embeddable":true,"href":"https:\/\/tpmadalina42.supserv.cozmoslabs.com\/fi\/wp-json\/wp\/v2\/product_tag?post=156224"}],"curies":[{"name":"wp","href":"https:\/\/api.w.org\/{rel}","templated":true}]}}