{"id":156367,"date":"2024-07-25T20:52:05","date_gmt":"2024-07-26T03:52:05","guid":{"rendered":"https:\/\/glandine.com\/product\/liu-jo-glamouroeses-aermelloses-pailletten-minikleid-mit-v-ausschnitt\/"},"modified":"2024-11-29T17:16:39","modified_gmt":"2024-11-29T16:16:39","slug":"liu-jo-glamouroeses-aermelloses-pailletten-minikleid-mit-v-ausschnitt","status":"publish","type":"product","link":"https:\/\/tpmadalina42.supserv.cozmoslabs.com\/fi\/tuote-2\/liu-jo-glamouroeses-aermelloses-pailletten-minikleid-mit-v-ausschnitt\/","title":{"rendered":"Liu Jo Glamorous V-kaula-aukkoinen hihaton paljettimekko"},"content":{"rendered":"<p>Treten Sie ins Rampenlicht mit diesem atemberaubenden Liu Jo V-Ausschnitt \u00e4rmelloses Etuikleid Mini. Das mit schillernden braunen Pailletten verzierte Kleid ist ein Statement-St\u00fcck f\u00fcr die exklusivsten Events. Die sorgf\u00e4ltige Verarbeitung und die luxuri\u00f6sen Materialien machen es zu einem Must-Have f\u00fcr jeden Modekenner. Das elegante Kleid wird mit einem seitlichen Rei\u00dfverschluss und dezenten Logodetails geschlossen, die sein exquisites Design unterstreichen.<\/p>\n<ul>\n<li>Material: 63% Viskose, 33% Nylon, 4% Elasthan<\/li>\n<li>V\u00e4ri: Ruskea<\/li>\n<li>Alkuper\u00e4maa: IT<\/li>\n<\/ul>","protected":false},"excerpt":{"rendered":"<p>Treten Sie ins Rampenlicht mit diesem atemberaubenden Liu Jo V-Ausschnitt \u00e4rmelloses Etuikleid Mini. Das mit schillernden braunen Pailletten verzierte Kleid ist ein Statement-St\u00fcck f\u00fcr die exklusivsten Events. Die sorgf\u00e4ltige Verarbeitung und die luxuri\u00f6sen Materialien machen es zu einem Must-Have f\u00fcr jeden Modekenner. Das elegante Kleid wird mit einem seitlichen Rei\u00dfverschluss und dezenten Logodetails geschlossen, die [&hellip;]<\/p>","protected":false},"featured_media":156362,"template":"","meta":[],"product_brand":[2083],"product_cat":[1637,1659,1623],"product_tag":[],"class_list":{"0":"post-156367","1":"product","2":"type-product","3":"status-publish","4":"has-post-thumbnail","6":"product_brand-liu-jo","7":"product_cat-frauen-kleidung","8":"product_cat-kleider","9":"product_cat-kleidung","11":"first","12":"instock","13":"sale","14":"taxable","15":"shipping-taxable","16":"purchasable","17":"product-type-variable"},"_links":{"self":[{"href":"https:\/\/tpmadalina42.supserv.cozmoslabs.com\/fi\/wp-json\/wp\/v2\/product\/156367","targetHints":{"allow":["GET"]}}],"collection":[{"href":"https:\/\/tpmadalina42.supserv.cozmoslabs.com\/fi\/wp-json\/wp\/v2\/product"}],"about":[{"href":"https:\/\/tpmadalina42.supserv.cozmoslabs.com\/fi\/wp-json\/wp\/v2\/types\/product"}],"wp:featuredmedia":[{"embeddable":true,"href":"https:\/\/tpmadalina42.supserv.cozmoslabs.com\/fi\/wp-json\/wp\/v2\/media\/156362"}],"wp:attachment":[{"href":"https:\/\/tpmadalina42.supserv.cozmoslabs.com\/fi\/wp-json\/wp\/v2\/media?parent=156367"}],"wp:term":[{"taxonomy":"product_brand","embeddable":true,"href":"https:\/\/tpmadalina42.supserv.cozmoslabs.com\/fi\/wp-json\/wp\/v2\/product_brand?post=156367"},{"taxonomy":"product_cat","embeddable":true,"href":"https:\/\/tpmadalina42.supserv.cozmoslabs.com\/fi\/wp-json\/wp\/v2\/product_cat?post=156367"},{"taxonomy":"product_tag","embeddable":true,"href":"https:\/\/tpmadalina42.supserv.cozmoslabs.com\/fi\/wp-json\/wp\/v2\/product_tag?post=156367"}],"curies":[{"name":"wp","href":"https:\/\/api.w.org\/{rel}","templated":true}]}}