{"id":156385,"date":"2024-07-25T20:53:00","date_gmt":"2024-07-26T03:53:00","guid":{"rendered":"https:\/\/glandine.com\/product\/dolce-gabbana-bezauberndes-midi-etuikleid-mit-blumenmuster\/"},"modified":"2024-11-29T17:16:53","modified_gmt":"2024-11-29T16:16:53","slug":"dolce-gabbana-bezauberndes-midi-etuikleid-mit-blumenmuster","status":"publish","type":"product","link":"https:\/\/tpmadalina42.supserv.cozmoslabs.com\/fi\/tuote-2\/dolce-gabbana-bezauberndes-midi-etuikleid-mit-blumenmuster\/","title":{"rendered":"Dolce &amp; Gabbana Suloinen kukkainen midi-tuppimekko"},"content":{"rendered":"<p>Mit diesem umwerfenden Dolce &amp; Gabbana Floral Midikleid setzen Sie einen eleganten und lebendigen Akzent. Das aus feinster Seidenmischung gefertigte Etuikleid besticht durch ein wundersch\u00f6nes, mehrfarbiges, rotes Blumenmuster und demonstriert exquisite Handwerkskunst. Das Kleid ist vollst\u00e4ndig mit einer wei\u00dfen Seiden-Stretch-Mischung gef\u00fcttert, um ultimativen Komfort und eine nahtlose Passform zu gew\u00e4hrleisten. Der schicke Rei\u00dfverschluss am R\u00fccken und die dezenten Logodetails machen es zu einem exklusiven St\u00fcck made in Italy f\u00fcr alle, die Luxus und High Fashion zu sch\u00e4tzen wissen.<\/p>\n<ul>\n<li>Material: 93% Seide, 7% Elasthan<\/li>\n<li>Futter: 86% Seide, 8% Baumwolle, 4% Elastan, 2% Nylon<\/li>\n<li>V\u00e4ri: Moniv\u00e4rinen<\/li>\n<li>Alkuper\u00e4maa: IT<\/li>\n<\/ul>","protected":false},"excerpt":{"rendered":"<p>Mit diesem umwerfenden Dolce &amp; Gabbana Floral Midikleid setzen Sie einen eleganten und lebendigen Akzent. Das aus feinster Seidenmischung gefertigte Etuikleid besticht durch ein wundersch\u00f6nes, mehrfarbiges, rotes Blumenmuster und demonstriert exquisite Handwerkskunst. Das Kleid ist vollst\u00e4ndig mit einer wei\u00dfen Seiden-Stretch-Mischung gef\u00fcttert, um ultimativen Komfort und eine nahtlose Passform zu gew\u00e4hrleisten. Der schicke Rei\u00dfverschluss am R\u00fccken [&hellip;]<\/p>","protected":false},"featured_media":156380,"template":"","meta":[],"product_brand":[1620],"product_cat":[1637,1659,1623],"product_tag":[],"class_list":{"0":"post-156385","1":"product","2":"type-product","3":"status-publish","4":"has-post-thumbnail","6":"product_brand-dolce-gabbana","7":"product_cat-frauen-kleidung","8":"product_cat-kleider","9":"product_cat-kleidung","11":"first","12":"instock","13":"sale","14":"taxable","15":"shipping-taxable","16":"purchasable","17":"product-type-variable"},"_links":{"self":[{"href":"https:\/\/tpmadalina42.supserv.cozmoslabs.com\/fi\/wp-json\/wp\/v2\/product\/156385","targetHints":{"allow":["GET"]}}],"collection":[{"href":"https:\/\/tpmadalina42.supserv.cozmoslabs.com\/fi\/wp-json\/wp\/v2\/product"}],"about":[{"href":"https:\/\/tpmadalina42.supserv.cozmoslabs.com\/fi\/wp-json\/wp\/v2\/types\/product"}],"wp:featuredmedia":[{"embeddable":true,"href":"https:\/\/tpmadalina42.supserv.cozmoslabs.com\/fi\/wp-json\/wp\/v2\/media\/156380"}],"wp:attachment":[{"href":"https:\/\/tpmadalina42.supserv.cozmoslabs.com\/fi\/wp-json\/wp\/v2\/media?parent=156385"}],"wp:term":[{"taxonomy":"product_brand","embeddable":true,"href":"https:\/\/tpmadalina42.supserv.cozmoslabs.com\/fi\/wp-json\/wp\/v2\/product_brand?post=156385"},{"taxonomy":"product_cat","embeddable":true,"href":"https:\/\/tpmadalina42.supserv.cozmoslabs.com\/fi\/wp-json\/wp\/v2\/product_cat?post=156385"},{"taxonomy":"product_tag","embeddable":true,"href":"https:\/\/tpmadalina42.supserv.cozmoslabs.com\/fi\/wp-json\/wp\/v2\/product_tag?post=156385"}],"curies":[{"name":"wp","href":"https:\/\/api.w.org\/{rel}","templated":true}]}}