{"id":156480,"date":"2024-07-25T20:57:24","date_gmt":"2024-07-26T03:57:24","guid":{"rendered":"https:\/\/glandine.com\/product\/ermanno-scervino-schicke-mid-waist-skinny-denim-in-blau-gewaschen\/"},"modified":"2024-11-29T17:37:39","modified_gmt":"2024-11-29T16:37:39","slug":"ermanno-scervino-schicke-mid-waist-skinny-denim-in-blau-gewaschen","status":"publish","type":"product","link":"https:\/\/tpmadalina42.supserv.cozmoslabs.com\/fi\/tuote-2\/ermanno-scervino-schicke-mid-waist-skinny-denim-in-blau-gewaschen\/","title":{"rendered":"Ermanno Scervino Chic keskivy\u00f6t\u00e4r\u00f6inen farkku, pesty sininen"},"content":{"rendered":"<p>Stylen Sie sich mit dieser umwerfenden Mid Waist Skinny Jeans von Ermanno Scervino. Diese Jeans ist dank ihres hochwertigen Baumwollmaterials nicht nur eine Mischung aus Komfort und Strapazierf\u00e4higkeit, sondern verk\u00f6rpert mit ihrem k\u00fchlen, blau gewaschenen Farbton auch ein Gef\u00fchl von l\u00e4ssigem Luxus. Perfekt f\u00fcr alle, die eine Mischung aus Alltagsfunktionalit\u00e4t und gehobener Mode suchen. Mit einem schmeichelhaften Mid-Rise-Design und einem sicheren Rei\u00dfverschluss bietet diese Jeans sowohl eine stilvolle Silhouette als auch praktische Trageeigenschaften. Sie ist mit dezenten Logodetails versehen, die das Design des Kleidungsst\u00fccks aufwerten, und wird mit Stolz in Italien hergestellt &#8211; ein Beweis f\u00fcr das Engagement von Ermanno Scervino f\u00fcr Handwerkskunst und Stil.<\/p>\n<ul>\n<li>Materiaali: puuvilla<\/li>\n<li>V\u00e4ri: pesty sininen<\/li>\n<li>Alkuper\u00e4maa: IT<\/li>\n<\/ul>","protected":false},"excerpt":{"rendered":"<p>Stylen Sie sich mit dieser umwerfenden Mid Waist Skinny Jeans von Ermanno Scervino. Diese Jeans ist dank ihres hochwertigen Baumwollmaterials nicht nur eine Mischung aus Komfort und Strapazierf\u00e4higkeit, sondern verk\u00f6rpert mit ihrem k\u00fchlen, blau gewaschenen Farbton auch ein Gef\u00fchl von l\u00e4ssigem Luxus. Perfekt f\u00fcr alle, die eine Mischung aus Alltagsfunktionalit\u00e4t und gehobener Mode suchen. Mit [&hellip;]<\/p>","protected":false},"featured_media":156476,"template":"","meta":[],"product_brand":[1831],"product_cat":[1637,1686,1623],"product_tag":[],"class_list":{"0":"post-156480","1":"product","2":"type-product","3":"status-publish","4":"has-post-thumbnail","6":"product_brand-ermanno-scervino","7":"product_cat-frauen-kleidung","8":"product_cat-jeans-hosen-frauen-kleidung","9":"product_cat-kleidung","11":"first","12":"instock","13":"sale","14":"taxable","15":"shipping-taxable","16":"purchasable","17":"product-type-variable"},"_links":{"self":[{"href":"https:\/\/tpmadalina42.supserv.cozmoslabs.com\/fi\/wp-json\/wp\/v2\/product\/156480","targetHints":{"allow":["GET"]}}],"collection":[{"href":"https:\/\/tpmadalina42.supserv.cozmoslabs.com\/fi\/wp-json\/wp\/v2\/product"}],"about":[{"href":"https:\/\/tpmadalina42.supserv.cozmoslabs.com\/fi\/wp-json\/wp\/v2\/types\/product"}],"wp:featuredmedia":[{"embeddable":true,"href":"https:\/\/tpmadalina42.supserv.cozmoslabs.com\/fi\/wp-json\/wp\/v2\/media\/156476"}],"wp:attachment":[{"href":"https:\/\/tpmadalina42.supserv.cozmoslabs.com\/fi\/wp-json\/wp\/v2\/media?parent=156480"}],"wp:term":[{"taxonomy":"product_brand","embeddable":true,"href":"https:\/\/tpmadalina42.supserv.cozmoslabs.com\/fi\/wp-json\/wp\/v2\/product_brand?post=156480"},{"taxonomy":"product_cat","embeddable":true,"href":"https:\/\/tpmadalina42.supserv.cozmoslabs.com\/fi\/wp-json\/wp\/v2\/product_cat?post=156480"},{"taxonomy":"product_tag","embeddable":true,"href":"https:\/\/tpmadalina42.supserv.cozmoslabs.com\/fi\/wp-json\/wp\/v2\/product_tag?post=156480"}],"curies":[{"name":"wp","href":"https:\/\/api.w.org\/{rel}","templated":true}]}}