{"id":156642,"date":"2024-07-25T21:05:25","date_gmt":"2024-07-26T04:05:25","guid":{"rendered":"https:\/\/glandine.com\/product\/dolce-gabbana-elegante-schurwollhose-mit-hoher-taille-und-weitem-bein\/"},"modified":"2024-11-29T17:42:06","modified_gmt":"2024-11-29T16:42:06","slug":"dolce-gabbana-elegante-schurwollhose-mit-hoher-taille-und-weitem-bein","status":"publish","type":"product","link":"https:\/\/tpmadalina42.supserv.cozmoslabs.com\/fi\/tuote-2\/dolce-gabbana-elegante-schurwollhose-mit-hoher-taille-und-weitem-bein\/","title":{"rendered":"Dolce &amp; Gabbana Elegante Schurwollhose mit hoher Taille und weitem Bein"},"content":{"rendered":"<p>Entdecken Sie den Inbegriff italienischer Handwerkskunst mit dieser zeitlosen schwarzen Hose von <b>Dolce &amp; Gabbana<\/b>. Perfekt auf die moderne Frau zugeschnitten, strahlt diese Hose mit weitem Bein und 100% Schurwolle luxuri\u00f6sen Komfort aus. Mit ihrer hohen Taille bietet diese Hose eine schmeichelhafte Silhouette, die sich nahtlos vom B\u00fcro bis zum Abend tragen l\u00e4sst. Die Hose in klassischem Schwarz ist vielseitig genug, um sie mit jedem Oberteil f\u00fcr einen m\u00fchelos eleganten Look zu kombinieren. Die in Italien gefertigte Hose wird mit der f\u00fcr die Marke Dolce &amp; Gabbana typischen Qualit\u00e4t und Raffinesse geliefert.<\/p>\n<ul>\n<li>Materiaali: 100% neitsytvilla<\/li>\n<li>Alkuper\u00e4maa: IT<\/li>\n<li>V\u00e4ri: Musta<\/li>\n<li>Modell: Weites Bein Gek\u00fcrzte Hose Hohe Taille<\/li>\n<\/ul>","protected":false},"excerpt":{"rendered":"<p>Entdecken Sie den Inbegriff italienischer Handwerkskunst mit dieser zeitlosen schwarzen Hose von Dolce &amp; Gabbana. Perfekt auf die moderne Frau zugeschnitten, strahlt diese Hose mit weitem Bein und 100% Schurwolle luxuri\u00f6sen Komfort aus. Mit ihrer hohen Taille bietet diese Hose eine schmeichelhafte Silhouette, die sich nahtlos vom B\u00fcro bis zum Abend tragen l\u00e4sst. Die Hose [&hellip;]<\/p>","protected":false},"featured_media":156637,"template":"","meta":[],"product_brand":[1620],"product_cat":[1637,1686,1623],"product_tag":[],"class_list":{"0":"post-156642","1":"product","2":"type-product","3":"status-publish","4":"has-post-thumbnail","6":"product_brand-dolce-gabbana","7":"product_cat-frauen-kleidung","8":"product_cat-jeans-hosen-frauen-kleidung","9":"product_cat-kleidung","11":"first","12":"instock","13":"sale","14":"taxable","15":"shipping-taxable","16":"purchasable","17":"product-type-variable"},"_links":{"self":[{"href":"https:\/\/tpmadalina42.supserv.cozmoslabs.com\/fi\/wp-json\/wp\/v2\/product\/156642","targetHints":{"allow":["GET"]}}],"collection":[{"href":"https:\/\/tpmadalina42.supserv.cozmoslabs.com\/fi\/wp-json\/wp\/v2\/product"}],"about":[{"href":"https:\/\/tpmadalina42.supserv.cozmoslabs.com\/fi\/wp-json\/wp\/v2\/types\/product"}],"wp:featuredmedia":[{"embeddable":true,"href":"https:\/\/tpmadalina42.supserv.cozmoslabs.com\/fi\/wp-json\/wp\/v2\/media\/156637"}],"wp:attachment":[{"href":"https:\/\/tpmadalina42.supserv.cozmoslabs.com\/fi\/wp-json\/wp\/v2\/media?parent=156642"}],"wp:term":[{"taxonomy":"product_brand","embeddable":true,"href":"https:\/\/tpmadalina42.supserv.cozmoslabs.com\/fi\/wp-json\/wp\/v2\/product_brand?post=156642"},{"taxonomy":"product_cat","embeddable":true,"href":"https:\/\/tpmadalina42.supserv.cozmoslabs.com\/fi\/wp-json\/wp\/v2\/product_cat?post=156642"},{"taxonomy":"product_tag","embeddable":true,"href":"https:\/\/tpmadalina42.supserv.cozmoslabs.com\/fi\/wp-json\/wp\/v2\/product_tag?post=156642"}],"curies":[{"name":"wp","href":"https:\/\/api.w.org\/{rel}","templated":true}]}}