{"id":156960,"date":"2024-07-25T21:19:43","date_gmt":"2024-07-26T04:19:43","guid":{"rendered":"https:\/\/glandine.com\/product\/dolce-gabbana-elegante-weisse-seidenbluse-mit-schleife\/"},"modified":"2024-11-29T17:52:44","modified_gmt":"2024-11-29T16:52:44","slug":"dolce-gabbana-elegante-weisse-seidenbluse-mit-schleife","status":"publish","type":"product","link":"https:\/\/tpmadalina42.supserv.cozmoslabs.com\/fi\/tuote-2\/dolce-gabbana-elegante-weisse-seidenbluse-mit-schleife\/","title":{"rendered":"Dolce &amp; Gabbana Elegante wei\u00dfe Seidenbluse mit Schleife"},"content":{"rendered":"<p>Umarmen Sie Eleganz mit dieser umwerfenden <strong>Dolce &amp; Gabbana<\/strong> Bluse aus wei\u00dfer Seide mit Schleife, brandneu mit Etikett. Sie ist der Inbegriff von Vielseitigkeit, ideal f\u00fcr ein professionelles Umfeld, aber genauso gut f\u00fcr eine Party oder ein Abendessen geeignet. Die aus feinster Seide gefertigte Bluse zeichnet sich durch eine anmutige Silhouette und eine charmante Krawatte aus, die f\u00fcr einen Hauch von Raffinesse sorgt.<\/p>\n<ul>\n<li>Materiaali: 100% silkki<\/li>\n<li>V\u00e4ri: Valkoinen<\/li>\n<li>Alkuper\u00e4maa: IT<\/li>\n<li>Valmistettu Italiassa<\/li>\n<\/ul>","protected":false},"excerpt":{"rendered":"<p>Umarmen Sie Eleganz mit dieser umwerfenden Dolce &amp; Gabbana Bluse aus wei\u00dfer Seide mit Schleife, brandneu mit Etikett. Sie ist der Inbegriff von Vielseitigkeit, ideal f\u00fcr ein professionelles Umfeld, aber genauso gut f\u00fcr eine Party oder ein Abendessen geeignet. Die aus feinster Seide gefertigte Bluse zeichnet sich durch eine anmutige Silhouette und eine charmante Krawatte [&hellip;]<\/p>","protected":false},"featured_media":156955,"template":"","meta":[],"product_brand":[1620],"product_cat":[1637,1623,1714],"product_tag":[],"class_list":{"0":"post-156960","1":"product","2":"type-product","3":"status-publish","4":"has-post-thumbnail","6":"product_brand-dolce-gabbana","7":"product_cat-frauen-kleidung","8":"product_cat-kleidung","9":"product_cat-oberteile-t-shirts","11":"first","12":"instock","13":"sale","14":"taxable","15":"shipping-taxable","16":"purchasable","17":"product-type-variable"},"_links":{"self":[{"href":"https:\/\/tpmadalina42.supserv.cozmoslabs.com\/fi\/wp-json\/wp\/v2\/product\/156960","targetHints":{"allow":["GET"]}}],"collection":[{"href":"https:\/\/tpmadalina42.supserv.cozmoslabs.com\/fi\/wp-json\/wp\/v2\/product"}],"about":[{"href":"https:\/\/tpmadalina42.supserv.cozmoslabs.com\/fi\/wp-json\/wp\/v2\/types\/product"}],"wp:featuredmedia":[{"embeddable":true,"href":"https:\/\/tpmadalina42.supserv.cozmoslabs.com\/fi\/wp-json\/wp\/v2\/media\/156955"}],"wp:attachment":[{"href":"https:\/\/tpmadalina42.supserv.cozmoslabs.com\/fi\/wp-json\/wp\/v2\/media?parent=156960"}],"wp:term":[{"taxonomy":"product_brand","embeddable":true,"href":"https:\/\/tpmadalina42.supserv.cozmoslabs.com\/fi\/wp-json\/wp\/v2\/product_brand?post=156960"},{"taxonomy":"product_cat","embeddable":true,"href":"https:\/\/tpmadalina42.supserv.cozmoslabs.com\/fi\/wp-json\/wp\/v2\/product_cat?post=156960"},{"taxonomy":"product_tag","embeddable":true,"href":"https:\/\/tpmadalina42.supserv.cozmoslabs.com\/fi\/wp-json\/wp\/v2\/product_tag?post=156960"}],"curies":[{"name":"wp","href":"https:\/\/api.w.org\/{rel}","templated":true}]}}