{"id":157151,"date":"2024-07-25T21:28:24","date_gmt":"2024-07-26T04:28:24","guid":{"rendered":"https:\/\/glandine.com\/product\/dolce-gabbana-eleganter-hellgrauer-blazer-aus-seidenmischung\/"},"modified":"2024-11-29T17:59:55","modified_gmt":"2024-11-29T16:59:55","slug":"dolce-gabbana-eleganter-hellgrauer-blazer-aus-seidenmischung","status":"publish","type":"product","link":"https:\/\/tpmadalina42.supserv.cozmoslabs.com\/fi\/tuote-2\/dolce-gabbana-eleganter-hellgrauer-blazer-aus-seidenmischung\/","title":{"rendered":"Dolce &amp; Gabbana Eleganter hellgrauer Blazer aus Seidenmischung"},"content":{"rendered":"<p>Tauchen Sie ein in eine Welt voller Raffinesse mit diesem <strong>Dolce &amp; Gabbana<\/strong> SARTORIA Seidenblazer. Er ist perfekt f\u00fcr formelle Anl\u00e4sse geeignet und verf\u00fcgt \u00fcber einen Einreiher mit einem Knopfverschluss, strukturierte Revers und eine schmale Passform, die f\u00fcr eine scharfe Silhouette sorgt. Gefertigt aus einer luxuri\u00f6sen Mischung aus Seide, Schurwolle und Polyester und mit sorgf\u00e4ltiger italienischer Handwerkskunst vollendet, strahlt dieser Blazer Exklusivit\u00e4t und Eleganz aus.<\/p>\n<ul>\n<li>Farbe: Light Gray<\/li>\n<li>Stil: Einreihiger Blazer<\/li>\n<li>Verschluss: Ein-Knopf-Verschluss<\/li>\n<li>Passform: Schlanke Passform<\/li>\n<li>Drei Innentaschen<\/li>\n<li>Ein offener Schlitz auf der R\u00fcckseite<\/li>\n<li>Material: 51% Seide, 47% Schurwolle, 2% Polyester<\/li>\n<li>Vuori: 100% viskoosi<\/li>\n<li>Valmistettu Italiassa<\/li>\n<\/ul>","protected":false},"excerpt":{"rendered":"<p>Tauchen Sie ein in eine Welt voller Raffinesse mit diesem Dolce &amp; Gabbana SARTORIA Seidenblazer. Er ist perfekt f\u00fcr formelle Anl\u00e4sse geeignet und verf\u00fcgt \u00fcber einen Einreiher mit einem Knopfverschluss, strukturierte Revers und eine schmale Passform, die f\u00fcr eine scharfe Silhouette sorgt. Gefertigt aus einer luxuri\u00f6sen Mischung aus Seide, Schurwolle und Polyester und mit sorgf\u00e4ltiger [&hellip;]<\/p>","protected":false},"featured_media":157145,"template":"","meta":[],"product_brand":[1620],"product_cat":[1653,1633,1623],"product_tag":[],"class_list":{"0":"post-157151","1":"product","2":"type-product","3":"status-publish","4":"has-post-thumbnail","6":"product_brand-dolce-gabbana","7":"product_cat-blazers","8":"product_cat-maenner-kleidung","9":"product_cat-kleidung","11":"first","12":"instock","13":"sale","14":"taxable","15":"shipping-taxable","16":"purchasable","17":"product-type-variable"},"_links":{"self":[{"href":"https:\/\/tpmadalina42.supserv.cozmoslabs.com\/fi\/wp-json\/wp\/v2\/product\/157151","targetHints":{"allow":["GET"]}}],"collection":[{"href":"https:\/\/tpmadalina42.supserv.cozmoslabs.com\/fi\/wp-json\/wp\/v2\/product"}],"about":[{"href":"https:\/\/tpmadalina42.supserv.cozmoslabs.com\/fi\/wp-json\/wp\/v2\/types\/product"}],"wp:featuredmedia":[{"embeddable":true,"href":"https:\/\/tpmadalina42.supserv.cozmoslabs.com\/fi\/wp-json\/wp\/v2\/media\/157145"}],"wp:attachment":[{"href":"https:\/\/tpmadalina42.supserv.cozmoslabs.com\/fi\/wp-json\/wp\/v2\/media?parent=157151"}],"wp:term":[{"taxonomy":"product_brand","embeddable":true,"href":"https:\/\/tpmadalina42.supserv.cozmoslabs.com\/fi\/wp-json\/wp\/v2\/product_brand?post=157151"},{"taxonomy":"product_cat","embeddable":true,"href":"https:\/\/tpmadalina42.supserv.cozmoslabs.com\/fi\/wp-json\/wp\/v2\/product_cat?post=157151"},{"taxonomy":"product_tag","embeddable":true,"href":"https:\/\/tpmadalina42.supserv.cozmoslabs.com\/fi\/wp-json\/wp\/v2\/product_tag?post=157151"}],"curies":[{"name":"wp","href":"https:\/\/api.w.org\/{rel}","templated":true}]}}