{"id":157202,"date":"2024-07-25T21:31:17","date_gmt":"2024-07-26T04:31:17","guid":{"rendered":"https:\/\/glandine.com\/product\/dolce-gabbana-eleganter-pullover-mit-durchgehendem-reissverschluss-in-schwarz-und-rot\/"},"modified":"2024-11-29T18:03:11","modified_gmt":"2024-11-29T17:03:11","slug":"dolce-gabbana-eleganter-pullover-mit-durchgehendem-reissverschluss-in-schwarz-und-rot","status":"publish","type":"product","link":"https:\/\/tpmadalina42.supserv.cozmoslabs.com\/fi\/tuote-2\/dolce-gabbana-eleganter-pullover-mit-durchgehendem-reissverschluss-in-schwarz-und-rot\/","title":{"rendered":"Dolce &amp; Gabbana Eleganter Pullover mit durchgehendem Rei\u00dfverschluss in Schwarz und Rot"},"content":{"rendered":"<p>G\u00f6nnen Sie sich den Inbegriff italienischer Handwerkskunst mit diesem exquisiten Pullover mit durchgehendem Rei\u00dfverschluss von <strong>Dolce &amp; Gabbana<\/strong>. Eine perfekte Mischung aus Luxus und Komfort, dieser Pullover ist sicher, ein Statement mit seiner mutigen schwarzen, roten und wei\u00dfen Farbgebung und dem ikonischen AMORE Kronenlogo zu machen, das Ihrer Garderobe einen k\u00f6niglichen Touch verleiht. Die regul\u00e4re Passform sorgt f\u00fcr eine schlanke Silhouette, w\u00e4hrend die hochwertige Materialmischung das Engagement der Marke f\u00fcr Exzellenz unterstreicht. Dieses au\u00dfergew\u00f6hnliche Kleidungsst\u00fcck wurde f\u00fcr diejenigen entworfen, die die feinen Details in der Mode zu sch\u00e4tzen wissen. Es wird in Italien hergestellt und verspricht un\u00fcbertroffene Qualit\u00e4t und Stil.<\/p>\n<ul>\n<li>Material: 80% Nylon, 20% Polyester<\/li>\n<li>Farbe: Schwarz und Rot<\/li>\n<li>Alkuper\u00e4maa: IT<\/li>\n<\/ul>","protected":false},"excerpt":{"rendered":"<p>G\u00f6nnen Sie sich den Inbegriff italienischer Handwerkskunst mit diesem exquisiten Pullover mit durchgehendem Rei\u00dfverschluss von Dolce &amp; Gabbana. Eine perfekte Mischung aus Luxus und Komfort, dieser Pullover ist sicher, ein Statement mit seiner mutigen schwarzen, roten und wei\u00dfen Farbgebung und dem ikonischen AMORE Kronenlogo zu machen, das Ihrer Garderobe einen k\u00f6niglichen Touch verleiht. Die regul\u00e4re [&hellip;]<\/p>","protected":false},"featured_media":157197,"template":"","meta":[],"product_brand":[1620],"product_cat":[1633,1623],"product_tag":[],"class_list":{"0":"post-157202","1":"product","2":"type-product","3":"status-publish","4":"has-post-thumbnail","6":"product_brand-dolce-gabbana","7":"product_cat-maenner-kleidung","8":"product_cat-kleidung","10":"first","11":"instock","12":"sale","13":"taxable","14":"shipping-taxable","15":"purchasable","16":"product-type-variable"},"_links":{"self":[{"href":"https:\/\/tpmadalina42.supserv.cozmoslabs.com\/fi\/wp-json\/wp\/v2\/product\/157202","targetHints":{"allow":["GET"]}}],"collection":[{"href":"https:\/\/tpmadalina42.supserv.cozmoslabs.com\/fi\/wp-json\/wp\/v2\/product"}],"about":[{"href":"https:\/\/tpmadalina42.supserv.cozmoslabs.com\/fi\/wp-json\/wp\/v2\/types\/product"}],"wp:featuredmedia":[{"embeddable":true,"href":"https:\/\/tpmadalina42.supserv.cozmoslabs.com\/fi\/wp-json\/wp\/v2\/media\/157197"}],"wp:attachment":[{"href":"https:\/\/tpmadalina42.supserv.cozmoslabs.com\/fi\/wp-json\/wp\/v2\/media?parent=157202"}],"wp:term":[{"taxonomy":"product_brand","embeddable":true,"href":"https:\/\/tpmadalina42.supserv.cozmoslabs.com\/fi\/wp-json\/wp\/v2\/product_brand?post=157202"},{"taxonomy":"product_cat","embeddable":true,"href":"https:\/\/tpmadalina42.supserv.cozmoslabs.com\/fi\/wp-json\/wp\/v2\/product_cat?post=157202"},{"taxonomy":"product_tag","embeddable":true,"href":"https:\/\/tpmadalina42.supserv.cozmoslabs.com\/fi\/wp-json\/wp\/v2\/product_tag?post=157202"}],"curies":[{"name":"wp","href":"https:\/\/api.w.org\/{rel}","templated":true}]}}