{"id":157210,"date":"2024-07-25T21:31:46","date_gmt":"2024-07-26T04:31:46","guid":{"rendered":"https:\/\/glandine.com\/product\/dolce-gabbana-eleganter-grauer-rollkragenpullover-mit-lateinischem-motiv\/"},"modified":"2024-11-29T18:03:20","modified_gmt":"2024-11-29T17:03:20","slug":"dolce-gabbana-eleganter-grauer-rollkragenpullover-mit-lateinischem-motiv","status":"publish","type":"product","link":"https:\/\/tpmadalina42.supserv.cozmoslabs.com\/fi\/tuote-2\/dolce-gabbana-eleganter-grauer-rollkragenpullover-mit-lateinischem-motiv\/","title":{"rendered":"Dolce &amp; Gabbana Eleganter grauer Rollkragenpullover mit lateinischem Motiv"},"content":{"rendered":"<p>Entdecken Sie die Spitze des Winters Komfort und Stil mit diesem <strong>Dolce &amp; Gabbana Gray Turtleneck Pullover<\/strong>. Dieser 100% authentische Pullover ist nicht nur ein Statement, sondern auch eine kuschelige Erg\u00e4nzung Ihrer Garderobe mit einem komplizierten lateinischen Aufdruck. Perfekt f\u00fcr alle, die eine Mischung aus modischem Design und Funktionalit\u00e4t sch\u00e4tzen. Stolz in Italien hergestellt, garantiert er Qualit\u00e4t und Luxus.<\/p>\n<ul>\n<li>Material: 80% Baumwolle 20% Polyester<\/li>\n<li>V\u00e4ri: Harmaa<\/li>\n<li>Alkuper\u00e4maa: IT<\/li>\n<li>Logon yksityiskohdat<\/li>\n<\/ul>","protected":false},"excerpt":{"rendered":"<p>Entdecken Sie die Spitze des Winters Komfort und Stil mit diesem Dolce &amp; Gabbana Gray Turtleneck Pullover. Dieser 100% authentische Pullover ist nicht nur ein Statement, sondern auch eine kuschelige Erg\u00e4nzung Ihrer Garderobe mit einem komplizierten lateinischen Aufdruck. Perfekt f\u00fcr alle, die eine Mischung aus modischem Design und Funktionalit\u00e4t sch\u00e4tzen. Stolz in Italien hergestellt, garantiert [&hellip;]<\/p>","protected":false},"featured_media":157205,"template":"","meta":[],"product_brand":[1620],"product_cat":[1633,1623],"product_tag":[],"class_list":{"0":"post-157210","1":"product","2":"type-product","3":"status-publish","4":"has-post-thumbnail","6":"product_brand-dolce-gabbana","7":"product_cat-maenner-kleidung","8":"product_cat-kleidung","10":"first","11":"instock","12":"sale","13":"taxable","14":"shipping-taxable","15":"purchasable","16":"product-type-variable"},"_links":{"self":[{"href":"https:\/\/tpmadalina42.supserv.cozmoslabs.com\/fi\/wp-json\/wp\/v2\/product\/157210","targetHints":{"allow":["GET"]}}],"collection":[{"href":"https:\/\/tpmadalina42.supserv.cozmoslabs.com\/fi\/wp-json\/wp\/v2\/product"}],"about":[{"href":"https:\/\/tpmadalina42.supserv.cozmoslabs.com\/fi\/wp-json\/wp\/v2\/types\/product"}],"wp:featuredmedia":[{"embeddable":true,"href":"https:\/\/tpmadalina42.supserv.cozmoslabs.com\/fi\/wp-json\/wp\/v2\/media\/157205"}],"wp:attachment":[{"href":"https:\/\/tpmadalina42.supserv.cozmoslabs.com\/fi\/wp-json\/wp\/v2\/media?parent=157210"}],"wp:term":[{"taxonomy":"product_brand","embeddable":true,"href":"https:\/\/tpmadalina42.supserv.cozmoslabs.com\/fi\/wp-json\/wp\/v2\/product_brand?post=157210"},{"taxonomy":"product_cat","embeddable":true,"href":"https:\/\/tpmadalina42.supserv.cozmoslabs.com\/fi\/wp-json\/wp\/v2\/product_cat?post=157210"},{"taxonomy":"product_tag","embeddable":true,"href":"https:\/\/tpmadalina42.supserv.cozmoslabs.com\/fi\/wp-json\/wp\/v2\/product_tag?post=157210"}],"curies":[{"name":"wp","href":"https:\/\/api.w.org\/{rel}","templated":true}]}}