{"id":157227,"date":"2024-07-25T21:32:48","date_gmt":"2024-07-26T04:32:48","guid":{"rendered":"https:\/\/glandine.com\/product\/guess-schickes-braunes-baumwoll-stretch-t-shirt\/"},"modified":"2024-11-29T18:03:40","modified_gmt":"2024-11-29T17:03:40","slug":"guess-schickes-braunes-baumwoll-stretch-t-shirt","status":"publish","type":"product","link":"https:\/\/tpmadalina42.supserv.cozmoslabs.com\/fi\/tuote-2\/guess-schickes-braunes-baumwoll-stretch-t-shirt\/","title":{"rendered":"Guess Tyylik\u00e4s ruskea puuvilla joustava t-paita"},"content":{"rendered":"<p>Nauti t\u00e4m\u00e4n ruskean puuvillaisen joustavan Guess-t-paidan rennosta eleganssista, joka on t\u00e4ydellinen lis\u00e4\u00e4m\u00e4\u00e4n ripauksen hienostuneisuutta jokap\u00e4iv\u00e4iseen vaatekaappiisi. T\u00e4m\u00e4 t-paita on valmistettu 95% puuvillan ja 5% elastaanin sekoituksesta, ja se tarjoaa sek\u00e4 mukavuuden ett\u00e4 imartelevan istuvuuden. Hienovaraiset logoyksityiskohdat, py\u00f6re\u00e4 p\u00e4\u00e4ntie ja lyhyet hihat, t\u00e4m\u00e4 tyylik\u00e4s, normaali istuvuus on olennainen lis\u00e4 vaatekaappiisi. Nauti italialaisen k\u00e4sity\u00f6n ylellisyydest\u00e4 joka kerta, kun k\u00e4yt\u00e4t sit\u00e4.<\/p>\n<ul>\n<li>V\u00e4ri: Ruskea<\/li>\n<li>Materiaali: 95% puuvilla 5% elastaani<\/li>\n<li>Istuvuus: Normaali istuvuus<\/li>\n<li>Alkuper\u00e4maa: Italia<\/li>\n<li>Logon yksityiskohdat<\/li>\n<\/ul>","protected":false},"excerpt":{"rendered":"<p>Genie\u00dfen Sie die l\u00e4ssige Eleganz dieses braunen Baumwoll-Stretch-T-Shirts von Guess, das sich perfekt eignet, um Ihrer Alltagsgarderobe einen Hauch von Raffinesse zu verleihen. Gefertigt aus einer Mischung aus 95% Baumwolle und 5% Elastan, bietet dieses T-Shirt sowohl Komfort als auch eine schmeichelhafte Passform. Mit dezenten Logodetails, einem Rundhalsausschnitt und kurzen \u00c4rmeln ist dieses geschmackvolle St\u00fcck [&hellip;]<\/p>","protected":false},"featured_media":157222,"template":"","meta":[],"product_brand":[2084],"product_cat":[1633,1623,1710],"product_tag":[],"class_list":{"0":"post-157227","1":"product","2":"type-product","3":"status-publish","4":"has-post-thumbnail","6":"product_brand-guess","7":"product_cat-maenner-kleidung","8":"product_cat-kleidung","9":"product_cat-t-shirts","11":"first","12":"instock","13":"sale","14":"taxable","15":"shipping-taxable","16":"purchasable","17":"product-type-variable"},"_links":{"self":[{"href":"https:\/\/tpmadalina42.supserv.cozmoslabs.com\/fi\/wp-json\/wp\/v2\/product\/157227","targetHints":{"allow":["GET"]}}],"collection":[{"href":"https:\/\/tpmadalina42.supserv.cozmoslabs.com\/fi\/wp-json\/wp\/v2\/product"}],"about":[{"href":"https:\/\/tpmadalina42.supserv.cozmoslabs.com\/fi\/wp-json\/wp\/v2\/types\/product"}],"wp:featuredmedia":[{"embeddable":true,"href":"https:\/\/tpmadalina42.supserv.cozmoslabs.com\/fi\/wp-json\/wp\/v2\/media\/157222"}],"wp:attachment":[{"href":"https:\/\/tpmadalina42.supserv.cozmoslabs.com\/fi\/wp-json\/wp\/v2\/media?parent=157227"}],"wp:term":[{"taxonomy":"product_brand","embeddable":true,"href":"https:\/\/tpmadalina42.supserv.cozmoslabs.com\/fi\/wp-json\/wp\/v2\/product_brand?post=157227"},{"taxonomy":"product_cat","embeddable":true,"href":"https:\/\/tpmadalina42.supserv.cozmoslabs.com\/fi\/wp-json\/wp\/v2\/product_cat?post=157227"},{"taxonomy":"product_tag","embeddable":true,"href":"https:\/\/tpmadalina42.supserv.cozmoslabs.com\/fi\/wp-json\/wp\/v2\/product_tag?post=157227"}],"curies":[{"name":"wp","href":"https:\/\/api.w.org\/{rel}","templated":true}]}}