{"id":157246,"date":"2024-07-25T21:33:51","date_gmt":"2024-07-26T04:33:51","guid":{"rendered":"https:\/\/glandine.com\/product\/guess-strahlend-rotes-baumwoll-stretch-t-shirt\/"},"modified":"2024-11-29T18:03:57","modified_gmt":"2024-11-29T17:03:57","slug":"guess-strahlend-rotes-baumwoll-stretch-t-shirt","status":"publish","type":"product","link":"https:\/\/tpmadalina42.supserv.cozmoslabs.com\/fi\/tuote-2\/guess-strahlend-rotes-baumwoll-stretch-t-shirt\/","title":{"rendered":"Guess Kirkkaan punainen joustava puuvillainen t-paita"},"content":{"rendered":"<p>Verleihen Sie Ihrer Garderobe einen Farbtupfer mit diesem umwerfenden Red Cotton Stretch T-Shirt von Guess. Mit seinem klassischen Rundhalsausschnitt und den kurzen \u00c4rmeln ist dieses Oberteil der Inbegriff von l\u00e4ssigem Schick. Die normale Passform sorgt f\u00fcr Komfort, w\u00e4hrend das markante Guess-Logo einen Hauch von Luxus verleiht. Perfekt f\u00fcr jede Gelegenheit und ein unverzichtbares Teil f\u00fcr alle, die Qualit\u00e4t und Stil sch\u00e4tzen.<\/p>\n<ul>\n<li>Marke: Guess<\/li>\n<li>V\u00e4ri: punainen<\/li>\n<li>Materiaali: 100% puuvilla<\/li>\n<li>Passform: Regul\u00e4re Passform<\/li>\n<li>Alkuper\u00e4maa: Italia<\/li>\n<li>Logon yksityiskohdat<\/li>\n<\/ul>","protected":false},"excerpt":{"rendered":"<p>Verleihen Sie Ihrer Garderobe einen Farbtupfer mit diesem umwerfenden Red Cotton Stretch T-Shirt von Guess. Mit seinem klassischen Rundhalsausschnitt und den kurzen \u00c4rmeln ist dieses Oberteil der Inbegriff von l\u00e4ssigem Schick. Die normale Passform sorgt f\u00fcr Komfort, w\u00e4hrend das markante Guess-Logo einen Hauch von Luxus verleiht. Perfekt f\u00fcr jede Gelegenheit und ein unverzichtbares Teil f\u00fcr [&hellip;]<\/p>","protected":false},"featured_media":157241,"template":"","meta":[],"product_brand":[2084],"product_cat":[1633,1623,1710],"product_tag":[],"class_list":{"0":"post-157246","1":"product","2":"type-product","3":"status-publish","4":"has-post-thumbnail","6":"product_brand-guess","7":"product_cat-maenner-kleidung","8":"product_cat-kleidung","9":"product_cat-t-shirts","11":"first","12":"instock","13":"sale","14":"taxable","15":"shipping-taxable","16":"purchasable","17":"product-type-variable"},"_links":{"self":[{"href":"https:\/\/tpmadalina42.supserv.cozmoslabs.com\/fi\/wp-json\/wp\/v2\/product\/157246","targetHints":{"allow":["GET"]}}],"collection":[{"href":"https:\/\/tpmadalina42.supserv.cozmoslabs.com\/fi\/wp-json\/wp\/v2\/product"}],"about":[{"href":"https:\/\/tpmadalina42.supserv.cozmoslabs.com\/fi\/wp-json\/wp\/v2\/types\/product"}],"wp:featuredmedia":[{"embeddable":true,"href":"https:\/\/tpmadalina42.supserv.cozmoslabs.com\/fi\/wp-json\/wp\/v2\/media\/157241"}],"wp:attachment":[{"href":"https:\/\/tpmadalina42.supserv.cozmoslabs.com\/fi\/wp-json\/wp\/v2\/media?parent=157246"}],"wp:term":[{"taxonomy":"product_brand","embeddable":true,"href":"https:\/\/tpmadalina42.supserv.cozmoslabs.com\/fi\/wp-json\/wp\/v2\/product_brand?post=157246"},{"taxonomy":"product_cat","embeddable":true,"href":"https:\/\/tpmadalina42.supserv.cozmoslabs.com\/fi\/wp-json\/wp\/v2\/product_cat?post=157246"},{"taxonomy":"product_tag","embeddable":true,"href":"https:\/\/tpmadalina42.supserv.cozmoslabs.com\/fi\/wp-json\/wp\/v2\/product_tag?post=157246"}],"curies":[{"name":"wp","href":"https:\/\/api.w.org\/{rel}","templated":true}]}}