{"id":157398,"date":"2024-07-25T21:42:13","date_gmt":"2024-07-26T04:42:13","guid":{"rendered":"https:\/\/glandine.com\/product\/dolce-gabbana-elegantes-gepunktetes-kleid-aus-seiden-charmeuse\/"},"modified":"2024-11-29T18:08:33","modified_gmt":"2024-11-29T17:08:33","slug":"dolce-gabbana-elegantes-gepunktetes-kleid-aus-seiden-charmeuse","status":"publish","type":"product","link":"https:\/\/tpmadalina42.supserv.cozmoslabs.com\/fi\/tuote-2\/dolce-gabbana-elegantes-gepunktetes-kleid-aus-seiden-charmeuse\/","title":{"rendered":"Dolce &amp; Gabbana Elegantes gepunktetes Kleid aus Seiden-Charmeuse"},"content":{"rendered":"<p>Zeitlose Eleganz mit diesem atemberaubenden Kleid aus Stretch-Seiden-Charmeuse von Dolce &amp; Gabbana. Das klassische schwarz-wei\u00dfe Tupfenmuster verspr\u00fcht Vintage-Charme, w\u00e4hrend der figurschmeichelnde tiefe V-Ausschnitt und das verspielte Mini-R\u00fcschendetail an der Seite einen Hauch von moderner Weiblichkeit verleihen. Das Kleid ist aus einem luxuri\u00f6sen Seidenmischgewebe gefertigt und bietet eine tadellose Mischung aus Komfort und Stil, was es perfekt f\u00fcr jeden gehobenen Anlass macht. Das in Italien gefertigte Kleid zeichnet sich durch die ber\u00fchmte Liebe zum Detail aus, einschlie\u00dflich des diskreten Rei\u00dfverschlusses am R\u00fccken, der f\u00fcr eine nahtlose Passform sorgt.<\/p>\n<ul>\n<li>V\u00e4ri: Musta valkoisilla pilkuilla<\/li>\n<li>Material: 91% Seide, 9% Elastan<\/li>\n<li>Alkuper\u00e4maa: Valmistettu Italiassa<\/li>\n<li>Design: Charmeuse, Minikleid mit tiefem V-Ausschnitt und R\u00fcschendetail<\/li>\n<li>Verschluss: Verdeckter Rei\u00dfverschluss auf der R\u00fcckseite<\/li>\n<\/ul>","protected":false},"excerpt":{"rendered":"<p>Zeitlose Eleganz mit diesem atemberaubenden Kleid aus Stretch-Seiden-Charmeuse von Dolce &amp; Gabbana. Das klassische schwarz-wei\u00dfe Tupfenmuster verspr\u00fcht Vintage-Charme, w\u00e4hrend der figurschmeichelnde tiefe V-Ausschnitt und das verspielte Mini-R\u00fcschendetail an der Seite einen Hauch von moderner Weiblichkeit verleihen. Das Kleid ist aus einem luxuri\u00f6sen Seidenmischgewebe gefertigt und bietet eine tadellose Mischung aus Komfort und Stil, was es [&hellip;]<\/p>","protected":false},"featured_media":157395,"template":"","meta":[],"product_brand":[1620],"product_cat":[1637,1659,1623],"product_tag":[],"class_list":{"0":"post-157398","1":"product","2":"type-product","3":"status-publish","4":"has-post-thumbnail","6":"product_brand-dolce-gabbana","7":"product_cat-frauen-kleidung","8":"product_cat-kleider","9":"product_cat-kleidung","11":"first","12":"instock","13":"sale","14":"taxable","15":"shipping-taxable","16":"purchasable","17":"product-type-variable"},"_links":{"self":[{"href":"https:\/\/tpmadalina42.supserv.cozmoslabs.com\/fi\/wp-json\/wp\/v2\/product\/157398","targetHints":{"allow":["GET"]}}],"collection":[{"href":"https:\/\/tpmadalina42.supserv.cozmoslabs.com\/fi\/wp-json\/wp\/v2\/product"}],"about":[{"href":"https:\/\/tpmadalina42.supserv.cozmoslabs.com\/fi\/wp-json\/wp\/v2\/types\/product"}],"wp:featuredmedia":[{"embeddable":true,"href":"https:\/\/tpmadalina42.supserv.cozmoslabs.com\/fi\/wp-json\/wp\/v2\/media\/157395"}],"wp:attachment":[{"href":"https:\/\/tpmadalina42.supserv.cozmoslabs.com\/fi\/wp-json\/wp\/v2\/media?parent=157398"}],"wp:term":[{"taxonomy":"product_brand","embeddable":true,"href":"https:\/\/tpmadalina42.supserv.cozmoslabs.com\/fi\/wp-json\/wp\/v2\/product_brand?post=157398"},{"taxonomy":"product_cat","embeddable":true,"href":"https:\/\/tpmadalina42.supserv.cozmoslabs.com\/fi\/wp-json\/wp\/v2\/product_cat?post=157398"},{"taxonomy":"product_tag","embeddable":true,"href":"https:\/\/tpmadalina42.supserv.cozmoslabs.com\/fi\/wp-json\/wp\/v2\/product_tag?post=157398"}],"curies":[{"name":"wp","href":"https:\/\/api.w.org\/{rel}","templated":true}]}}