{"id":157444,"date":"2024-07-25T21:44:58","date_gmt":"2024-07-26T04:44:58","guid":{"rendered":"https:\/\/glandine.com\/product\/dolce-gabbana-elegante-kaschmirstrickjacke-mit-kaninchenfellkragen\/"},"modified":"2024-11-29T18:09:27","modified_gmt":"2024-11-29T17:09:27","slug":"dolce-gabbana-elegante-kaschmirstrickjacke-mit-kaninchenfellkragen","status":"publish","type":"product","link":"https:\/\/tpmadalina42.supserv.cozmoslabs.com\/fi\/tuote-2\/dolce-gabbana-elegante-kaschmirstrickjacke-mit-kaninchenfellkragen\/","title":{"rendered":"Dolce &amp; Gabbana Elegantti kashmirneuletakki, jossa on j\u00e4niksen turkiskaulus."},"content":{"rendered":"<p>Genie\u00dfen Sie die Opulenz dieser grauen Strickjacke <strong>Kirjailija: Dolce &amp; Gabbana<\/strong>, die aus weichstem Kaschmir f\u00fcr unvergleichlichen Komfort gefertigt wurde. Als Zeugnis exquisiter italienischer Handwerkskunst verf\u00fcgt dieses Kleidungsst\u00fcck \u00fcber einen markanten braunen Kaninchenfellkragen, der dem klassischen Design einen Hauch von Luxus verleiht. Mit ihren Logodetails und der hochwertigen Verarbeitung verbindet diese Strickjacke Vielseitigkeit mit Eleganz. Perfekt f\u00fcr die \u00dcbergangsjahreszeiten, verk\u00f6rpert dieses St\u00fcck Raffinesse und zeitlosen Stil.<\/p>\n<ul>\n<li>Farbe: Grau mit braunem Kaninchenfell<\/li>\n<li>Material: 100% Kaschmir, Fell: 50% Kaninchenfell, 50% Seide<\/li>\n<li>Alkuper\u00e4maa: Italia<\/li>\n<li>Modell: Langarm Trenchcoat Jacke<\/li>\n<li>Zwei Au\u00dfentaschen<\/li>\n<li>Eritt\u00e4in eksklusiivinen ja korkea ammattitaito<\/li>\n<\/ul>","protected":false},"excerpt":{"rendered":"<p>Genie\u00dfen Sie die Opulenz dieser grauen Strickjacke von Dolce &amp; Gabbana, die aus weichstem Kaschmir f\u00fcr unvergleichlichen Komfort gefertigt wurde. Als Zeugnis exquisiter italienischer Handwerkskunst verf\u00fcgt dieses Kleidungsst\u00fcck \u00fcber einen markanten braunen Kaninchenfellkragen, der dem klassischen Design einen Hauch von Luxus verleiht. Mit ihren Logodetails und der hochwertigen Verarbeitung verbindet diese Strickjacke Vielseitigkeit mit Eleganz. [&hellip;]<\/p>","protected":false},"featured_media":157440,"template":"","meta":[],"product_brand":[1620],"product_cat":[1637,1670,1623],"product_tag":[],"class_list":{"0":"post-157444","1":"product","2":"type-product","3":"status-publish","4":"has-post-thumbnail","6":"product_brand-dolce-gabbana","7":"product_cat-frauen-kleidung","8":"product_cat-jacken-maentel","9":"product_cat-kleidung","11":"first","12":"instock","13":"sale","14":"taxable","15":"shipping-taxable","16":"purchasable","17":"product-type-variable"},"_links":{"self":[{"href":"https:\/\/tpmadalina42.supserv.cozmoslabs.com\/fi\/wp-json\/wp\/v2\/product\/157444","targetHints":{"allow":["GET"]}}],"collection":[{"href":"https:\/\/tpmadalina42.supserv.cozmoslabs.com\/fi\/wp-json\/wp\/v2\/product"}],"about":[{"href":"https:\/\/tpmadalina42.supserv.cozmoslabs.com\/fi\/wp-json\/wp\/v2\/types\/product"}],"wp:featuredmedia":[{"embeddable":true,"href":"https:\/\/tpmadalina42.supserv.cozmoslabs.com\/fi\/wp-json\/wp\/v2\/media\/157440"}],"wp:attachment":[{"href":"https:\/\/tpmadalina42.supserv.cozmoslabs.com\/fi\/wp-json\/wp\/v2\/media?parent=157444"}],"wp:term":[{"taxonomy":"product_brand","embeddable":true,"href":"https:\/\/tpmadalina42.supserv.cozmoslabs.com\/fi\/wp-json\/wp\/v2\/product_brand?post=157444"},{"taxonomy":"product_cat","embeddable":true,"href":"https:\/\/tpmadalina42.supserv.cozmoslabs.com\/fi\/wp-json\/wp\/v2\/product_cat?post=157444"},{"taxonomy":"product_tag","embeddable":true,"href":"https:\/\/tpmadalina42.supserv.cozmoslabs.com\/fi\/wp-json\/wp\/v2\/product_tag?post=157444"}],"curies":[{"name":"wp","href":"https:\/\/api.w.org\/{rel}","templated":true}]}}